{"id":637200,"date":"2025-10-07T09:42:30","date_gmt":"2025-10-07T07:42:30","guid":{"rendered":"https:\/\/lucacastelli.com\/prodotto\/ortovox-peak-beanie\/"},"modified":"2025-10-27T08:12:35","modified_gmt":"2025-10-27T07:12:35","slug":"ortovox-peak-beanie","status":"publish","type":"product","link":"https:\/\/lucacastelli.com\/fr\/produit\/ortovox-peak-beanie\/","title":{"rendered":"ORTOVOX PEAK BEANIE"},"content":{"rendered":"<h2 id=\"toc-entry-target-1\" class=\"js-toc__title pds__detail-headline\" tabindex=\"-1\">LA MEILLEURE PROTECTION POUR LA T\u00caTE<\/h2>\n<h3>Bonnet sportif en laine m\u00e9rinos pour de multiples utilisations en montagne<\/h3>\n<p>&nbsp;<\/p>\n<p>Garder la t\u00eate au chaud malgr\u00e9 les efforts intenses et les temp\u00e9ratures glaciales : le PEAK BEANIE sera votre compagnon id\u00e9al et durable en montagne. \u00c0 l&#8217;ext\u00e9rieur, la laine m\u00e9rinos se distingue par ses propri\u00e9t\u00e9s de r\u00e9gulation de la temp\u00e9rature et de l&#8217;humidit\u00e9, tandis que la doublure douce dans le bandeau en laine m\u00e9rinos de haute qualit\u00e9 et en fibres Tencel vous prot\u00e9gera du vent et du froid.<\/p>\n<p>Le bonnet ajust\u00e9 PEAK BEANIE repr\u00e9sente donc la protection thermique id\u00e9ale pour la t\u00eate, en particulier lors des randonn\u00e9es de ski de randonn\u00e9e ou de freeride.<\/p>\n<p>EXT\u00c9RIEUR : 100 % laine vierge, INT\u00c9RIEUR : 47 % laine vierge (M\u00c9RINOS) + 47 % modal + 6 % polyamide<\/p>\n","protected":false},"excerpt":{"rendered":"<p>LA MEILLEURE PROTECTION POUR LA T\u00caTE Bonnet sportif en laine m\u00e9rinos pour de multiples utilisations en montagne &nbsp; Garder la<\/p>\n","protected":false},"featured_media":634536,"template":"","meta":{"_seopress_robots_primary_cat":"none","_seopress_titles_title":"","_seopress_titles_desc":"","_seopress_robots_index":""},"product_brand":[3664],"product_cat":[1390,81],"product_tag":[],"class_list":{"0":"post-637200","1":"product","2":"type-product","3":"status-publish","4":"has-post-thumbnail","6":"product_brand-ortovox-fr","7":"product_cat-accessoires-dhabillement","8":"product_cat-vetements","9":"sws-gruppo-abb-libero-fr","10":"sws-conto-ricavi-merci-rivendita-abbigliamento-fr","11":"sws-gruppo-iva-iva81-fr","13":"first","14":"instock","15":"shipping-taxable","16":"purchasable","17":"product-type-variable","18":"has-default-attributes"},"_links":{"self":[{"href":"https:\/\/lucacastelli.com\/fr\/wp-json\/wp\/v2\/product\/637200","targetHints":{"allow":["GET"]}}],"collection":[{"href":"https:\/\/lucacastelli.com\/fr\/wp-json\/wp\/v2\/product"}],"about":[{"href":"https:\/\/lucacastelli.com\/fr\/wp-json\/wp\/v2\/types\/product"}],"wp:featuredmedia":[{"embeddable":true,"href":"https:\/\/lucacastelli.com\/fr\/wp-json\/wp\/v2\/media\/634536"}],"wp:attachment":[{"href":"https:\/\/lucacastelli.com\/fr\/wp-json\/wp\/v2\/media?parent=637200"}],"wp:term":[{"taxonomy":"product_brand","embeddable":true,"href":"https:\/\/lucacastelli.com\/fr\/wp-json\/wp\/v2\/product_brand?post=637200"},{"taxonomy":"product_cat","embeddable":true,"href":"https:\/\/lucacastelli.com\/fr\/wp-json\/wp\/v2\/product_cat?post=637200"},{"taxonomy":"product_tag","embeddable":true,"href":"https:\/\/lucacastelli.com\/fr\/wp-json\/wp\/v2\/product_tag?post=637200"}],"curies":[{"name":"wp","href":"https:\/\/api.w.org\/{rel}","templated":true}]}}