{"id":637189,"date":"2025-10-07T09:51:25","date_gmt":"2025-10-07T07:51:25","guid":{"rendered":"https:\/\/lucacastelli.com\/prodotto\/ortovox-pro-beanie\/"},"modified":"2026-03-07T22:36:18","modified_gmt":"2026-03-07T21:36:18","slug":"ortovox-pro-beanie","status":"publish","type":"product","link":"https:\/\/lucacastelli.com\/fr\/produit\/ortovox-pro-beanie\/","title":{"rendered":"ORTOVOX PRO BEANIE"},"content":{"rendered":"<h2 id=\"toc-entry-target-1\" class=\"js-toc__title pds__detail-headline\" tabindex=\"-1\">CHALEUR \u00c0 PORT\u00c9E DE MAIN<\/h2>\n<h3>Bonnet en laine m\u00e9rinos chaude et douce pour les journ\u00e9es froides en montagne<\/h3>\n<p>Chaud et compact, le bonnet d&#8217;\u00e9paisseur moyenne PRO BEANIE est parfait \u00e0 emporter lors de vos sorties de ski de randonn\u00e9e, d&#8217;alpinisme ou de randonn\u00e9es en montagne car il retient la chaleur et r\u00e9gule la temp\u00e9rature de mani\u00e8re optimale. \u00c0 l&#8217;ext\u00e9rieur, il tient chaud gr\u00e2ce \u00e0 la laine m\u00e9rinos 100 % douce, tout en r\u00e9gulant la temp\u00e9rature et l&#8217;humidit\u00e9. Le rev\u00eatement int\u00e9rieur r\u00e9alis\u00e9 avec des fibres en Tencel\u2122 Modal est doux sur la peau et prot\u00e8ge efficacement du froid et du vent.  <\/p>\n<p>&nbsp;<\/p>\n<div id=\"pds__accordion-features-heading\" class=\"mb-4 mb-md-35\">\n<h3 class=\"pds__accordion-headline p-relative cursor-pointer p-0 m-0\"><span class=\"d-block p-0 accordion js-accordion-custom-toggle js-accordion-custom-toggle--hide-on-collapse\" tabindex=\"0\" role=\"button\" data-collapse=\"false\" data-target=\"#pds__accordion-features-wrapper\" data-multitarget-disabled-mobile=\"\" aria-expanded=\"true\" aria-controls=\"pds__accordion-features-wrapper\"><span class=\"d-flex justify-content-between align-items-center\"><span class=\"word-break-word\">Caract\u00e9ristiques<\/span><i class=\"accordion__icon pds__accordion-icon icon\"><\/i><\/span><\/span><\/h3>\n<\/div>\n<div class=\"pds__accordion-wrapper\">\n<div id=\"pds__accordion-features-wrapper\" class=\"pds__accordion-features-multi-target collapse show\" data-partial-multi-target=\"true\" data-parent=\"#pds__accordion-features\">\n<div class=\"pb-4\">\n<div class=\"overflow-hidden\">\n<div class=\"wysiwyg\">\n<ul>\n<li>Taille 50-56 cm<\/li>\n<\/ul>\n<p>EXT\u00c9RIEUR : 100 % laine vierge (OWP-M\u00e9rinos) INT\u00c9RIEUR : 68 % polyester + 24 % laine (OWP-M\u00e9rinos) + 8 % polyamide<\/p>\n<\/div>\n<\/div>\n<\/div>\n<\/div>\n<\/div>\n","protected":false},"excerpt":{"rendered":"<p>CHALEUR \u00c0 PORT\u00c9E DE MAIN Bonnet en laine m\u00e9rinos chaude et douce pour les journ\u00e9es froides en montagne Chaud et<\/p>\n","protected":false},"featured_media":634541,"template":"","meta":{"_seopress_robots_primary_cat":"none","_seopress_titles_title":"","_seopress_titles_desc":"","_seopress_robots_index":""},"product_brand":[3664],"product_cat":[1390,81],"product_tag":[],"class_list":{"0":"post-637189","1":"product","2":"type-product","3":"status-publish","4":"has-post-thumbnail","6":"product_brand-ortovox-fr","7":"product_cat-accessoires-dhabillement","8":"product_cat-vetements","9":"sws-gruppo-abb-libero-fr","10":"sws-conto-ricavi-merci-rivendita-abbigliamento-fr","11":"sws-gruppo-iva-iva81-fr","13":"first","14":"instock","15":"shipping-taxable","16":"purchasable","17":"product-type-variable","18":"has-default-attributes"},"_links":{"self":[{"href":"https:\/\/lucacastelli.com\/fr\/wp-json\/wp\/v2\/product\/637189","targetHints":{"allow":["GET"]}}],"collection":[{"href":"https:\/\/lucacastelli.com\/fr\/wp-json\/wp\/v2\/product"}],"about":[{"href":"https:\/\/lucacastelli.com\/fr\/wp-json\/wp\/v2\/types\/product"}],"wp:featuredmedia":[{"embeddable":true,"href":"https:\/\/lucacastelli.com\/fr\/wp-json\/wp\/v2\/media\/634541"}],"wp:attachment":[{"href":"https:\/\/lucacastelli.com\/fr\/wp-json\/wp\/v2\/media?parent=637189"}],"wp:term":[{"taxonomy":"product_brand","embeddable":true,"href":"https:\/\/lucacastelli.com\/fr\/wp-json\/wp\/v2\/product_brand?post=637189"},{"taxonomy":"product_cat","embeddable":true,"href":"https:\/\/lucacastelli.com\/fr\/wp-json\/wp\/v2\/product_cat?post=637189"},{"taxonomy":"product_tag","embeddable":true,"href":"https:\/\/lucacastelli.com\/fr\/wp-json\/wp\/v2\/product_tag?post=637189"}],"curies":[{"name":"wp","href":"https:\/\/api.w.org\/{rel}","templated":true}]}}