{"id":637170,"date":"2025-10-07T10:08:23","date_gmt":"2025-10-07T08:08:23","guid":{"rendered":"https:\/\/lucacastelli.com\/prodotto\/ortovox-185-rocknwool-glove-liner\/"},"modified":"2025-10-27T08:12:12","modified_gmt":"2025-10-27T07:12:12","slug":"ortovox-185-rocknwool-glove-liner","status":"publish","type":"product","link":"https:\/\/lucacastelli.com\/fr\/produit\/ortovox-185-rocknwool-glove-liner\/","title":{"rendered":"ORTOVOX 185 ROCK&#8217;N&#8217;WOOL GLOVE LINER"},"content":{"rendered":"<h2 id=\"toc-entry-target-1\" class=\"js-toc__title pds__detail-headline\" tabindex=\"-1\">Mains chaudes par temps froid<\/h2>\n<h3>Sous-gant fin en laine m\u00e9rinos pour une couche isolante suppl\u00e9mentaire<\/h3>\n<p>Lorsqu&#8217;il fait encore tr\u00e8s froid le matin ou qu&#8217;un vent glacial souffle au sommet, le 185 ROCK&#8217;n&#8217;WOOL GLOVE LINER fournit une couche isolante suppl\u00e9mentaire sous les gants pour garder les doigts au chaud lors des randonn\u00e9es en haute altitude et au ski.<\/p>\n<p>Ce sous-gant fin est fabriqu\u00e9 \u00e0 100 % en laine m\u00e9rinos de 19 microns, qui est douce sur la peau et garantit une temp\u00e9rature confortable. Vous pourrez \u00e9galement prendre des photos au sommet, car gr\u00e2ce \u00e0 la fonction E-Touch sur l&#8217;index, vous pourrez facilement utiliser votre smartphone m\u00eame avec les gants. <\/p>\n<p>Le sous-gant 185 ROCK&#8217;n&#8217;WOOL GLOVE LINER produit \u00e0 impact climatique z\u00e9ro ne peut pas manquer dans votre sac \u00e0 dos : il est compact, l\u00e9ger et particuli\u00e8rement efficace contre le froid.<\/p>\n<p>&nbsp;<\/p>\n<div id=\"pds__accordion-features-heading\" class=\"mb-4 mb-md-35\">\n<h3 class=\"pds__accordion-headline p-relative cursor-pointer p-0 m-0\"><span class=\"d-block p-0 accordion js-accordion-custom-toggle js-accordion-custom-toggle--hide-on-collapse\" tabindex=\"0\" role=\"button\" data-collapse=\"false\" data-target=\"#pds__accordion-features-wrapper\" data-multitarget-disabled-mobile=\"\" aria-expanded=\"true\" aria-controls=\"pds__accordion-features-wrapper\"><span class=\"d-flex justify-content-between align-items-center\"><span class=\"word-break-word\">Caract\u00e9ristiques<\/span><i class=\"accordion__icon pds__accordion-icon icon\"><\/i><\/span><\/span><\/h3>\n<\/div>\n<div class=\"pds__accordion-wrapper\">\n<div id=\"pds__accordion-features-wrapper\" class=\"pds__accordion-features-multi-target collapse show\" data-partial-multi-target=\"true\" data-parent=\"#pds__accordion-features\">\n<div class=\"pb-4\">\n<div class=\"overflow-hidden\">\n<div class=\"wysiwyg\">\n<ul>\n<li>100 % laine vierge (OWP-MERINO)<\/li>\n<li>Smart-Finger (utilisable avec les \u00e9crans tactiles)<\/li>\n<li>Sous-gant isolant<\/li>\n<\/ul>\n<\/div>\n<div id=\"pds__accordion-material-properties-heading\" class=\"mb-4 mb-md-35\">\n<h3 class=\"pds__accordion-headline p-relative cursor-pointer p-0 m-0\"><span class=\"d-block p-0 accordion js-accordion-custom-toggle js-accordion-custom-toggle--hide-on-collapse\" tabindex=\"0\" role=\"button\" data-collapse=\"false\" data-target=\"#pds__accordion-material-properties-wrapper\" data-multitarget-disabled-mobile=\"\" aria-expanded=\"true\" aria-controls=\"pds__accordion-material-properties-wrapper\"><span class=\"d-flex justify-content-between align-items-center\"><span class=\"word-break-word\">Caract\u00e9ristiques du mat\u00e9riau<\/span><i class=\"accordion__icon pds__accordion-icon icon\"><\/i><\/span><\/span><\/h3>\n<\/div>\n<div class=\"pds__accordion-wrapper\">\n<div id=\"pds__accordion-material-properties-wrapper\" class=\"pds__accordion-material-properties-multi-target collapse show\" data-partial-multi-target=\"true\" data-parent=\"#pds__accordion-material-properties\">\n<div class=\"pb-4\">\n<div class=\"overflow-hidden\">\n<div class=\"wysiwyg\">\n<ul>\n<li>LAINE M\u00c9RINOS SUR LA PEAU : mati\u00e8re premi\u00e8re renouvelable, production durable, r\u00e9gulation de l&#8217;humidit\u00e9 (r\u00e9chauffe m\u00eame lorsqu&#8217;elle est mouill\u00e9e).<\/li>\n<li>Laine m\u00e9rinos fine : 185 g\/m\u00b2<\/li>\n<li>Respirabilit\u00e9<\/li>\n<li>19 microns de diam\u00e8tre de fibre<\/li>\n<li>Confort qui n&#8217;irrite pas la peau<\/li>\n<\/ul>\n<p>100 % laine vierge (OWP-MERINO)<\/p>\n<\/div>\n<\/div>\n<\/div>\n<\/div>\n<\/div>\n<\/div>\n<\/div>\n<\/div>\n<\/div>\n","protected":false},"excerpt":{"rendered":"<p>Mains chaudes par temps froid Sous-gant fin en laine m\u00e9rinos pour une couche isolante suppl\u00e9mentaire Lorsqu&#8217;il fait encore tr\u00e8s froid<\/p>\n","protected":false},"featured_media":634551,"template":"","meta":{"_seopress_robots_primary_cat":"none","_seopress_titles_title":"","_seopress_titles_desc":"","_seopress_robots_index":""},"product_brand":[3664],"product_cat":[1390,81],"product_tag":[],"class_list":{"0":"post-637170","1":"product","2":"type-product","3":"status-publish","4":"has-post-thumbnail","6":"product_brand-ortovox-fr","7":"product_cat-accessoires-dhabillement","8":"product_cat-vetements","9":"sws-gruppo-abb-libero-fr","10":"sws-conto-ricavi-merci-rivendita-abbigliamento-fr","11":"sws-gruppo-iva-iva81-fr","13":"first","14":"instock","15":"shipping-taxable","16":"purchasable","17":"product-type-variable","18":"has-default-attributes"},"_links":{"self":[{"href":"https:\/\/lucacastelli.com\/fr\/wp-json\/wp\/v2\/product\/637170","targetHints":{"allow":["GET"]}}],"collection":[{"href":"https:\/\/lucacastelli.com\/fr\/wp-json\/wp\/v2\/product"}],"about":[{"href":"https:\/\/lucacastelli.com\/fr\/wp-json\/wp\/v2\/types\/product"}],"wp:featuredmedia":[{"embeddable":true,"href":"https:\/\/lucacastelli.com\/fr\/wp-json\/wp\/v2\/media\/634551"}],"wp:attachment":[{"href":"https:\/\/lucacastelli.com\/fr\/wp-json\/wp\/v2\/media?parent=637170"}],"wp:term":[{"taxonomy":"product_brand","embeddable":true,"href":"https:\/\/lucacastelli.com\/fr\/wp-json\/wp\/v2\/product_brand?post=637170"},{"taxonomy":"product_cat","embeddable":true,"href":"https:\/\/lucacastelli.com\/fr\/wp-json\/wp\/v2\/product_cat?post=637170"},{"taxonomy":"product_tag","embeddable":true,"href":"https:\/\/lucacastelli.com\/fr\/wp-json\/wp\/v2\/product_tag?post=637170"}],"curies":[{"name":"wp","href":"https:\/\/api.w.org\/{rel}","templated":true}]}}