{"id":637142,"date":"2025-10-07T11:03:22","date_gmt":"2025-10-07T09:03:22","guid":{"rendered":"https:\/\/lucacastelli.com\/prodotto\/carzy-all-mountain-mid-socks\/"},"modified":"2025-10-27T08:06:29","modified_gmt":"2025-10-27T07:06:29","slug":"carzy-all-mountain-mid-socks","status":"publish","type":"product","link":"https:\/\/lucacastelli.com\/fr\/produit\/carzy-all-mountain-mid-socks\/","title":{"rendered":"CARZY ALL MOUNTAIN MID SOCKS"},"content":{"rendered":"<h2 id=\"toc-entry-target-1\" class=\"js-toc__title pds__detail-headline\" tabindex=\"-1\">Chaleur et confort pour les pieds<\/h2>\n<h3>Chaussettes techniques et chaudes r\u00e9alis\u00e9es avec un m\u00e9lange de laine M\u00e9rinos pour un confort maximal<\/h3>\n<p>&nbsp;<\/p>\n<p>Lors de longues randonn\u00e9es en haute altitude, les robustes chaussettes ALL MOUNTAIN MID SOCKS ne craignent pas le froid et maintiennent les pieds agr\u00e9ablement au chaud.<\/p>\n<p>La laine M\u00e9rinos tr\u00e8s fine d&#8217;une \u00e9paisseur de 21,5 microns est agr\u00e9able sur la peau et rend les chaussettes \u00e9lastiques et stables. Les propri\u00e9t\u00e9s naturelles de la laine M\u00e9rinos se r\u00e9v\u00e8lent particuli\u00e8rement pr\u00e9cieuses lors de sorties de plusieurs jours avec nuit\u00e9es en refuge, car elle est capable de r\u00e9guler naturellement la temp\u00e9rature et l&#8217;humidit\u00e9, s\u00e8che rapidement et neutralise les odeurs d\u00e9sagr\u00e9ables. <\/p>\n<p>L&#8217;\u00e9lastique confortable, la coupe ergonomique et le soutien des chevilles et de la vo\u00fbte plantaire assurent un ajustement confortable, sans former de plis ni glisser, m\u00eame avec des chaussures de trekking ou d&#8217;alpinisme lourdes. Le rembourrage au talon et aux orteils rend la chaussette r\u00e9sistante et absorbe les petits chocs lors de la marche en mont\u00e9e et en descente. <\/p>\n<p>Enfin, le design moderne et gai rend les ALL MOUNTAIN MID SOCKS id\u00e9ales pour les longues randonn\u00e9es en montagne et en haute altitude pendant les journ\u00e9es froides.<\/p>\n<p>&nbsp;<\/p>\n<div id=\"pds__accordion-features-heading\" class=\"mb-4 mb-md-35\">\n<h3 class=\"pds__accordion-headline p-relative cursor-pointer p-0 m-0\"><span class=\"d-block p-0 accordion js-accordion-custom-toggle js-accordion-custom-toggle--hide-on-collapse\" tabindex=\"0\" role=\"button\" data-collapse=\"false\" data-target=\"#pds__accordion-features-wrapper\" data-multitarget-disabled-mobile=\"\" aria-expanded=\"true\" aria-controls=\"pds__accordion-features-wrapper\"><span class=\"d-flex justify-content-between align-items-center\"><span class=\"word-break-word\">Caract\u00e9ristiques<\/span><i class=\"accordion__icon pds__accordion-icon icon\"><\/i><\/span><\/span><\/h3>\n<\/div>\n<div class=\"pds__accordion-wrapper\">\n<div id=\"pds__accordion-features-wrapper\" class=\"pds__accordion-features-multi-target collapse show\" data-partial-multi-target=\"true\" data-parent=\"#pds__accordion-features\">\n<div class=\"pb-4\">\n<div class=\"overflow-hidden\">\n<div class=\"wysiwyg\">\n<ul>\n<li>Couture plate aux orteils<\/li>\n<li>Syst\u00e8me de maille \u00e0 360\u00b0<\/li>\n<li>Ajustement ergonomique optimis\u00e9 droite\/gauche<\/li>\n<li>Zone de stabilisation de la cheville<\/li>\n<li>Rembourrage au talon et aux orteils<\/li>\n<\/ul>\n<\/div>\n<p>42 % polyamide + 41 % laine vierge (M\u00c9RINOS) + 15 % polyamide (recycl\u00e9) + 2 % \u00e9lasthanne<\/p>\n<\/div>\n<\/div>\n<\/div>\n<\/div>\n","protected":false},"excerpt":{"rendered":"<p>Chaleur et confort pour les pieds Chaussettes techniques et chaudes r\u00e9alis\u00e9es avec un m\u00e9lange de laine M\u00e9rinos pour un confort<\/p>\n","protected":false},"featured_media":634576,"template":"","meta":{"_seopress_robots_primary_cat":"none","_seopress_titles_title":"","_seopress_titles_desc":"","_seopress_robots_index":""},"product_brand":[3664],"product_cat":[1390,1399,173,81],"product_tag":[],"class_list":{"0":"post-637142","1":"product","2":"type-product","3":"status-publish","4":"has-post-thumbnail","6":"product_brand-ortovox-fr","7":"product_cat-accessoires-dhabillement","8":"product_cat-accessoires-pour-chaussures","9":"product_cat-chaussures","10":"product_cat-vetements","11":"sws-gruppo-abb-libero-fr","12":"sws-conto-ricavi-merci-rivendita-abbigliamento-fr","13":"sws-gruppo-iva-iva81-fr","15":"first","16":"instock","17":"shipping-taxable","18":"purchasable","19":"product-type-variable"},"_links":{"self":[{"href":"https:\/\/lucacastelli.com\/fr\/wp-json\/wp\/v2\/product\/637142","targetHints":{"allow":["GET"]}}],"collection":[{"href":"https:\/\/lucacastelli.com\/fr\/wp-json\/wp\/v2\/product"}],"about":[{"href":"https:\/\/lucacastelli.com\/fr\/wp-json\/wp\/v2\/types\/product"}],"wp:featuredmedia":[{"embeddable":true,"href":"https:\/\/lucacastelli.com\/fr\/wp-json\/wp\/v2\/media\/634576"}],"wp:attachment":[{"href":"https:\/\/lucacastelli.com\/fr\/wp-json\/wp\/v2\/media?parent=637142"}],"wp:term":[{"taxonomy":"product_brand","embeddable":true,"href":"https:\/\/lucacastelli.com\/fr\/wp-json\/wp\/v2\/product_brand?post=637142"},{"taxonomy":"product_cat","embeddable":true,"href":"https:\/\/lucacastelli.com\/fr\/wp-json\/wp\/v2\/product_cat?post=637142"},{"taxonomy":"product_tag","embeddable":true,"href":"https:\/\/lucacastelli.com\/fr\/wp-json\/wp\/v2\/product_tag?post=637142"}],"curies":[{"name":"wp","href":"https:\/\/api.w.org\/{rel}","templated":true}]}}