{"id":637134,"date":"2025-10-07T12:07:19","date_gmt":"2025-10-07T10:07:19","guid":{"rendered":"https:\/\/lucacastelli.com\/prodotto\/felco-611\/"},"modified":"2025-10-07T12:07:19","modified_gmt":"2025-10-07T10:07:19","slug":"felco-611","status":"publish","type":"product","link":"https:\/\/lucacastelli.com\/fr\/produit\/felco-611\/","title":{"rendered":"FELCO 611"},"content":{"rendered":"<p>La scie \u00e0 coupe tirante pour \u00e9lagage FELCO 611 offre une action de coupe rapide et pr\u00e9cise qui coupe le bois sans se bloquer. La forme droite et la lame plus longue de 33 cm vous permettent d&#8217;atteindre n&#8217;importe quelle branche. <\/p>\n<p>&nbsp;<\/p>\n<p>Pratique, coh\u00e9rente, efficace&#8230; trois descriptions qui s&#8217;appliquent facilement \u00e0 la scie d&#8217;\u00e9lagage \u00e0 faible friction et effil\u00e9e FELCO 611, exactement avec la m\u00eame facilit\u00e9 avec laquelle la lame coupe les branches. Gr\u00e2ce \u00e0 l&#8217;\u00e9vacuation rapide de la sciure des dents tremp\u00e9es, il ne vous reste qu&#8217;\u00e0 admirer la coupe nette, homog\u00e8ne et de qualit\u00e9. La stabilit\u00e9 et le confort de la poign\u00e9e ergonomique, aussi bien pour droitiers que gauchers, incitent \u00e0 continuer \u00e0 couper partout o\u00f9 vous travaillez. En fin de travail, la scie peut \u00eatre rang\u00e9e dans un \u00e9tui qui peut \u00eatre fix\u00e9 \u00e0 la ceinture des deux c\u00f4t\u00e9s.   <\/p>\n<p>&nbsp;<\/p>\n<p><span class=\"summary__title\"><span class=\"accordion__title\">Attributs de performance<\/span><\/span><\/p>\n<div class=\"accordion__content custom__liquid-template--17659405435127__main rte\">\n<div>Type d&#8217;outil : <span class=\"metafield-single_line_text_field\">Scies d&#8217;\u00e9lagage<\/span><\/div>\n<div>Diam\u00e8tre de coupe : <span class=\"metafield-single_line_text_field\">100 mm<\/span><\/div>\n<\/div>\n<div><\/div>\n<div><\/div>\n<p><span class=\"summary__title\"><span class=\"accordion__title\">Caract\u00e9ristiques<\/span><\/span><\/p>\n<div class=\"accordion__content custom__liquid-template--17659405435127__main rte\">\n<div>Longueur (nette) : <span class=\"metafield-single_line_text_field\">500 mm<\/span><\/div>\n<div>Profondeur (nette) : <span class=\"metafield-single_line_text_field\">48 mm<\/span><\/div>\n<div>Poids (net) : <span class=\"metafield-single_line_text_field\">0,37 kg<\/span><\/div>\n<div>Profondeur (brute) : <span class=\"metafield-single_line_text_field\">4,8 mm<\/span><\/div>\n<div>Poids (brut) : <span class=\"metafield-single_line_text_field\">0,56 kg<\/span><\/div>\n<div>Longueur lame (nette) : <span class=\"metafield-single_line_text_field\">330 mm<\/span><\/div>\n<div>Indication adh\u00e9rence souple : Oui<\/div>\n<\/div>\n","protected":false},"excerpt":{"rendered":"<p>La scie \u00e0 coupe tirante pour \u00e9lagage FELCO 611 offre une action de coupe rapide et pr\u00e9cise qui coupe le<\/p>\n","protected":false},"featured_media":634600,"template":"","meta":{"_seopress_robots_primary_cat":"","_seopress_titles_title":"","_seopress_titles_desc":"","_seopress_robots_index":""},"product_brand":[5060],"product_cat":[167,1685],"product_tag":[],"class_list":{"0":"post-637134","1":"product","2":"type-product","3":"status-publish","4":"has-post-thumbnail","6":"product_brand-felco-fr","7":"product_cat-machines","8":"product_cat-outils-et-accessoires-forestiers","9":"sws-gruppo-macchinari-fr","10":"sws-conto-ricavi-merci-rivendita-macchinari-fr","11":"sws-gruppo-iva-iva81-fr","13":"first","14":"instock","15":"shipping-taxable","16":"purchasable","17":"product-type-simple"},"_links":{"self":[{"href":"https:\/\/lucacastelli.com\/fr\/wp-json\/wp\/v2\/product\/637134","targetHints":{"allow":["GET"]}}],"collection":[{"href":"https:\/\/lucacastelli.com\/fr\/wp-json\/wp\/v2\/product"}],"about":[{"href":"https:\/\/lucacastelli.com\/fr\/wp-json\/wp\/v2\/types\/product"}],"wp:featuredmedia":[{"embeddable":true,"href":"https:\/\/lucacastelli.com\/fr\/wp-json\/wp\/v2\/media\/634600"}],"wp:attachment":[{"href":"https:\/\/lucacastelli.com\/fr\/wp-json\/wp\/v2\/media?parent=637134"}],"wp:term":[{"taxonomy":"product_brand","embeddable":true,"href":"https:\/\/lucacastelli.com\/fr\/wp-json\/wp\/v2\/product_brand?post=637134"},{"taxonomy":"product_cat","embeddable":true,"href":"https:\/\/lucacastelli.com\/fr\/wp-json\/wp\/v2\/product_cat?post=637134"},{"taxonomy":"product_tag","embeddable":true,"href":"https:\/\/lucacastelli.com\/fr\/wp-json\/wp\/v2\/product_tag?post=637134"}],"curies":[{"name":"wp","href":"https:\/\/api.w.org\/{rel}","templated":true}]}}