{"id":637122,"date":"2025-10-03T08:07:30","date_gmt":"2025-10-03T06:07:30","guid":{"rendered":"https:\/\/lucacastelli.com\/prodotto\/ortovox-punta-berrino-pants\/"},"modified":"2026-04-01T01:51:39","modified_gmt":"2026-03-31T23:51:39","slug":"ortovox-punta-berrino-pants","status":"publish","type":"product","link":"https:\/\/lucacastelli.com\/fr\/produit\/ortovox-punta-berrino-pants\/","title":{"rendered":"ORTOVOX PUNTA BERRINO PANTS"},"content":{"rendered":"<h2 id=\"toc-entry-target-1\" class=\"js-toc__title pds__detail-headline\">UN V\u00caTEMENT POLYVALENT POUR LA NEIGE, LA GLACE ET LA ROCHE<\/h2>\n<h3>Pantalon softshell l\u00e9ger et robuste pour randonn\u00e9es de ski de montagne exigeantes<\/h3>\n<p>&nbsp;<\/p>\n<p>Des sorties apr\u00e8s le travail aux aventures d&#8217;alpinisme de plusieurs jours : la ligne puriste PUNTA BERRINO allie fonctionnalit\u00e9 et l\u00e9g\u00e8ret\u00e9. Polyvalents et minimalistes, ils sont con\u00e7us pour affronter les mont\u00e9es exigeantes et les longues descentes. <\/p>\n<p>Le mat\u00e9riau softshell souple MERINO AIRSOLATION est robuste, respirant, coupe-vent et d\u00e9perlant, pour une libert\u00e9 de mouvement maximale lors des sorties les plus exigeantes. \u00c0 l&#8217;int\u00e9rieur, la laine M\u00e9rinos douce r\u00e9gule l&#8217;humidit\u00e9 et garantit une isolation l\u00e9g\u00e8re.  Gr\u00e2ce aux empi\u00e8cements \u00e9lastiques MERINO AIRSOLATION STRETCH sur l&#8217;assise, l&#8217;arri\u00e8re des cuisses et la zone de l&#8217;entrejambe, le PUNTA BERRINO PANTS accompagne chacun de vos mouvements et offre une haute respirabilit\u00e9.<\/p>\n<p>Les nombreuses caract\u00e9ristiques de ce pantalon de ski de montagne, caract\u00e9ris\u00e9 par une coupe athl\u00e9tique, sont pens\u00e9es pour les skieurs et skieuses de montagne les plus exigeants : de la taille ajustable aux deux larges poches sur les hanches, en passant par le pare-neige en Schoeller\u00ae jusqu&#8217;au bas de jambe ajustable. Pour vous d\u00e9placer rapidement en montagne et vous concentrer enti\u00e8rement sur la mont\u00e9e vers le sommet. <\/p>\n<p>Le PUNTA BERRINO PANTS est disponible en version SHORT (-5 cm), REGULAR et LONG (+5 cm).<\/p>\n<p>&nbsp;<\/p>\n<div id=\"pds__accordion-features-heading\" class=\"mb-4 mb-md-35\">\n<h3 class=\"pds__accordion-headline p-relative cursor-pointer p-0 m-0\"><span class=\"d-block p-0 accordion js-accordion-custom-toggle js-accordion-custom-toggle--hide-on-collapse\" role=\"button\" data-collapse=\"false\" data-target=\"#pds__accordion-features-wrapper\" data-multitarget-disabled-mobile=\"\" aria-expanded=\"true\" aria-controls=\"pds__accordion-features-wrapper\"><span class=\"d-flex justify-content-between align-items-center\"><span class=\"word-break-word\">Caract\u00e9ristiques<\/span><i class=\"accordion__icon pds__accordion-icon icon\"><\/i><\/span><\/span><\/h3>\n<\/div>\n<div class=\"pds__accordion-wrapper\">\n<div id=\"pds__accordion-features-wrapper\" class=\"pds__accordion-features-multi-target collapse show\" data-partial-multi-target=\"true\" data-parent=\"#pds__accordion-features\">\n<div class=\"pb-4\">\n<div class=\"overflow-hidden\">\n<div class=\"wysiwyg\">\n<ul>\n<li>Taille ajustable avec insert \u00e9lastique dans le dos (cordon \u00e9lastique avec stoppeur)<\/li>\n<li>Inserts MERINO AIRSOLATION STRETCH sur l&#8217;assise, l&#8217;arri\u00e8re des cuisses et l&#8217;entrejambe<\/li>\n<li>2 poches lat\u00e9rales<\/li>\n<li>Zone genou pr\u00e9form\u00e9e<\/li>\n<li>Pare-neige avec schoeller\u00ae<\/li>\n<li>R\u00e9glage de la largeur des jambes avec fermeture \u00e9clair<\/li>\n<li>Ourlet partiellement ajust\u00e9 avec \u00e9lastique en caoutchouc naturel \u00e0 l&#8217;int\u00e9rieur (ne glisse pas)<\/li>\n<li>Coupe athl\u00e9tique<\/li>\n<\/ul>\n<\/div>\n<div id=\"pds__accordion-material-properties-heading\" class=\"mb-4 mb-md-35\">\n<h3 class=\"pds__accordion-headline p-relative cursor-pointer p-0 m-0\"><span class=\"d-block p-0 accordion js-accordion-custom-toggle js-accordion-custom-toggle--hide-on-collapse\" role=\"button\" data-collapse=\"false\" data-target=\"#pds__accordion-material-properties-wrapper\" data-multitarget-disabled-mobile=\"\" aria-expanded=\"true\" aria-controls=\"pds__accordion-material-properties-wrapper\"><span class=\"d-flex justify-content-between align-items-center\"><span class=\"word-break-word\">Caract\u00e9ristiques du mat\u00e9riau<\/span><i class=\"accordion__icon pds__accordion-icon icon\"><\/i><\/span><\/span><\/h3>\n<\/div>\n<div class=\"pds__accordion-wrapper\">\n<div id=\"pds__accordion-material-properties-wrapper\" class=\"pds__accordion-material-properties-multi-target collapse show\" data-partial-multi-target=\"true\" data-parent=\"#pds__accordion-material-properties\">\n<div class=\"pb-4\">\n<div class=\"overflow-hidden\">\n<div class=\"wysiwyg\">\n<ul>\n<li>Haute respirabilit\u00e9<\/li>\n<li>D\u00e9perlant et coupe-vent<\/li>\n<li>L\u00e9ger<\/li>\n<li>Grande r\u00e9sistance \u00e0 l&#8217;abrasion<\/li>\n<li>S\u00e9chage rapide<\/li>\n<li>Mat\u00e9riau \u00e9lastique dans les deux sens<\/li>\n<li>Laine m\u00e9rinos au contact de la peau<\/li>\n<\/ul>\n<p>MAT\u00c9RIAU PRINCIPAL : MERINO AIRSOLATION : 79 % polyamide + 11 % laine vierge (MERINO) + 10 % \u00e9lasthanne EMPI\u00c8CEMENT : MERINO AIRSOLATION STRETCH : 74 % polyamide + 15 % laine vierge + 11 % \u00e9lasthanne<\/p>\n<\/div>\n<\/div>\n<\/div>\n<\/div>\n<\/div>\n<\/div>\n<\/div>\n<\/div>\n<\/div>\n","protected":false},"excerpt":{"rendered":"<p>UN V\u00caTEMENT POLYVALENT POUR LA NEIGE, LA GLACE ET LA ROCHE Pantalon softshell l\u00e9ger et robuste pour randonn\u00e9es de ski<\/p>\n","protected":false},"featured_media":637123,"template":"","meta":{"_seopress_robots_primary_cat":"none","_seopress_titles_title":"","_seopress_titles_desc":"","_seopress_robots_index":""},"product_brand":[3280],"product_cat":[21,189,200],"product_tag":[],"class_list":{"0":"post-637122","1":"product","2":"type-product","3":"status-publish","4":"has-post-thumbnail","6":"product_brand-ortovox","7":"product_cat-abbigliamento","8":"product_cat-abbigliamento-per-il-tempo-libero","9":"product_cat-abbigliamento-da-donna","10":"sws-gruppo-abb-libero-fr","11":"sws-conto-ricavi-merci-rivendita-abbigliamento-fr","12":"sws-gruppo-iva-iva81-fr","14":"first","15":"instock","16":"shipping-taxable","17":"purchasable","18":"product-type-variable","19":"has-default-attributes"},"_links":{"self":[{"href":"https:\/\/lucacastelli.com\/fr\/wp-json\/wp\/v2\/product\/637122","targetHints":{"allow":["GET"]}}],"collection":[{"href":"https:\/\/lucacastelli.com\/fr\/wp-json\/wp\/v2\/product"}],"about":[{"href":"https:\/\/lucacastelli.com\/fr\/wp-json\/wp\/v2\/types\/product"}],"wp:featuredmedia":[{"embeddable":true,"href":"https:\/\/lucacastelli.com\/fr\/wp-json\/wp\/v2\/media\/637123"}],"wp:attachment":[{"href":"https:\/\/lucacastelli.com\/fr\/wp-json\/wp\/v2\/media?parent=637122"}],"wp:term":[{"taxonomy":"product_brand","embeddable":true,"href":"https:\/\/lucacastelli.com\/fr\/wp-json\/wp\/v2\/product_brand?post=637122"},{"taxonomy":"product_cat","embeddable":true,"href":"https:\/\/lucacastelli.com\/fr\/wp-json\/wp\/v2\/product_cat?post=637122"},{"taxonomy":"product_tag","embeddable":true,"href":"https:\/\/lucacastelli.com\/fr\/wp-json\/wp\/v2\/product_tag?post=637122"}],"curies":[{"name":"wp","href":"https:\/\/api.w.org\/{rel}","templated":true}]}}