{"id":637099,"date":"2025-10-03T08:15:07","date_gmt":"2025-10-03T06:15:07","guid":{"rendered":"https:\/\/lucacastelli.com\/prodotto\/ortovox-120-tec-logo-beanie\/"},"modified":"2025-10-27T08:07:13","modified_gmt":"2025-10-27T07:07:13","slug":"ortovox-120-tec-logo-beanie","status":"publish","type":"product","link":"https:\/\/lucacastelli.com\/fr\/produit\/ortovox-120-tec-logo-beanie\/","title":{"rendered":"ORTOVOX 120 TEC LOGO BEANIE"},"content":{"rendered":"<h2 id=\"toc-entry-target-1\" class=\"js-toc__title pds__detail-headline\" tabindex=\"-1\">LE MEILLEUR BONNET DE TOUS LES TEMPS<\/h2>\n<h3>Bonnet ultra-l\u00e9ger avec un m\u00e9lange de laine technique pour les randonn\u00e9es estivales<\/h3>\n<p>&nbsp;<\/p>\n<p>Le bonnet 120 TEC LOGO BEANIE est parfait pour votre \u00e9t\u00e9 en montagne : gr\u00e2ce \u00e0 la TECHNOLOGIE CORESPUN BY \u00a9 S\u00dcDWOLLE GROUP, le tissu en laine M\u00e9rinos et polyamide est extr\u00eamement l\u00e9ger tout en \u00e9tant remarquablement r\u00e9sistant. Le mat\u00e9riau \u00e9lastique et doux prot\u00e8ge la t\u00eate, absorbe rapidement l&#8217;humidit\u00e9 gr\u00e2ce \u00e0 la laine M\u00e9rinos de Tasmanie et est agr\u00e9ablement l\u00e9ger. Id\u00e9al pour les activit\u00e9s o\u00f9 l&#8217;on a tendance \u00e0 transpirer.  <\/p>\n<p>&nbsp;<\/p>\n<div id=\"pds__accordion-material-properties-heading\" class=\"mb-4 mb-md-35\">\n<h3 class=\"pds__accordion-headline p-relative cursor-pointer p-0 m-0\"><span class=\"d-block p-0 accordion js-accordion-custom-toggle js-accordion-custom-toggle--hide-on-collapse\" tabindex=\"0\" role=\"button\" data-collapse=\"false\" data-target=\"#pds__accordion-material-properties-wrapper\" data-multitarget-disabled-mobile=\"\" aria-expanded=\"true\" aria-controls=\"pds__accordion-material-properties-wrapper\"><span class=\"d-flex justify-content-between align-items-center\"><span class=\"word-break-word\">Caract\u00e9ristiques du mat\u00e9riau<\/span><i class=\"accordion__icon pds__accordion-icon icon\"><\/i><\/span><\/span><\/h3>\n<\/div>\n<div class=\"pds__accordion-wrapper\">\n<div id=\"pds__accordion-material-properties-wrapper\" class=\"pds__accordion-material-properties-multi-target collapse show\" data-partial-multi-target=\"true\" data-parent=\"#pds__accordion-material-properties\">\n<div class=\"pb-4\">\n<div class=\"overflow-hidden\">\n<div class=\"wysiwyg\">\n<ul>\n<li>\u00c9lastique<\/li>\n<li>Durabilit\u00e9 \u00e0 vie<\/li>\n<li>Sans odeur : 85% de laine m\u00e9rinos neutralise les odeurs<\/li>\n<li>TECHNOLOGIE CORESPUN by \u00a9 S\u00fcdwolle Group : pour une plus grande stabilit\u00e9<\/li>\n<li>Extr\u00eamement l\u00e9ger<\/li>\n<li>R\u00e9sistant<\/li>\n<\/ul>\n<p>&nbsp;<\/p>\n<p>Mat\u00e9riau<\/p>\n<div id=\"pds__accordion-additional-info-wrapper\" class=\"pds__accordion-features-multi-target pds__accordion-material-properties-multi-target pds__accordion-materials-multi-target seo-collapse-md pds-collapse-md collapse show\" data-parent=\"#pds__accordion-additional-info\">\n<div class=\"pb-0\">\n<div class=\"row row--gutter-width-20\">\n<div class=\"col-12 col-md-6\">\n<div id=\"pds__accordion-materials\" class=\" accordion pds__accordion\">\n<div class=\"position-relative\">\n<div class=\"pds__accordion-wrapper\">\n<div id=\"pds__accordion-materials-wrapper\" class=\"pds__accordion-materials-multi-target collapse show\" data-partial-multi-target=\"true\" data-parent=\"#pds__accordion-materials\">\n<div class=\"pb-4\">\n<div class=\"wysiwyg mb-30\">\n<p>85 % laine vierge (MERINO OWP) + 15 % polyamide<\/p>\n<\/div>\n<\/div>\n<\/div>\n<\/div>\n<\/div>\n<\/div>\n<\/div>\n<\/div>\n<\/div>\n<\/div>\n<div id=\"pds__accordion-additional-info-toggle\" class=\"gradient-before d-none d-md-block\">\n<div class=\"mb-0 d-flex justify-content-center\"><\/div>\n<\/div>\n<\/div>\n<\/div>\n<\/div>\n<\/div>\n<\/div>\n","protected":false},"excerpt":{"rendered":"<p>LE MEILLEUR BONNET DE TOUS LES TEMPS Bonnet ultra-l\u00e9ger avec un m\u00e9lange de laine technique pour les randonn\u00e9es estivales &nbsp;<\/p>\n","protected":false},"featured_media":634282,"template":"","meta":{"_seopress_robots_primary_cat":"none","_seopress_titles_title":"","_seopress_titles_desc":"","_seopress_robots_index":""},"product_brand":[3280],"product_cat":[189,186],"product_tag":[],"class_list":{"0":"post-637099","1":"product","2":"type-product","3":"status-publish","4":"has-post-thumbnail","6":"product_brand-ortovox","7":"product_cat-abbigliamento-per-il-tempo-libero","8":"product_cat-accessori-per-labbigliamento","9":"sws-gruppo-abb-libero-fr","10":"sws-conto-ricavi-merci-rivendita-abbigliamento-fr","11":"sws-gruppo-iva-iva81-fr","13":"first","14":"instock","15":"shipping-taxable","16":"purchasable","17":"product-type-variable","18":"has-default-attributes"},"_links":{"self":[{"href":"https:\/\/lucacastelli.com\/fr\/wp-json\/wp\/v2\/product\/637099","targetHints":{"allow":["GET"]}}],"collection":[{"href":"https:\/\/lucacastelli.com\/fr\/wp-json\/wp\/v2\/product"}],"about":[{"href":"https:\/\/lucacastelli.com\/fr\/wp-json\/wp\/v2\/types\/product"}],"wp:featuredmedia":[{"embeddable":true,"href":"https:\/\/lucacastelli.com\/fr\/wp-json\/wp\/v2\/media\/634282"}],"wp:attachment":[{"href":"https:\/\/lucacastelli.com\/fr\/wp-json\/wp\/v2\/media?parent=637099"}],"wp:term":[{"taxonomy":"product_brand","embeddable":true,"href":"https:\/\/lucacastelli.com\/fr\/wp-json\/wp\/v2\/product_brand?post=637099"},{"taxonomy":"product_cat","embeddable":true,"href":"https:\/\/lucacastelli.com\/fr\/wp-json\/wp\/v2\/product_cat?post=637099"},{"taxonomy":"product_tag","embeddable":true,"href":"https:\/\/lucacastelli.com\/fr\/wp-json\/wp\/v2\/product_tag?post=637099"}],"curies":[{"name":"wp","href":"https:\/\/api.w.org\/{rel}","templated":true}]}}