{"id":636873,"date":"2025-10-07T11:12:43","date_gmt":"2025-10-07T09:12:43","guid":{"rendered":"https:\/\/lucacastelli.com\/prodotto\/ortovox-powder-rider-16\/"},"modified":"2026-01-02T18:55:14","modified_gmt":"2026-01-02T17:55:14","slug":"ortovox-powder-rider-16","status":"publish","type":"product","link":"https:\/\/lucacastelli.com\/fr\/produit\/ortovox-powder-rider-16\/","title":{"rendered":"ORTOVOX POWDER RIDER 16"},"content":{"rendered":"<h2 id=\"toc-entry-target-1\" class=\"js-toc__title pds__detail-headline\">Le compagnon le plus compact sur la poudreuse<\/h2>\n<h3>Sac \u00e0 dos freeride petit et minimaliste pour les journ\u00e9es dans la poudreuse<\/h3>\n<p>&nbsp;<\/p>\n<p>Le POWDER RIDER 16 a \u00e9t\u00e9 con\u00e7u pour les courtes sorties freeride \u00e0 haute adr\u00e9naline sur la poudreuse.<\/p>\n<p>Avec seulement 660 grammes, ce petit sac \u00e0 dos freeride est ultra-l\u00e9ger tout en offrant une grande capacit\u00e9 pour l&#8217;\u00e9quipement n\u00e9cessaire. Gr\u00e2ce au support interne pour la pelle et la sonde, l&#8217;\u00e9quipement d&#8217;urgence peut \u00eatre r\u00e9cup\u00e9r\u00e9 rapidement. De plus, le syst\u00e8me dorsal pr\u00e9form\u00e9 du POWDER RIDER 16 assure un ajustement confortable. Sa silhouette \u00e9lanc\u00e9e \u00e9pouse le corps et maintient un ajustement parfait dans toute activit\u00e9 sportive.    <\/p>\n<p>Ce sac \u00e0 dos freeride est \u00e9quip\u00e9 d&#8217;une compatibilit\u00e9 avec un syst\u00e8me d&#8217;hydratation pour les mont\u00e9es sportives et les descentes pleines d&#8217;adr\u00e9naline, d&#8217;un filet de fixation pour le casque, d&#8217;un compartiment pour les cartes et d&#8217;une sangle pectorale avec sifflet d&#8217;urgence. Tout le n\u00e9cessaire pour une journ\u00e9e en haute altitude. <\/p>\n<p>Le POWDER RIDER 16 est donc un compagnon l\u00e9ger et fiable pour les aventures pleines d&#8217;adr\u00e9naline sur la poudreuse !<\/p>\n<p>&nbsp;<\/p>\n<div id=\"pds__accordion-features-heading\" class=\"mb-4 mb-md-35\">\n<h3 class=\"pds__accordion-headline p-relative cursor-pointer p-0 m-0\"><span class=\"d-block p-0 accordion js-accordion-custom-toggle js-accordion-custom-toggle--hide-on-collapse\" role=\"button\" data-collapse=\"false\" data-target=\"#pds__accordion-features-wrapper\" data-multitarget-disabled-mobile=\"\" aria-expanded=\"true\" aria-controls=\"pds__accordion-features-wrapper\"><span class=\"d-flex justify-content-between align-items-center\"><span class=\"word-break-word\">Caract\u00e9ristiques<\/span><i class=\"accordion__icon pds__accordion-icon icon\"><\/i><\/span><\/span><\/h3>\n<\/div>\n<div class=\"pds__accordion-wrapper\">\n<div id=\"pds__accordion-features-wrapper\" class=\"pds__accordion-features-multi-target collapse show\" data-partial-multi-target=\"true\" data-parent=\"#pds__accordion-features\">\n<div class=\"pb-4\">\n<div class=\"overflow-hidden\">\n<div class=\"wysiwyg\">\n<ul>\n<li>5 compartiments<\/li>\n<li>Acc\u00e8s au compartiment principal : Frontal<\/li>\n<li>Support pour dispositifs de s\u00e9curit\u00e9<\/li>\n<li>Largeur de ski compatible (150mm)<\/li>\n<li>Sangle pectorale avec sifflet d&#8217;urgence<\/li>\n<li>Filet de fixation pour casque int\u00e9gr\u00e9<\/li>\n<li>Compartiment pour carte<\/li>\n<li>Bright Inside<\/li>\n<li>Compatible avec syst\u00e8me d&#8217;hydratation<\/li>\n<li>Porte-cl\u00e9s<\/li>\n<li>\u00c9tiquette d&#8217;urgence<\/li>\n<\/ul>\n<p>POLYESTER 600D 100% RECYCL\u00c9<\/p>\n<\/div>\n<\/div>\n<\/div>\n<\/div>\n<\/div>\n","protected":false},"excerpt":{"rendered":"<p>Le compagnon le plus compact sur la poudreuse Sac \u00e0 dos freeride petit et minimaliste pour les journ\u00e9es dans la<\/p>\n","protected":false},"featured_media":636876,"template":"","meta":{"_seopress_robots_primary_cat":"none","_seopress_titles_title":"","_seopress_titles_desc":"","_seopress_robots_index":""},"product_brand":[3664],"product_cat":[1390,1702,144,1408,81],"product_tag":[],"class_list":{"0":"post-636873","1":"product","2":"type-product","3":"status-publish","4":"has-post-thumbnail","6":"product_brand-ortovox-fr","7":"product_cat-accessoires-dhabillement","8":"product_cat-autres","9":"product_cat-equipement","10":"product_cat-equipements-de-loisirs","11":"product_cat-vetements","12":"sws-gruppo-abb-libero-fr","13":"sws-conto-ricavi-merci-rivendita-abbigliamento-fr","14":"sws-gruppo-iva-iva81-fr","16":"first","17":"onbackorder","18":"shipping-taxable","19":"purchasable","20":"product-type-variable","21":"has-default-attributes"},"_links":{"self":[{"href":"https:\/\/lucacastelli.com\/fr\/wp-json\/wp\/v2\/product\/636873","targetHints":{"allow":["GET"]}}],"collection":[{"href":"https:\/\/lucacastelli.com\/fr\/wp-json\/wp\/v2\/product"}],"about":[{"href":"https:\/\/lucacastelli.com\/fr\/wp-json\/wp\/v2\/types\/product"}],"wp:featuredmedia":[{"embeddable":true,"href":"https:\/\/lucacastelli.com\/fr\/wp-json\/wp\/v2\/media\/636876"}],"wp:attachment":[{"href":"https:\/\/lucacastelli.com\/fr\/wp-json\/wp\/v2\/media?parent=636873"}],"wp:term":[{"taxonomy":"product_brand","embeddable":true,"href":"https:\/\/lucacastelli.com\/fr\/wp-json\/wp\/v2\/product_brand?post=636873"},{"taxonomy":"product_cat","embeddable":true,"href":"https:\/\/lucacastelli.com\/fr\/wp-json\/wp\/v2\/product_cat?post=636873"},{"taxonomy":"product_tag","embeddable":true,"href":"https:\/\/lucacastelli.com\/fr\/wp-json\/wp\/v2\/product_tag?post=636873"}],"curies":[{"name":"wp","href":"https:\/\/api.w.org\/{rel}","templated":true}]}}