{"id":636554,"date":"2025-10-07T10:55:29","date_gmt":"2025-10-07T08:55:29","guid":{"rendered":"https:\/\/lucacastelli.com\/prodotto\/ortovox-freeride-chaussettes-longues-cozy\/"},"modified":"2025-10-27T08:12:14","modified_gmt":"2025-10-27T07:12:14","slug":"ortovox-freeride-chaussettes-longues-cozy","status":"publish","type":"product","link":"https:\/\/lucacastelli.com\/fr\/produit\/ortovox-freeride-chaussettes-longues-cozy\/","title":{"rendered":"ORTOVOX FREERIDE LONG SOCKS COZY"},"content":{"rendered":"<h2 id=\"toc-entry-target-1\" class=\"js-toc__title pds__detail-headline\" tabindex=\"-1\">CHALEUR ET CONFORT POUR LES PIEDS<\/h2>\n<h3>Chaussettes techniques de freeride en laine M\u00e9rinos, chaudes et pr\u00e9form\u00e9es, con\u00e7ues pour un confort maximal<\/h3>\n<p>Le nom des FREERIDE LONG SOCKS COZY pour homme en dit long : m\u00eame lors des journ\u00e9es de poudreuse, ces confortables chaussettes montantes jusqu&#8217;au genou gardent vos pieds au chaud pour profiter du freeride sans souffrir du froid.<\/p>\n<p>Cela est possible gr\u00e2ce \u00e0 la semelle particuli\u00e8rement douce en mat\u00e9riau MERINO TERRY, agr\u00e9able sur la peau et r\u00e9gulant la temp\u00e9rature et l&#8217;humidit\u00e9. Ces chaussettes en laine M\u00e9rinos sont dot\u00e9es d&#8217;un fil antid\u00e9rapant sp\u00e9cial sur la plante du pied qui assure une prise s\u00fbre dans la chaussure de ski. Le bord \u00e9lastique confortable \u00e0 la taille et la coupe ergonomique pr\u00e9form\u00e9e garantissent un ajustement optimal, tandis que le rembourrage au talon et aux orteils offre un confort et un amortissement suppl\u00e9mentaires.  <\/p>\n<p>Enfin, les couleurs vives et le design moderne du logo font des FREERIDE LONG SOCKS COZY pour homme le choix parfait pour les longues journ\u00e9es de freeride.<\/p>\n<p>&nbsp;<\/p>\n<div id=\"pds__accordion-features-heading\" class=\"mb-4 mb-md-35\">\n<h3 class=\"pds__accordion-headline p-relative cursor-pointer p-0 m-0\"><span class=\"d-block p-0 accordion js-accordion-custom-toggle js-accordion-custom-toggle--hide-on-collapse\" tabindex=\"0\" role=\"button\" data-collapse=\"false\" data-target=\"#pds__accordion-features-wrapper\" data-multitarget-disabled-mobile=\"\" aria-expanded=\"true\" aria-controls=\"pds__accordion-features-wrapper\"><span class=\"d-flex justify-content-between align-items-center\"><span class=\"word-break-word\">Caract\u00e9ristiques<\/span><i class=\"accordion__icon pds__accordion-icon icon\"><\/i><\/span><\/span><\/h3>\n<\/div>\n<div class=\"pds__accordion-wrapper\">\n<div id=\"pds__accordion-features-wrapper\" class=\"pds__accordion-features-multi-target collapse show\" data-partial-multi-target=\"true\" data-parent=\"#pds__accordion-features\">\n<div class=\"pb-4\">\n<div class=\"overflow-hidden\">\n<div class=\"wysiwyg\">\n<ul>\n<li>Couture plate aux orteils<\/li>\n<li>Ajustement ergonomique optimis\u00e9 droite\/gauche<\/li>\n<li>Zone de stabilisation de la cheville<\/li>\n<li>Fil antid\u00e9rapant<\/li>\n<\/ul>\n<\/div>\n<p>&nbsp;<\/p>\n<\/div>\n<\/div>\n<\/div>\n<\/div>\n<p>55 % laine (M\u00c9RINOS) + 32 % polyamide + 10 % polyamide (recycl\u00e9) + 2 % \u00e9lasthanne + 1 % polyester<\/p>\n","protected":false},"excerpt":{"rendered":"<p>CHALEUR ET CONFORT POUR LES PIEDS Chaussettes techniques de freeride en laine M\u00e9rinos, chaudes et pr\u00e9form\u00e9es, con\u00e7ues pour un confort<\/p>\n","protected":false},"featured_media":634570,"template":"","meta":{"_seopress_robots_primary_cat":"none","_seopress_titles_title":"","_seopress_titles_desc":"","_seopress_robots_index":""},"product_brand":[3664],"product_cat":[1390,1399,173,81],"product_tag":[],"class_list":{"0":"post-636554","1":"product","2":"type-product","3":"status-publish","4":"has-post-thumbnail","6":"product_brand-ortovox-fr","7":"product_cat-accessoires-dhabillement","8":"product_cat-accessoires-pour-chaussures","9":"product_cat-chaussures","10":"product_cat-vetements","11":"sws-gruppo-abb-libero-fr","12":"sws-conto-ricavi-merci-rivendita-abbigliamento-fr","13":"sws-gruppo-iva-iva81-fr","15":"first","16":"instock","17":"shipping-taxable","18":"purchasable","19":"product-type-variable","20":"has-default-attributes"},"_links":{"self":[{"href":"https:\/\/lucacastelli.com\/fr\/wp-json\/wp\/v2\/product\/636554","targetHints":{"allow":["GET"]}}],"collection":[{"href":"https:\/\/lucacastelli.com\/fr\/wp-json\/wp\/v2\/product"}],"about":[{"href":"https:\/\/lucacastelli.com\/fr\/wp-json\/wp\/v2\/types\/product"}],"wp:featuredmedia":[{"embeddable":true,"href":"https:\/\/lucacastelli.com\/fr\/wp-json\/wp\/v2\/media\/634570"}],"wp:attachment":[{"href":"https:\/\/lucacastelli.com\/fr\/wp-json\/wp\/v2\/media?parent=636554"}],"wp:term":[{"taxonomy":"product_brand","embeddable":true,"href":"https:\/\/lucacastelli.com\/fr\/wp-json\/wp\/v2\/product_brand?post=636554"},{"taxonomy":"product_cat","embeddable":true,"href":"https:\/\/lucacastelli.com\/fr\/wp-json\/wp\/v2\/product_cat?post=636554"},{"taxonomy":"product_tag","embeddable":true,"href":"https:\/\/lucacastelli.com\/fr\/wp-json\/wp\/v2\/product_tag?post=636554"}],"curies":[{"name":"wp","href":"https:\/\/api.w.org\/{rel}","templated":true}]}}