{"id":636369,"date":"2025-10-09T19:32:36","date_gmt":"2025-10-09T17:32:36","guid":{"rendered":"https:\/\/lucacastelli.com\/prodotto\/ortovox-150-cool-mtn-silhouette-ls\/"},"modified":"2026-03-01T00:26:34","modified_gmt":"2026-02-28T23:26:34","slug":"ortovox-150-cool-mtn-silhouette-ls","status":"publish","type":"product","link":"https:\/\/lucacastelli.com\/fr\/produit\/ortovox-150-cool-mtn-silhouette-ls\/","title":{"rendered":"ORTOVOX 150 COOL MTN SILHOUETTE LS"},"content":{"rendered":"<h2 id=\"toc-entry-target-1\" class=\"js-toc__title pds__detail-headline\">FRA\u00ceCHE ET ROBUSTE<\/h2>\n<h3>T-shirt \u00e0 manches longues robuste et rafra\u00eechissant en laine m\u00e9rinos<\/h3>\n<p>&nbsp;<\/p>\n<p>La gamme l\u00e9g\u00e8re 150 MERINO COOL associe deux fibres naturelles aux meilleures propri\u00e9t\u00e9s pour les randonn\u00e9es de ski-alpinisme exigeantes. La laine m\u00e9rinos, douce sur la peau, r\u00e9gule la temp\u00e9rature et l&#8217;humidit\u00e9, tandis que la fibre de cellulose TENCEL\u2122 Lyocell, produite de mani\u00e8re durable, garantit une sensation rafra\u00eechissante et s\u00e8che rapidement gr\u00e2ce \u00e0 l&#8217;importante dispersion de chaleur par \u00e9vaporation. Les deux mati\u00e8res premi\u00e8res renouvelables sont combin\u00e9es entre elles avec la technologie BETASPUN. Les filaments de polyamide sont enroul\u00e9s autour d&#8217;un noyau de laine m\u00e9rinos et de TENCEL\u2122 Lyocell, ce qui rend le tissu particuli\u00e8rement robuste et r\u00e9sistant aux d\u00e9chirures et \u00e0 l&#8217;abrasion. Inspir\u00e9 par la nature, d\u00e9velopp\u00e9 pour les sports de montagne.    <\/p>\n<p>&nbsp;<\/p>\n<div id=\"pds__accordion-material-properties-heading\" class=\"mb-4 mb-md-35\">\n<h3 class=\"pds__accordion-headline p-relative cursor-pointer p-0 m-0\"><span class=\"d-block p-0 accordion js-accordion-custom-toggle js-accordion-custom-toggle--hide-on-collapse\" role=\"button\" data-collapse=\"false\" data-target=\"#pds__accordion-material-properties-wrapper\" data-multitarget-disabled-mobile=\"\" aria-expanded=\"true\" aria-controls=\"pds__accordion-material-properties-wrapper\"><span class=\"d-flex justify-content-between align-items-center\"><span class=\"word-break-word\">Caract\u00e9ristiques du mat\u00e9riau<\/span><i class=\"accordion__icon pds__accordion-icon icon\"><\/i><\/span><\/span><\/h3>\n<\/div>\n<div class=\"pds__accordion-wrapper\">\n<div id=\"pds__accordion-material-properties-wrapper\" class=\"pds__accordion-material-properties-multi-target collapse show\" data-partial-multi-target=\"true\" data-parent=\"#pds__accordion-material-properties\">\n<div class=\"pb-4\">\n<div class=\"overflow-hidden\">\n<div class=\"wysiwyg\">\n<ul>\n<li>150 MERINO COOL : Durable, TECHNOLOGIE BETASPUN BY \u00a9 S\u00dcDWOLLE GROUP : mat\u00e9riau plus robuste et r\u00e9sistant aux d\u00e9chirures, Fibres TENCEL\u2122 Lyocell : sensation de sec naturelle gr\u00e2ce \u00e0 la r\u00e9gulation de l&#8217;humidit\u00e9<\/li>\n<\/ul>\n<\/div>\n<p>44 % laine vierge (MERINO OWP) + 43 % Lyocell (TENCEL\u2122) + 13 % polyamide<\/p>\n<\/div>\n<\/div>\n<\/div>\n<\/div>\n","protected":false},"excerpt":{"rendered":"<p>FRA\u00ceCHE ET ROBUSTE T-shirt \u00e0 manches longues robuste et rafra\u00eechissant en laine m\u00e9rinos &nbsp; La gamme l\u00e9g\u00e8re 150 MERINO COOL<\/p>\n","protected":false},"featured_media":636373,"template":"","meta":{"_seopress_robots_primary_cat":"none","_seopress_titles_title":"","_seopress_titles_desc":"","_seopress_robots_index":""},"product_brand":[3664],"product_cat":[81,981,982],"product_tag":[],"class_list":{"0":"post-636369","1":"product","2":"type-product","3":"status-publish","4":"has-post-thumbnail","6":"product_brand-ortovox-fr","7":"product_cat-vetements","8":"product_cat-vetements-de-loisirs","9":"product_cat-vetements-pour-hommes","10":"sws-gruppo-abb-libero-fr","11":"sws-conto-ricavi-merci-rivendita-abbigliamento-fr","12":"sws-gruppo-iva-iva81-fr","14":"first","15":"instock","16":"shipping-taxable","17":"purchasable","18":"product-type-variable"},"_links":{"self":[{"href":"https:\/\/lucacastelli.com\/fr\/wp-json\/wp\/v2\/product\/636369","targetHints":{"allow":["GET"]}}],"collection":[{"href":"https:\/\/lucacastelli.com\/fr\/wp-json\/wp\/v2\/product"}],"about":[{"href":"https:\/\/lucacastelli.com\/fr\/wp-json\/wp\/v2\/types\/product"}],"wp:featuredmedia":[{"embeddable":true,"href":"https:\/\/lucacastelli.com\/fr\/wp-json\/wp\/v2\/media\/636373"}],"wp:attachment":[{"href":"https:\/\/lucacastelli.com\/fr\/wp-json\/wp\/v2\/media?parent=636369"}],"wp:term":[{"taxonomy":"product_brand","embeddable":true,"href":"https:\/\/lucacastelli.com\/fr\/wp-json\/wp\/v2\/product_brand?post=636369"},{"taxonomy":"product_cat","embeddable":true,"href":"https:\/\/lucacastelli.com\/fr\/wp-json\/wp\/v2\/product_cat?post=636369"},{"taxonomy":"product_tag","embeddable":true,"href":"https:\/\/lucacastelli.com\/fr\/wp-json\/wp\/v2\/product_tag?post=636369"}],"curies":[{"name":"wp","href":"https:\/\/api.w.org\/{rel}","templated":true}]}}