{"id":636356,"date":"2025-10-09T19:39:24","date_gmt":"2025-10-09T17:39:24","guid":{"rendered":"https:\/\/lucacastelli.com\/prodotto\/as-30-weedhex-moteur-bs-sans-balais\/"},"modified":"2025-10-09T19:39:24","modified_gmt":"2025-10-09T17:39:24","slug":"as-30-weedhex-moteur-bs-sans-balais","status":"publish","type":"product","link":"https:\/\/lucacastelli.com\/fr\/produit\/as-30-weedhex-moteur-bs-sans-balais\/","title":{"rendered":"AS 30 WeedHex Moteur B&amp;S (sans balais)"},"content":{"rendered":"<h2>L&#8217;herbicide m\u00e9canique \u00e0 usage professionnel<\/h2>\n<p>Le d\u00e9sherbage est un sujet d&#8217;actualit\u00e9 pour les villes et les municipalit\u00e9s. \u00c9liminer les mauvaises herbes sur les surfaces irr\u00e9guli\u00e8res ou dans les espaces restreints de mani\u00e8re efficace et en m\u00eame temps respectueuse de l&#8217;environnement, tel est le point fort de la tondeuse AS 30 WeedHex 160. Cette tondeuse compacte \u00e9limine les mauvaises herbes les plus coriaces de mani\u00e8re m\u00e9canique et avec beaucoup de force gr\u00e2ce \u00e0 sa brosse. Aujourd&#8217;hui, il existe diff\u00e9rentes possibilit\u00e9s pour \u00e9liminer les mauvaises herbes. L&#8217;utilisation de produits phytosanitaires est strictement r\u00e9glement\u00e9e et, avec la nouvelle d\u00e9broussailleuse AS 30 WeedHex 160, \u00e9galement inutile. Gr\u00e2ce \u00e0 un fonctionnement purement m\u00e9canique, les mauvaises herbes sont \u00e9limin\u00e9es dans le respect de l&#8217;environnement. Gr\u00e2ce \u00e0 la faible vitesse de rotation de la brosse en acier de seulement 600 tours\/minute, la d\u00e9broussailleuse fonctionne de mani\u00e8re tr\u00e8s efficace. Le couple \u00e9lev\u00e9 augmente en effet la force agissant sur la brosse. C&#8217;est un avantage certain par rapport aux appareils qui entra\u00eenent la brosse \u00e0 grande vitesse.        <\/p>\n<p>La s\u00e9curit\u00e9 est \u00e9galement primordiale dans le domaine du d\u00e9sherbage. La vitesse r\u00e9duite des brosses r\u00e9duit \u00e9galement le risque de projection de pierres et la formation de poussi\u00e8re, ce qui permet de travailler en toute s\u00e9curit\u00e9. Il n&#8217;est donc pas n\u00e9cessaire de prot\u00e9ger la zone de travail avec des panneaux ou des b\u00e2ches. Pour une protection optimale du moteur dans le cadre d&#8217;une utilisation professionnelle quotidienne et dans des conditions poussi\u00e9reuses, l&#8217;AS 30 WeedHex 160 est \u00e9quip\u00e9 de s\u00e9rie d&#8217;un filtre snorkel. Gr\u00e2ce au faible poids de l&#8217;appareil (36 kg seulement), il n&#8217;est pas n\u00e9cessaire d&#8217;utiliser un syst\u00e8me de traction. Cette d\u00e9broussailleuse a \u00e9t\u00e9 sp\u00e9cialement con\u00e7ue pour les surfaces irr\u00e9guli\u00e8res. Elle peut facilement \u00eatre utilis\u00e9e sur les pav\u00e9s, le long des foss\u00e9s de drainage, dans les coins ou dans les puisards. Les roues peuvent \u00eatre r\u00e9gl\u00e9es en hauteur de mani\u00e8re asym\u00e9trique. L&#8217;appareil est donc inclin\u00e9 et la brosse est inclin\u00e9e. De cette fa\u00e7on, la brosse atteint \u00e9galement les mauvaises herbes dans les zones plus profondes, comme les caniveaux. L&#8217;AS 30 WeedHex 160 est le compl\u00e9ment id\u00e9al des appareils manuels plus grands qui ne sont pas adapt\u00e9s aux zones difficiles d&#8217;acc\u00e8s.          <\/p>\n<p>La d\u00e9broussailleuse compacte AS 30 WeedHex 160 est id\u00e9ale pour d\u00e9barrasser les petits parkings ou les cours des mauvaises herbes. Pour les plus grandes surfaces, elle est le compl\u00e9ment parfait de l&#8217;AS 50 WeedHex, qui a fait ses preuves. Les endroits \u00e9troits ou les surfaces irr\u00e9guli\u00e8res sont pr\u00e9-nettoy\u00e9s avec l&#8217;AS 30 WeedHex 160, puis toute la surface est d\u00e9barrass\u00e9e des mauvaises herbes avec l&#8217;AS 50 WeedHex. L&#8217;AS 50 WeedHex est \u00e9quip\u00e9 d&#8217;un sac de collecte. Le balayage fastidieux n&#8217;est plus n\u00e9cessaire.    <\/p>\n<p>&nbsp;<\/p>\n<p>Largeur de travail 35 cm<br \/>\nPuissance 5,6 CV<br \/>\nMoteur \u00e0 essence 4T<br \/>\nCylindres 1 cylindre<br \/>\nD\u00e9marrage \u00e9lectrique NON<br \/>\nTransmission NON<br \/>\nT\u00e9l\u00e9commande NON<\/p>\n","protected":false},"excerpt":{"rendered":"<p>L&#8217;herbicide m\u00e9canique \u00e0 usage professionnel Le d\u00e9sherbage est un sujet d&#8217;actualit\u00e9 pour les villes et les municipalit\u00e9s. \u00c9liminer les mauvaises<\/p>\n","protected":false},"featured_media":635738,"template":"","meta":{"_seopress_robots_primary_cat":"","_seopress_titles_title":"","_seopress_titles_desc":"","_seopress_robots_index":""},"product_brand":[4372],"product_cat":[29,514,554,262,279],"product_tag":[],"class_list":{"0":"post-636356","1":"product","2":"type-product","3":"status-publish","4":"has-post-thumbnail","6":"product_brand-as-motor","7":"product_cat-macchinari","8":"product_cat-altri-dispositivi","9":"product_cat-spazzole","10":"product_cat-tosaerba-e-robot","11":"product_cat-tosaerba-a-motore","12":"sws-gruppo-macchinari-fr","13":"sws-conto-ricavi-merci-rivendita-macchinari-fr","14":"sws-gruppo-iva-iva81-fr","16":"first","17":"instock","18":"shipping-taxable","19":"purchasable","20":"product-type-simple"},"_links":{"self":[{"href":"https:\/\/lucacastelli.com\/fr\/wp-json\/wp\/v2\/product\/636356","targetHints":{"allow":["GET"]}}],"collection":[{"href":"https:\/\/lucacastelli.com\/fr\/wp-json\/wp\/v2\/product"}],"about":[{"href":"https:\/\/lucacastelli.com\/fr\/wp-json\/wp\/v2\/types\/product"}],"wp:featuredmedia":[{"embeddable":true,"href":"https:\/\/lucacastelli.com\/fr\/wp-json\/wp\/v2\/media\/635738"}],"wp:attachment":[{"href":"https:\/\/lucacastelli.com\/fr\/wp-json\/wp\/v2\/media?parent=636356"}],"wp:term":[{"taxonomy":"product_brand","embeddable":true,"href":"https:\/\/lucacastelli.com\/fr\/wp-json\/wp\/v2\/product_brand?post=636356"},{"taxonomy":"product_cat","embeddable":true,"href":"https:\/\/lucacastelli.com\/fr\/wp-json\/wp\/v2\/product_cat?post=636356"},{"taxonomy":"product_tag","embeddable":true,"href":"https:\/\/lucacastelli.com\/fr\/wp-json\/wp\/v2\/product_tag?post=636356"}],"curies":[{"name":"wp","href":"https:\/\/api.w.org\/{rel}","templated":true}]}}