{"id":636341,"date":"2025-10-06T09:52:10","date_gmt":"2025-10-06T07:52:10","guid":{"rendered":"https:\/\/lucacastelli.com\/prodotto\/pantalon-francital-montvert\/"},"modified":"2025-10-27T08:07:15","modified_gmt":"2025-10-27T07:07:15","slug":"pantalon-francital-montvert","status":"publish","type":"product","link":"https:\/\/lucacastelli.com\/fr\/produit\/pantalon-francital-montvert\/","title":{"rendered":"Francital Pantalon Montvert"},"content":{"rendered":"<h1><b><strong>Pantalon l\u00e9ger, r\u00e9sistant et \u00e9lastique.<\/strong><\/b><\/h1>\n<p><b><strong>Id\u00e9al pour le jardinage, l&#8217;am\u00e9nagement paysager et les jardiniers grimpeurs (sans tron\u00e7onneuse)<\/strong><\/b><\/p>\n<p><b><u><strong>DESCRIPTION :<\/strong><\/u><\/b><\/p>\n<p>2 poches obliques avec fermeture \u00e9clair vers le bas.<\/p>\n<p>1 poche arri\u00e8re avec fermeture \u00e9clair.<\/p>\n<p>1 poche porte-m\u00e8tre anti-retournement.<\/p>\n<p>1 poche plaqu\u00e9e sur la jambe avant gauche, fermeture par rabat et bande auto-agrippante.<\/p>\n<p>Taille \u00e9lastiqu\u00e9e.<\/p>\n<p>Bavette dorsale<\/p>\n<p>Bas de jambe et genouill\u00e8res en tissu bi-\u00e9lastique.<\/p>\n<p>Gu\u00eatre de protection compl\u00e8te amovible, par exemple contre les tiques.<\/p>\n<p>Cordon \u00e9lastique dans le bas du pantalon.<\/p>\n<p>&nbsp;<\/p>\n<p><u>COMPOSITION :<\/u><\/p>\n<p>Certifi\u00e9 Global Recycled Standard (GRS) Tissu principal : 96% polyamide ECONYL\u00ae nylon recycl\u00e9 4% \u00e9lasthanne<\/p>\n<p>0% fluorocarbures : le traitement hydrofuge est sans fluorocarbures (PFC Free)<\/p>\n<p>ECONYL\u00ae est une fibre de nylon 100% r\u00e9g\u00e9n\u00e9r\u00e9e \u00e0 partir de filets de p\u00eache et d&#8217;autres d\u00e9chets de nylon. Gr\u00e2ce au processus de r\u00e9g\u00e9n\u00e9ration et de purification, les d\u00e9chets de nylon sont recycl\u00e9s en les ramenant \u00e0 leur puret\u00e9 d&#8217;origine. La fibre de nylon poss\u00e8de exactement les m\u00eames propri\u00e9t\u00e9s que le nylon d&#8217;origine, le processus ne d\u00e9grade pas le fil.  <\/p>\n<p>o Renfort : 50% polyamide 45% polyester 5% \u00e9lasthanne noir<\/p>\n<p>&nbsp;<\/p>\n<p>&nbsp;<\/p>\n<p>Propri\u00e9t\u00e9s ECO DESIGN &#8211; fibres r\u00e9g\u00e9n\u00e9r\u00e9es ou recycl\u00e9es Post consumer<br \/>\nStandard n\u00b0 1 UPF 50+ Rapport d&#8217;essai sur les tissus principaux selon la norme EN 13758-1:2001+A1:2006<br \/>\nPoids en kg (M &#8211; 42 \/ TU \/ Gants 10 \/ Chaussures 42) 0,500 kg<br \/>\nComposition o 96% polyamide ECONYL\u00ae nylon recycl\u00e9 4% \u00e9lasthanne<br \/>\nType de produit Pantalon <\/p>\n","protected":false},"excerpt":{"rendered":"<p>Pantalon l\u00e9ger, r\u00e9sistant et \u00e9lastique. Id\u00e9al pour le jardinage, l&#8217;am\u00e9nagement paysager et les jardiniers grimpeurs (sans tron\u00e7onneuse) DESCRIPTION : 2<\/p>\n","protected":false},"featured_media":634469,"template":"","meta":{"_seopress_robots_primary_cat":"none","_seopress_titles_title":"","_seopress_titles_desc":"","_seopress_robots_index":""},"product_brand":[4405],"product_cat":[21,284,189,190],"product_tag":[],"class_list":{"0":"post-636341","1":"product","2":"type-product","3":"status-publish","4":"has-post-thumbnail","6":"product_brand-francital","7":"product_cat-abbigliamento","8":"product_cat-abbigliamento-da-lavoro","9":"product_cat-abbigliamento-per-il-tempo-libero","10":"product_cat-abbigliamento-da-uomo","11":"sws-gruppo-abb-libero-fr","12":"sws-conto-ricavi-merci-rivendita-abbigliamento-fr","13":"sws-gruppo-iva-iva81-fr","15":"first","16":"instock","17":"shipping-taxable","18":"purchasable","19":"product-type-variable"},"_links":{"self":[{"href":"https:\/\/lucacastelli.com\/fr\/wp-json\/wp\/v2\/product\/636341","targetHints":{"allow":["GET"]}}],"collection":[{"href":"https:\/\/lucacastelli.com\/fr\/wp-json\/wp\/v2\/product"}],"about":[{"href":"https:\/\/lucacastelli.com\/fr\/wp-json\/wp\/v2\/types\/product"}],"wp:featuredmedia":[{"embeddable":true,"href":"https:\/\/lucacastelli.com\/fr\/wp-json\/wp\/v2\/media\/634469"}],"wp:attachment":[{"href":"https:\/\/lucacastelli.com\/fr\/wp-json\/wp\/v2\/media?parent=636341"}],"wp:term":[{"taxonomy":"product_brand","embeddable":true,"href":"https:\/\/lucacastelli.com\/fr\/wp-json\/wp\/v2\/product_brand?post=636341"},{"taxonomy":"product_cat","embeddable":true,"href":"https:\/\/lucacastelli.com\/fr\/wp-json\/wp\/v2\/product_cat?post=636341"},{"taxonomy":"product_tag","embeddable":true,"href":"https:\/\/lucacastelli.com\/fr\/wp-json\/wp\/v2\/product_tag?post=636341"}],"curies":[{"name":"wp","href":"https:\/\/api.w.org\/{rel}","templated":true}]}}