{"id":635707,"date":"2025-10-09T19:18:10","date_gmt":"2025-10-09T17:18:10","guid":{"rendered":"https:\/\/lucacastelli.com\/?post_type=product&#038;p=635707"},"modified":"2026-04-01T01:51:34","modified_gmt":"2026-03-31T23:51:34","slug":"crazy-jkt-next-femme-copia","status":"publish","type":"product","link":"https:\/\/lucacastelli.com\/fr\/produit\/crazy-jkt-next-femme-copia\/","title":{"rendered":"CRAZY JKT NEXT FEMME"},"content":{"rendered":"<p>Veste de poids moyen, protectrice et au look agressif.<\/p>\n<p>Elle est fabriqu\u00e9e avec l&#8217;innovant tissu bi-\u00e9lastique Two Face, doux et confortable \u00e0 l&#8217;int\u00e9rieur, mais avec une surface ext\u00e9rieure coupe-vent et r\u00e9sistante \u00e0 l&#8217;abrasion.<\/p>\n<p>Cette construction hybride la rend adapt\u00e9e comme couche ext\u00e9rieure par temps venteux ou comme couche interm\u00e9diaire tr\u00e8s chaude pour les temp\u00e9ratures extr\u00eames.<\/p>\n<p>Pour optimiser la protection et la respirabilit\u00e9, nous avons all\u00e9g\u00e9 le tissu sur les panneaux lat\u00e9raux.<\/p>\n<p>\u2022 Veste avec fermeture \u00e9clair frontale et capuche<br \/>\n\u2022 Poches pour les mains d\u00e9coup\u00e9es au laser avec fermetures \u00e9clair coll\u00e9es<br \/>\n\u2022 Bords \u00e9lastiques sur la capuche et les poignets<br \/>\n\u2022 Passages pour les pouces<br \/>\n\u2022 Poche Easy Lock pour DVA<br \/>\n\u2022 Ouverture pour c\u00e2ble de capuche<br \/>\n\u2022 Coutures plates en couleur contrast\u00e9e<\/p>\n<p>POIDS&nbsp;: 338 gr<\/p>\n","protected":false},"excerpt":{"rendered":"<p>Veste de poids moyen, protectrice et au look agressif. Elle est fabriqu\u00e9e avec l&#8217;innovant tissu bi-\u00e9lastique Two Face, doux et<\/p>\n","protected":false},"featured_media":635721,"template":"","meta":{"_seopress_robots_primary_cat":"none","_seopress_titles_title":"","_seopress_titles_desc":"","_seopress_robots_index":""},"product_brand":[3616],"product_cat":[81,981,1387],"product_tag":[],"class_list":{"0":"post-635707","1":"product","2":"type-product","3":"status-publish","4":"has-post-thumbnail","6":"product_brand-crazy-fr","7":"product_cat-vetements","8":"product_cat-vetements-de-loisirs","9":"product_cat-vetements-pour-femmes","10":"sws-gruppo-abb-libero-fr","11":"sws-conto-ricavi-merci-rivendita-abbigliamento-fr","12":"sws-gruppo-iva-iva81-fr","14":"first","15":"instock","16":"sale","17":"shipping-taxable","18":"product-type-variable","19":"has-default-attributes"},"_links":{"self":[{"href":"https:\/\/lucacastelli.com\/fr\/wp-json\/wp\/v2\/product\/635707","targetHints":{"allow":["GET"]}}],"collection":[{"href":"https:\/\/lucacastelli.com\/fr\/wp-json\/wp\/v2\/product"}],"about":[{"href":"https:\/\/lucacastelli.com\/fr\/wp-json\/wp\/v2\/types\/product"}],"wp:featuredmedia":[{"embeddable":true,"href":"https:\/\/lucacastelli.com\/fr\/wp-json\/wp\/v2\/media\/635721"}],"wp:attachment":[{"href":"https:\/\/lucacastelli.com\/fr\/wp-json\/wp\/v2\/media?parent=635707"}],"wp:term":[{"taxonomy":"product_brand","embeddable":true,"href":"https:\/\/lucacastelli.com\/fr\/wp-json\/wp\/v2\/product_brand?post=635707"},{"taxonomy":"product_cat","embeddable":true,"href":"https:\/\/lucacastelli.com\/fr\/wp-json\/wp\/v2\/product_cat?post=635707"},{"taxonomy":"product_tag","embeddable":true,"href":"https:\/\/lucacastelli.com\/fr\/wp-json\/wp\/v2\/product_tag?post=635707"}],"curies":[{"name":"wp","href":"https:\/\/api.w.org\/{rel}","templated":true}]}}