{"id":633200,"date":"2025-09-26T16:55:05","date_gmt":"2025-09-26T14:55:05","guid":{"rendered":"https:\/\/lucacastelli.com\/prodotto\/stihl-plaque-daccrochage-pour-la-lame-de-coupe-60-cm\/"},"modified":"2025-10-27T07:42:22","modified_gmt":"2025-10-27T06:42:22","slug":"stihl-plaque-daccrochage-pour-la-lame-de-coupe-60-cm","status":"publish","type":"product","link":"https:\/\/lucacastelli.com\/fr\/produit\/stihl-plaque-daccrochage-pour-la-lame-de-coupe-60-cm\/","title":{"rendered":"STIHL T\u00f4le de ramassage pour lame de coupe, 60 cm"},"content":{"rendered":"<h2>Lame de ramassage pour HL, HLA, HS et HSA : permet d&#8217;\u00e9conomiser du temps de travail gr\u00e2ce au ramassage du mat\u00e9riau coup\u00e9<\/h2>\n<p>Avec la lame de ramassage STIHL pour HL, HLA, HS et HSA, vous pouvez <b>\u00e9conomiser du temps apr\u00e8s avoir taill\u00e9 la haie<\/b>. \u00c9tant donn\u00e9 que le mat\u00e9riau coup\u00e9 est ramass\u00e9 <b>directement sur la lame du taille-haie ou du taille-haie STIHL<\/b>, il ne reste pas coinc\u00e9 entre les branches de la haie. \u00c0 l&#8217;aide du d\u00e9flecteur, vous pouvez le transporter en un seul mouvement de la haie au sol, facilitant ainsi son \u00e9vacuation. Le <g id=\"gid_2\">mat\u00e9riau plastique robuste<\/g> rend le d\u00e9flecteur STIHL pour HL, HLA, HS et HSA particuli\u00e8rement r\u00e9sistant et garantit qu&#8217;il supporte m\u00eame des sollicitations plus intenses. Il est id\u00e9al pour l&#8217;<a href=\"https:\/\/www.stihl.de\/de\/ratgeber-projekte\/gartenpflege\/heckenpflege\"><b>entretien des haies<\/b><\/a> <b>pour les professionnels et les utilisateurs priv\u00e9s exigeants<\/b>.    <\/p>\n<p>La t\u00f4le de ramassage peut \u00eatre mont\u00e9e facilement et confortablement sur le taille-haie STIHL ou sur un taille-haie STIHL. Aucun outil n&#8217;est n\u00e9cessaire. Selon les besoins, il est possible de <b>monter la t\u00f4le des deux c\u00f4t\u00e9s<\/b>.  <\/p>\n<p>La t\u00f4le de ramassage convient pour une longueur de coupe de 60 cm et est compatible <b>avec les taille-haies \u00e0 batterie et cisailles pour haies \u00e0 batterie STIHL suivants :<\/b><\/p>\n<p>&nbsp;<\/p>\n<ul>\n<li><a href=\"https:\/\/www.stihl.de\/de\/p\/heckenscheren-heckenschneider-benzin-heckenschere-hs-82-35322\"><b>HS 82<\/b><\/a><\/li>\n<li><a href=\"https:\/\/www.stihl.de\/de\/p\/heckenscheren-heckenschneider-hsa-100-183350\"><b>HSA 100<\/b><\/a><\/li>\n<li>HSA 140<\/li>\n<li><a href=\"https:\/\/www.stihl.de\/de\/p\/heckenscheren-heckenschneider-benzin-heckenschneider-hl-91-74077\"><b>HL 91<\/b><\/a><\/li>\n<li>HL 92<\/li>\n<li><a href=\"https:\/\/www.stihl.de\/de\/p\/heckenscheren-heckenschneider-benzin-heckenschneider-hl-94-74075\"><b>HL 94<\/b><\/a><\/li>\n<li><a href=\"https:\/\/www.stihl.de\/de\/p\/heckenscheren-heckenschneider-akku-heckenschneider-hla-135-ap-system-128710\"><b>HLA 135<\/b><\/a><\/li>\n<li>HLA 140<\/li>\n<li>HLA 150<\/li>\n<\/ul>\n","protected":false},"excerpt":{"rendered":"<p>Lame de ramassage pour HL, HLA, HS et HSA : permet d&#8217;\u00e9conomiser du temps de travail gr\u00e2ce au ramassage du<\/p>\n","protected":false},"featured_media":633192,"template":"","meta":{"_seopress_robots_primary_cat":"none","_seopress_titles_title":"","_seopress_titles_desc":"","_seopress_robots_index":""},"product_brand":[3555],"product_cat":[167,1690,1626],"product_tag":[],"class_list":{"0":"post-633200","1":"product","2":"type-product","3":"status-publish","4":"has-post-thumbnail","6":"product_brand-stihl-fr","7":"product_cat-machines","8":"product_cat-taille-haies-et-elagueurs","9":"product_cat-taille-haies-et-elagueurs-a-batterie","10":"sws-gruppo-macchinari-fr","11":"sws-conto-ricavi-merci-rivendita-macchinari-fr","12":"sws-gruppo-iva-iva81-fr","14":"first","15":"instock","16":"shipping-taxable","17":"purchasable","18":"product-type-simple"},"_links":{"self":[{"href":"https:\/\/lucacastelli.com\/fr\/wp-json\/wp\/v2\/product\/633200","targetHints":{"allow":["GET"]}}],"collection":[{"href":"https:\/\/lucacastelli.com\/fr\/wp-json\/wp\/v2\/product"}],"about":[{"href":"https:\/\/lucacastelli.com\/fr\/wp-json\/wp\/v2\/types\/product"}],"wp:featuredmedia":[{"embeddable":true,"href":"https:\/\/lucacastelli.com\/fr\/wp-json\/wp\/v2\/media\/633192"}],"wp:attachment":[{"href":"https:\/\/lucacastelli.com\/fr\/wp-json\/wp\/v2\/media?parent=633200"}],"wp:term":[{"taxonomy":"product_brand","embeddable":true,"href":"https:\/\/lucacastelli.com\/fr\/wp-json\/wp\/v2\/product_brand?post=633200"},{"taxonomy":"product_cat","embeddable":true,"href":"https:\/\/lucacastelli.com\/fr\/wp-json\/wp\/v2\/product_cat?post=633200"},{"taxonomy":"product_tag","embeddable":true,"href":"https:\/\/lucacastelli.com\/fr\/wp-json\/wp\/v2\/product_tag?post=633200"}],"curies":[{"name":"wp","href":"https:\/\/api.w.org\/{rel}","templated":true}]}}