{"id":633081,"date":"2025-09-25T19:41:55","date_gmt":"2025-09-25T17:41:55","guid":{"rendered":"https:\/\/lucacastelli.com\/?post_type=product&#038;p=633081"},"modified":"2025-09-26T23:22:21","modified_gmt":"2025-09-26T21:22:21","slug":"la-sportiva-tx4-evo-gtx-copia","status":"publish","type":"product","link":"https:\/\/lucacastelli.com\/fr\/produit\/la-sportiva-tx4-evo-gtx-copia\/","title":{"rendered":"LA SPORTIVA TX4 EVO GTX"},"content":{"rendered":"<p>La TX4 Evo GTX est une botte en cuir dot\u00e9e d\u2019une membrane GORE-TEX imperm\u00e9able, d\u00e9velopp\u00e9e pour assurer une stabilit\u00e9 et un soutien maximum, m\u00eame sur les terrains accident\u00e9s. Id\u00e9al pour les approches techniques et les passages d\u2019escalade faciles, il offre un confort in\u00e9gal\u00e9 gr\u00e2ce aux mat\u00e9riaux sup\u00e9rieurs et au grand volume interne. La membrane GORE-TEX Extended Comfort garantit l\u2019imperm\u00e9abilit\u00e9 et la respirabilit\u00e9 des chaussures m\u00eame en cas d\u2019utilisation prolong\u00e9e.  <\/p>\n<p>Le dessin de la bande de roulement avec le compos\u00e9 Vibram\u00ae MegaGrip et les crampons brevet\u00e9s Impact Brake System\u2122 permettent une stabilit\u00e9 maximale en descente et un contr\u00f4le parfait de la traction en mont\u00e9e. La grande zone d\u2019escalade \u00e0 la pointe garantit pr\u00e9cision et bonne adh\u00e9rence en mont\u00e9e et dans les passages difficiles. <\/p>\n<p>La semelle interm\u00e9diaire sp\u00e9ciale avec insert brevet\u00e9 Resole Platform\u2122 permet de ressemeler la TX4 Evo sans compromettre ses caract\u00e9ristiques techniques et de confort.<\/p>\n<p>Caract\u00e9ristiques des chaussures d\u2019approche<br \/>\nhomme La Sportiva TX4 Evo GTX Syst\u00e8me de la\u00e7age d\u2019escalade sport pour un r\u00e9glage optimal du volume<\/p>\n<p>Tissu de protection dans la zone m\u00e9diale avant de la cale pour la prot\u00e9ger de l\u2019abrasion<\/p>\n<p>Plate-forme\u2122 de rassise : l\u2019ensemble de la semelle est con\u00e7u pour un remplacement rapide et facile de la bande de roulement avec des pi\u00e8ces d\u2019origine La Sportiva.<\/p>\n<p>Lacets et boucles recycl\u00e9s + EVA recycl\u00e9 dans la semelle interm\u00e9diaire<\/p>\n<p>Informations techniques<\/p>\n<p>Tige : daim + bande de protection, caoutchouc et embout en caoutchouc<\/p>\n<p>Doublure : maille<\/p>\n<p>Semelle int\u00e9rieure : Ortholite\u00ae Hybrid Approach 4 mm<\/p>\n<p>Semelle interm\u00e9diaire : EVA moul\u00e9 par compression<\/p>\n<p>Semelle ext\u00e9rieure : Vibram\u00ae MegaGrip avec IBS<\/p>\n<p>Brevets&nbsp;: Plate-forme\u2122 de raccord &#8211; Syst\u00e8me\u2122 de freinage \u00e0 impact<\/p>\n","protected":false},"excerpt":{"rendered":"<p>La TX4 Evo GTX est une botte en cuir dot\u00e9e d\u2019une membrane GORE-TEX imperm\u00e9able, d\u00e9velopp\u00e9e pour assurer une stabilit\u00e9 et<\/p>\n","protected":false},"featured_media":633151,"template":"","meta":{"_seopress_robots_primary_cat":"none","_seopress_titles_title":"","_seopress_titles_desc":"","_seopress_robots_index":""},"product_brand":[3648],"product_cat":[173,1420,1432],"product_tag":[],"class_list":{"0":"post-633081","1":"product","2":"type-product","3":"status-publish","4":"has-post-thumbnail","6":"product_brand-la-sportiva-fr","7":"product_cat-chaussures","8":"product_cat-chaussures-de-loisirs","9":"product_cat-chaussures-pour-hommes","10":"sws-gruppo-abb-libero-fr","11":"sws-conto-ricavi-merci-rivendita-abbigliamento-fr","12":"sws-gruppo-iva-iva81-fr","14":"first","15":"instock","16":"shipping-taxable","17":"purchasable","18":"product-type-variable","19":"has-default-attributes"},"_links":{"self":[{"href":"https:\/\/lucacastelli.com\/fr\/wp-json\/wp\/v2\/product\/633081","targetHints":{"allow":["GET"]}}],"collection":[{"href":"https:\/\/lucacastelli.com\/fr\/wp-json\/wp\/v2\/product"}],"about":[{"href":"https:\/\/lucacastelli.com\/fr\/wp-json\/wp\/v2\/types\/product"}],"wp:featuredmedia":[{"embeddable":true,"href":"https:\/\/lucacastelli.com\/fr\/wp-json\/wp\/v2\/media\/633151"}],"wp:attachment":[{"href":"https:\/\/lucacastelli.com\/fr\/wp-json\/wp\/v2\/media?parent=633081"}],"wp:term":[{"taxonomy":"product_brand","embeddable":true,"href":"https:\/\/lucacastelli.com\/fr\/wp-json\/wp\/v2\/product_brand?post=633081"},{"taxonomy":"product_cat","embeddable":true,"href":"https:\/\/lucacastelli.com\/fr\/wp-json\/wp\/v2\/product_cat?post=633081"},{"taxonomy":"product_tag","embeddable":true,"href":"https:\/\/lucacastelli.com\/fr\/wp-json\/wp\/v2\/product_tag?post=633081"}],"curies":[{"name":"wp","href":"https:\/\/api.w.org\/{rel}","templated":true}]}}