{"id":632949,"date":"2025-09-24T15:07:01","date_gmt":"2025-09-24T13:07:01","guid":{"rendered":"https:\/\/lucacastelli.com\/prodotto\/scarpa-mojito-gtx-2\/"},"modified":"2026-03-02T16:11:19","modified_gmt":"2026-03-02T15:11:19","slug":"scarpa-mojito-gtx-2","status":"publish","type":"product","link":"https:\/\/lucacastelli.com\/fr\/produit\/scarpa-mojito-gtx-2\/","title":{"rendered":"SCARPA Mojito GTX"},"content":{"rendered":"<p>Dans cette r\u00e9interpr\u00e9tation, l&#8217;iconique Mojito ajoute une membrane GORE-TEX \u00e0 la doublure, garantissant l&#8217;imperm\u00e9abilit\u00e9 m\u00eame par temps pluvieux. En cuir de veau su\u00e9d\u00e9, avec un toucher doux et souple, elle convient \u00e0 tous les parcours urbains que l&#8217;on souhaite entreprendre. <\/p>\n<p>&nbsp;<\/p>\n<div class=\"vertical_intro_wrapper\">\n<div class=\"vertical_intro\">\n<div class=\"vertical_title scarpa\">CARACT\u00c9RISTIQUES<\/div>\n<div><\/div>\n<\/div>\n<\/div>\n<div class=\"vertical_side_content\">\n<div class=\"product_features\">\n<div class=\"row d-block d-sm-block d-md-block d-lg-flex align-items-stretch\">\n<div class=\"col-12 col-sm-12 co-md-12 col-lg-6\">\n<div class=\"feature_wrapper\">\n<div class=\"feature_title\" data-lang=\"attribute_tomaia\">EN HAUT<\/div>\n<p>Fabriqu\u00e9e en daim hydrofuge, avec un embout de protection en caoutchouc.<\/p>\n<\/div>\n<\/div>\n<div class=\"col-12 col-sm-12 co-md-12 col-lg-6\">\n<div class=\"feature_wrapper\">\n<div class=\"feature_title\" data-lang=\"attribute_lacing\">LACING<\/div>\n<p>Le la\u00e7age \u00e9tendu, d\u00e9riv\u00e9 de l&#8217;escalade, s&#8217;\u00e9tend jusqu&#8217;\u00e0 la pointe \u00e0 travers des trous et des \u0153illets, offrant une personnalisation et un confort maximal dans l&#8217;ajustement. Livr\u00e9 avec un double lacet, disponible en contraste ou ton sur ton avec la tige, pour s&#8217;adapter \u00e0 tous les besoins de style. <\/p>\n<\/div>\n<\/div>\n<\/div>\n<div class=\"row d-block d-sm-block d-md-block d-lg-flex align-items-stretch\">\n<div class=\"col-12 col-sm-12 co-md-12 col-lg-6\">\n<div class=\"feature_wrapper\">\n<div class=\"feature_title\" data-lang=\"attribute_fodera\">COUVERTURE<\/div>\n<p>Avec membrane GORE-TEX BlueSign Approved sans traitement DWR (Durable Waterproof Repellent) et PFCec Free.<\/p>\n<\/div>\n<\/div>\n<div class=\"col-12 col-sm-12 co-md-12 col-lg-6\">\n<div class=\"feature_wrapper\">\n<div class=\"feature_title\" data-lang=\"attribute_suola\">SOLE<\/div>\n<p>Spyder avec semelle interm\u00e9diaire en EVA pour assurer un confort maximal et l&#8217;absorption des chocs. La semelle ext\u00e9rieure est en caoutchouc Vibram\u00ae avec des protections lat\u00e9rales. <\/p>\n<\/div>\n<\/div>\n<\/div>\n<\/div>\n<\/div>\n","protected":false},"excerpt":{"rendered":"<p>Dans cette r\u00e9interpr\u00e9tation, l&#8217;iconique Mojito ajoute une membrane GORE-TEX \u00e0 la doublure, garantissant l&#8217;imperm\u00e9abilit\u00e9 m\u00eame par temps pluvieux. En cuir<\/p>\n","protected":false},"featured_media":632955,"template":"","meta":{"_seopress_robots_primary_cat":"none","_seopress_titles_title":"","_seopress_titles_desc":"","_seopress_robots_index":""},"product_brand":[4382],"product_cat":[28,568,569],"product_tag":[],"class_list":{"0":"post-632949","1":"product","2":"type-product","3":"status-publish","4":"has-post-thumbnail","6":"product_brand-scarpa","7":"product_cat-calzature","8":"product_cat-calzature-per-il-tempo-libero","9":"product_cat-calzature-da-uomo","10":"sws-gruppo-abb-libero-fr","11":"sws-conto-ricavi-merci-rivendita-abbigliamento-fr","12":"sws-gruppo-iva-iva81-fr","14":"first","15":"instock","16":"shipping-taxable","17":"purchasable","18":"product-type-variable","19":"has-default-attributes"},"_links":{"self":[{"href":"https:\/\/lucacastelli.com\/fr\/wp-json\/wp\/v2\/product\/632949","targetHints":{"allow":["GET"]}}],"collection":[{"href":"https:\/\/lucacastelli.com\/fr\/wp-json\/wp\/v2\/product"}],"about":[{"href":"https:\/\/lucacastelli.com\/fr\/wp-json\/wp\/v2\/types\/product"}],"wp:featuredmedia":[{"embeddable":true,"href":"https:\/\/lucacastelli.com\/fr\/wp-json\/wp\/v2\/media\/632955"}],"wp:attachment":[{"href":"https:\/\/lucacastelli.com\/fr\/wp-json\/wp\/v2\/media?parent=632949"}],"wp:term":[{"taxonomy":"product_brand","embeddable":true,"href":"https:\/\/lucacastelli.com\/fr\/wp-json\/wp\/v2\/product_brand?post=632949"},{"taxonomy":"product_cat","embeddable":true,"href":"https:\/\/lucacastelli.com\/fr\/wp-json\/wp\/v2\/product_cat?post=632949"},{"taxonomy":"product_tag","embeddable":true,"href":"https:\/\/lucacastelli.com\/fr\/wp-json\/wp\/v2\/product_tag?post=632949"}],"curies":[{"name":"wp","href":"https:\/\/api.w.org\/{rel}","templated":true}]}}