{"id":632892,"date":"2025-09-24T14:47:40","date_gmt":"2025-09-24T12:47:40","guid":{"rendered":"https:\/\/lucacastelli.com\/prodotto\/scarpa-mont-blanc-gtx\/"},"modified":"2025-09-24T14:47:40","modified_gmt":"2025-09-24T12:47:40","slug":"scarpa-mont-blanc-gtx","status":"publish","type":"product","link":"https:\/\/lucacastelli.com\/fr\/produit\/scarpa-mont-blanc-gtx\/","title":{"rendered":"SCARPA Mont Blanc Gtx"},"content":{"rendered":"<p>Il s&#8217;agit d&#8217;une botte d&#8217;alpinisme classique, con\u00e7ue pour offrir une durabilit\u00e9 et une protection sup\u00e9rieures, des qualit\u00e9s qui la rendent \u00e9galement id\u00e9ale comme botte de travail. Le rand en caoutchouc prot\u00e8ge la botte des chocs et des abrasions, tandis que le col ergonomique et la languette en cuir assurent le confort et l&#8217;adaptabilit\u00e9 de la tige. Un accessoire 3D Fit pour la languette est inclus pour am\u00e9liorer le confort en pr\u00e9sence de petits volumes.  <\/p>\n","protected":false},"excerpt":{"rendered":"<p>Il s&#8217;agit d&#8217;une botte d&#8217;alpinisme classique, con\u00e7ue pour offrir une durabilit\u00e9 et une protection sup\u00e9rieures, des qualit\u00e9s qui la rendent<\/p>\n","protected":false},"featured_media":632257,"template":"","meta":{"_seopress_robots_primary_cat":"none","_seopress_titles_title":"","_seopress_titles_desc":"","_seopress_robots_index":""},"product_brand":[4382],"product_cat":[28,568,569],"product_tag":[],"class_list":{"0":"post-632892","1":"product","2":"type-product","3":"status-publish","4":"has-post-thumbnail","6":"product_brand-scarpa","7":"product_cat-calzature","8":"product_cat-calzature-per-il-tempo-libero","9":"product_cat-calzature-da-uomo","10":"sws-gruppo-abb-libero-fr","11":"sws-conto-ricavi-merci-rivendita-abbigliamento-fr","12":"sws-gruppo-iva-iva81-fr","14":"first","15":"instock","16":"shipping-taxable","17":"purchasable","18":"product-type-variable","19":"has-default-attributes"},"_links":{"self":[{"href":"https:\/\/lucacastelli.com\/fr\/wp-json\/wp\/v2\/product\/632892","targetHints":{"allow":["GET"]}}],"collection":[{"href":"https:\/\/lucacastelli.com\/fr\/wp-json\/wp\/v2\/product"}],"about":[{"href":"https:\/\/lucacastelli.com\/fr\/wp-json\/wp\/v2\/types\/product"}],"wp:featuredmedia":[{"embeddable":true,"href":"https:\/\/lucacastelli.com\/fr\/wp-json\/wp\/v2\/media\/632257"}],"wp:attachment":[{"href":"https:\/\/lucacastelli.com\/fr\/wp-json\/wp\/v2\/media?parent=632892"}],"wp:term":[{"taxonomy":"product_brand","embeddable":true,"href":"https:\/\/lucacastelli.com\/fr\/wp-json\/wp\/v2\/product_brand?post=632892"},{"taxonomy":"product_cat","embeddable":true,"href":"https:\/\/lucacastelli.com\/fr\/wp-json\/wp\/v2\/product_cat?post=632892"},{"taxonomy":"product_tag","embeddable":true,"href":"https:\/\/lucacastelli.com\/fr\/wp-json\/wp\/v2\/product_tag?post=632892"}],"curies":[{"name":"wp","href":"https:\/\/api.w.org\/{rel}","templated":true}]}}