{"id":632851,"date":"2025-09-24T14:29:44","date_gmt":"2025-09-24T12:29:44","guid":{"rendered":"https:\/\/lucacastelli.com\/prodotto\/scarpa-mojito-mid-gtx-wool\/"},"modified":"2025-09-24T14:29:44","modified_gmt":"2025-09-24T12:29:44","slug":"scarpa-mojito-mid-gtx-wool","status":"publish","type":"product","link":"https:\/\/lucacastelli.com\/fr\/produit\/scarpa-mojito-mid-gtx-wool\/","title":{"rendered":"SCARPA MOJITO MID GTX WOOL"},"content":{"rendered":"<p>Chaussure mi-longue confortable et imperm\u00e9able, parfaite pour les loisirs lors des journ\u00e9es froides et enneig\u00e9es. Gr\u00e2ce \u00e0 la membrane GORE-TEX et \u00e0 la semelle dot\u00e9e de la technologie Arctic Grip, elle garantit des pieds secs et chauds toute la journ\u00e9e, m\u00eame dans des conditions difficiles. Une fusion parfaite entre tradition et innovation technologique.  <\/p>\n<p>&nbsp;<\/p>\n<div class=\"vertical_intro_wrapper\">\n<div class=\"vertical_intro\">\n<div class=\"vertical_title scarpa\">CARACT\u00c9RISTIQUES<\/div>\n<div><\/div>\n<\/div>\n<\/div>\n<div class=\"vertical_side_content\">\n<div class=\"product_features\">\n<div class=\"row d-block d-sm-block d-md-block d-lg-flex align-items-stretch\">\n<div class=\"col-12 col-sm-12 co-md-12 col-lg-6\">\n<div class=\"feature_wrapper\">\n<div class=\"feature_title\" data-lang=\"attribute_tomaia\">EN HAUT<\/div>\n<p>Fabriqu\u00e9 en cuir su\u00e9d\u00e9 hydrofuge.<\/p><\/div>\n<\/div>\n<div class=\"col-12 col-sm-12 co-md-12 col-lg-6\">\n<div class=\"feature_wrapper\">\n<div class=\"feature_title\" data-lang=\"attribute_lacing\">LACING<\/div>\n<p>Le la\u00e7age \u00e9tendu d\u00e9riv\u00e9 de l&#8217;escalade s&#8217;\u00e9tend jusqu&#8217;aux orteils pour une personnalisation et un confort de port maximum.<\/p><\/div>\n<\/div>\n<\/div>\n<div class=\"row d-block d-sm-block d-md-block d-lg-flex align-items-stretch\">\n<div class=\"col-12 col-sm-12 co-md-12 col-lg-6\">\n<div class=\"feature_wrapper\">\n<div class=\"feature_title\" data-lang=\"attribute_fodera\">COUVERTURE<\/div>\n<p>Fabriqu\u00e9 en GORE-TEX pour garantir l&#8217;imperm\u00e9abilit\u00e9.<\/p><\/div>\n<\/div>\n<div class=\"col-12 col-sm-12 co-md-12 col-lg-6\">\n<div class=\"feature_wrapper\">\n<div class=\"feature_title\" data-lang=\"attribute_suola\">SOLE<\/div>\n<p>Arctic Spyder avec semelle interm\u00e9diaire en EVA. La semelle est en caoutchouc Vibram\u00ae Arctic Grip. <\/p><\/div>\n<\/div>\n<\/div>\n<\/div>\n<\/div>\n","protected":false},"excerpt":{"rendered":"<p>Chaussure mi-longue confortable et imperm\u00e9able, parfaite pour les loisirs lors des journ\u00e9es froides et enneig\u00e9es. Gr\u00e2ce \u00e0 la membrane GORE-TEX<\/p>\n","protected":false},"featured_media":632094,"template":"","meta":{"_seopress_robots_primary_cat":"","_seopress_titles_title":"","_seopress_titles_desc":"","_seopress_robots_index":""},"product_brand":[4382],"product_cat":[28,568,569],"product_tag":[],"class_list":{"0":"post-632851","1":"product","2":"type-product","3":"status-publish","4":"has-post-thumbnail","6":"product_brand-scarpa","7":"product_cat-calzature","8":"product_cat-calzature-per-il-tempo-libero","9":"product_cat-calzature-da-uomo","10":"sws-gruppo-abb-libero-fr","11":"sws-conto-ricavi-merci-rivendita-abbigliamento-fr","12":"sws-gruppo-iva-iva81-fr","14":"first","15":"instock","16":"shipping-taxable","17":"purchasable","18":"product-type-variable","19":"has-default-attributes"},"_links":{"self":[{"href":"https:\/\/lucacastelli.com\/fr\/wp-json\/wp\/v2\/product\/632851","targetHints":{"allow":["GET"]}}],"collection":[{"href":"https:\/\/lucacastelli.com\/fr\/wp-json\/wp\/v2\/product"}],"about":[{"href":"https:\/\/lucacastelli.com\/fr\/wp-json\/wp\/v2\/types\/product"}],"wp:featuredmedia":[{"embeddable":true,"href":"https:\/\/lucacastelli.com\/fr\/wp-json\/wp\/v2\/media\/632094"}],"wp:attachment":[{"href":"https:\/\/lucacastelli.com\/fr\/wp-json\/wp\/v2\/media?parent=632851"}],"wp:term":[{"taxonomy":"product_brand","embeddable":true,"href":"https:\/\/lucacastelli.com\/fr\/wp-json\/wp\/v2\/product_brand?post=632851"},{"taxonomy":"product_cat","embeddable":true,"href":"https:\/\/lucacastelli.com\/fr\/wp-json\/wp\/v2\/product_cat?post=632851"},{"taxonomy":"product_tag","embeddable":true,"href":"https:\/\/lucacastelli.com\/fr\/wp-json\/wp\/v2\/product_tag?post=632851"}],"curies":[{"name":"wp","href":"https:\/\/api.w.org\/{rel}","templated":true}]}}