{"id":632792,"date":"2025-09-11T15:42:23","date_gmt":"2025-09-11T13:42:23","guid":{"rendered":"https:\/\/lucacastelli.com\/prodotto\/pegasus-crazy\/"},"modified":"2026-04-14T02:49:20","modified_gmt":"2026-04-14T00:49:20","slug":"pegasus-crazy","status":"publish","type":"product","link":"https:\/\/lucacastelli.com\/fr\/produit\/pegasus-crazy\/","title":{"rendered":"PEGASUS CRAZY"},"content":{"rendered":"<h3 data-start=\"87\" data-end=\"100\">CONCEPT<\/h3>\n<ul data-start=\"101\" data-end=\"249\">\n<li data-start=\"101\" data-end=\"128\">\n<p data-start=\"103\" data-end=\"128\">Technologie <strong data-start=\"114\" data-end=\"126\">Acrofuse<\/strong><\/p>\n<\/li>\n<li data-start=\"129\" data-end=\"208\">\n<p data-start=\"131\" data-end=\"208\">Poches repose-mains : une ouverte \u00e0 droite, une d\u00e9coup\u00e9e au laser avec zip coll\u00e9 \u00e0 gauche<\/p>\n<\/li>\n<li data-start=\"209\" data-end=\"249\">\n<p data-start=\"211\" data-end=\"249\">Taille r\u00e9glable avec cordon \u00e9lastique<\/p>\n<\/li>\n<\/ul>\n<h3 data-start=\"251\" data-end=\"265\">CARACT\u00c9RISTIQUES<\/h3>\n<p data-start=\"266\" data-end=\"605\">Le <strong data-start=\"269\" data-end=\"286\">Short Pegasus<\/strong> se distingue par un design \u00e9pur\u00e9 et moderne, con\u00e7u en <strong data-start=\"353\" data-end=\"380\">tissu Endurance Light<\/strong> avec la technologie innovante <strong data-start=\"411\" data-end=\"423\">Acrofuse<\/strong>.<br data-start=\"424\" data-end=\"427\">Ce proc\u00e9d\u00e9 sp\u00e9cial remplace les coutures traditionnelles par des <strong data-start=\"496\" data-end=\"516\">micro-collages<\/strong>, qui all\u00e8gent le v\u00eatement et en subliment l\u2019esth\u00e9tique, pour un rendu net et technologique.<\/p>\n<p data-start=\"607\" data-end=\"759\">L\u2019absence de coutures garantit \u00e9galement un short <strong data-start=\"658\" data-end=\"705\">extr\u00eamement \u00e9lastique, r\u00e9sistant et l\u00e9ger<\/strong>, assurant des performances maximales et un confort technique.<\/p>\n","protected":false},"excerpt":{"rendered":"<p>CONCEPT Technologie Acrofuse Poches repose-mains : une ouverte \u00e0 droite, une d\u00e9coup\u00e9e au laser avec zip coll\u00e9 \u00e0 gauche Taille<\/p>\n","protected":false},"featured_media":632795,"template":"","meta":{"_seopress_robots_primary_cat":"","_seopress_titles_title":"","_seopress_titles_desc":"","_seopress_robots_index":""},"product_brand":[3616],"product_cat":[81,981,982],"product_tag":[],"class_list":{"0":"post-632792","1":"product","2":"type-product","3":"status-publish","4":"has-post-thumbnail","6":"product_brand-crazy-fr","7":"product_cat-vetements","8":"product_cat-vetements-de-loisirs","9":"product_cat-vetements-pour-hommes","10":"sws-gruppo-abb-libero-fr","11":"sws-conto-ricavi-merci-rivendita-abbigliamento-fr","12":"sws-gruppo-iva-iva81-fr","14":"first","15":"instock","16":"sale","17":"shipping-taxable","18":"purchasable","19":"product-type-variable","20":"has-default-attributes"},"_links":{"self":[{"href":"https:\/\/lucacastelli.com\/fr\/wp-json\/wp\/v2\/product\/632792","targetHints":{"allow":["GET"]}}],"collection":[{"href":"https:\/\/lucacastelli.com\/fr\/wp-json\/wp\/v2\/product"}],"about":[{"href":"https:\/\/lucacastelli.com\/fr\/wp-json\/wp\/v2\/types\/product"}],"wp:featuredmedia":[{"embeddable":true,"href":"https:\/\/lucacastelli.com\/fr\/wp-json\/wp\/v2\/media\/632795"}],"wp:attachment":[{"href":"https:\/\/lucacastelli.com\/fr\/wp-json\/wp\/v2\/media?parent=632792"}],"wp:term":[{"taxonomy":"product_brand","embeddable":true,"href":"https:\/\/lucacastelli.com\/fr\/wp-json\/wp\/v2\/product_brand?post=632792"},{"taxonomy":"product_cat","embeddable":true,"href":"https:\/\/lucacastelli.com\/fr\/wp-json\/wp\/v2\/product_cat?post=632792"},{"taxonomy":"product_tag","embeddable":true,"href":"https:\/\/lucacastelli.com\/fr\/wp-json\/wp\/v2\/product_tag?post=632792"}],"curies":[{"name":"wp","href":"https:\/\/api.w.org\/{rel}","templated":true}]}}