{"id":632772,"date":"2025-09-11T15:07:05","date_gmt":"2025-09-11T13:07:05","guid":{"rendered":"https:\/\/lucacastelli.com\/prodotto\/crazy-top-shiny\/"},"modified":"2026-04-14T02:50:05","modified_gmt":"2026-04-14T00:50:05","slug":"crazy-top-shiny","status":"publish","type":"product","link":"https:\/\/lucacastelli.com\/fr\/produit\/crazy-top-shiny\/","title":{"rendered":"CRAZY TOP SHINY"},"content":{"rendered":"<h3 data-start=\"106\" data-end=\"119\">CONCEPT<\/h3>\n<ul data-start=\"120\" data-end=\"200\">\n<li data-start=\"120\" data-end=\"150\">\n<p data-start=\"122\" data-end=\"150\">Bretelle fines et souples<\/p>\n<\/li>\n<li data-start=\"151\" data-end=\"176\">\n<p data-start=\"153\" data-end=\"176\">Soutien-gorge int\u00e9rieur int\u00e9gr\u00e9<\/p>\n<\/li>\n<li data-start=\"177\" data-end=\"200\">\n<p data-start=\"179\" data-end=\"200\">Imprim\u00e9s <strong data-start=\"186\" data-end=\"198\">all over<\/strong><\/p>\n<\/li>\n<\/ul>\n<h3 data-start=\"202\" data-end=\"216\">CARACT\u00c9RISTIQUES<\/h3>\n<p data-start=\"217\" data-end=\"533\">Le <strong data-start=\"220\" data-end=\"238\">Top Hydro Cool<\/strong> est un v\u00eatement essentiel et \u00e9l\u00e9gant, parfait pour les journ\u00e9es les plus chaudes et pour les activit\u00e9s quotidiennes en plein air.<br data-start=\"346\" data-end=\"349\">Il se caract\u00e9rise par des <strong data-start=\"369\" data-end=\"389\">bretelles fines<\/strong>, des <strong data-start=\"391\" data-end=\"421\">c\u00f4t\u00e9s en r\u00e9sille technique<\/strong> souple et \u00e9lastique, un <strong data-start=\"443\" data-end=\"458\">brassi\u00e8re int\u00e9gr\u00e9e<\/strong> et un <strong data-start=\"474\" data-end=\"491\">ourlet arrondi<\/strong> au bas qui met en valeur la coupe.<\/p>\n<p data-start=\"535\" data-end=\"669\">R\u00e9alis\u00e9 en <strong data-start=\"549\" data-end=\"563\">Hydro Cool<\/strong>, notre tissu frais, l\u00e9ger et \u00e9lastique, garantit confort et respirabilit\u00e9 en toute situation.<\/p>\n","protected":false},"excerpt":{"rendered":"<p>CONCEPT Bretelle fines et souples Soutien-gorge int\u00e9rieur int\u00e9gr\u00e9 Imprim\u00e9s all over CARACT\u00c9RISTIQUES Le Top Hydro Cool est un v\u00eatement essentiel<\/p>\n","protected":false},"featured_media":632774,"template":"","meta":{"_seopress_robots_primary_cat":"none","_seopress_titles_title":"","_seopress_titles_desc":"","_seopress_robots_index":""},"product_brand":[3616],"product_cat":[81,981,1387],"product_tag":[],"class_list":{"0":"post-632772","1":"product","2":"type-product","3":"status-publish","4":"has-post-thumbnail","6":"product_brand-crazy-fr","7":"product_cat-vetements","8":"product_cat-vetements-de-loisirs","9":"product_cat-vetements-pour-femmes","10":"sws-gruppo-abb-libero-fr","11":"sws-conto-ricavi-merci-rivendita-abbigliamento-fr","12":"sws-gruppo-iva-iva81-fr","14":"first","15":"instock","16":"sale","17":"shipping-taxable","18":"purchasable","19":"product-type-variable","20":"has-default-attributes"},"_links":{"self":[{"href":"https:\/\/lucacastelli.com\/fr\/wp-json\/wp\/v2\/product\/632772","targetHints":{"allow":["GET"]}}],"collection":[{"href":"https:\/\/lucacastelli.com\/fr\/wp-json\/wp\/v2\/product"}],"about":[{"href":"https:\/\/lucacastelli.com\/fr\/wp-json\/wp\/v2\/types\/product"}],"wp:featuredmedia":[{"embeddable":true,"href":"https:\/\/lucacastelli.com\/fr\/wp-json\/wp\/v2\/media\/632774"}],"wp:attachment":[{"href":"https:\/\/lucacastelli.com\/fr\/wp-json\/wp\/v2\/media?parent=632772"}],"wp:term":[{"taxonomy":"product_brand","embeddable":true,"href":"https:\/\/lucacastelli.com\/fr\/wp-json\/wp\/v2\/product_brand?post=632772"},{"taxonomy":"product_cat","embeddable":true,"href":"https:\/\/lucacastelli.com\/fr\/wp-json\/wp\/v2\/product_cat?post=632772"},{"taxonomy":"product_tag","embeddable":true,"href":"https:\/\/lucacastelli.com\/fr\/wp-json\/wp\/v2\/product_tag?post=632772"}],"curies":[{"name":"wp","href":"https:\/\/api.w.org\/{rel}","templated":true}]}}