{"id":632755,"date":"2025-09-11T10:09:44","date_gmt":"2025-09-11T08:09:44","guid":{"rendered":"https:\/\/lucacastelli.com\/prodotto\/helly-hansen-pantalon-de-couche-de-base-lifa-merino-midweight-graphic\/"},"modified":"2026-03-02T15:11:09","modified_gmt":"2026-03-02T14:11:09","slug":"helly-hansen-pantalon-de-couche-de-base-lifa-merino-midweight-graphic","status":"publish","type":"product","link":"https:\/\/lucacastelli.com\/fr\/produit\/helly-hansen-pantalon-de-couche-de-base-lifa-merino-midweight-graphic\/","title":{"rendered":"HELLY HANSEN Pantalon de couche de base Lifa Merino Midweight Graphic"},"content":{"rendered":"<div class=\"product-desc\">\n<p>Nos pantalons LIFA\u00ae Merino Midweight sont parfaits pour toutes vos activit\u00e9s par temps froid et vous permettent de rester dehors longtemps. Nous avons associ\u00e9 une \u00e9paisseur 100 % laine m\u00e9rinos \u00e0 notre technologie \u00e9prouv\u00e9e LIFA\u00ae Stay Warm dans une construction double couche. Le mod\u00e8le LIFA\u00ae Merino MIDWEIGHT offre toute la chaleur et la respirabilit\u00e9 de la laine m\u00e9rinos, ainsi que les propri\u00e9t\u00e9s de gestion de l\u2019humidit\u00e9 uniques des fibres LIFA\u00ae. Ce bas technique arbore des imprim\u00e9s tendance et offre une coupe confortable pour une libert\u00e9 de mouvement totale sans encombrement.   <\/p>\n<\/div>\n<p>Composition : Ext\u00e9rieur : 57 % laine m\u00e9rinos, 43 % polypropyl\u00e8ne<\/p>\n<p>Instructions d\u2019entretien : ne pas utiliser d\u2019assouplissant. Ne pas tordre. Utiliser une lessive sp\u00e9ciale laine. Laver sur l\u2019envers.   <\/p>\n<div class=\"productDetails_productDetailsCols__K1qqI\">\n<div class=\"productDetails_productDetailsRow__bHp5_\">\n<div class=\"blocks_mobileInlineWrapper__N_Soc\">Poids : 190g<\/div>\n<\/div>\n<\/div>\n<div><\/div>\n<div>\n<ul>\n<li>\n<p class=\"body_default__v2V8e body_style--basic__4qd4x body_style--basic__4qd4x\">LIFA\u00ae MERINO<\/p>\n<\/li>\n<li>\n<p class=\"body_default__v2V8e body_style--basic__4qd4x body_style--basic__4qd4x\">Construction \u00e0 deux couches<\/p>\n<\/li>\n<li>\n<p class=\"body_default__v2V8e body_style--basic__4qd4x body_style--basic__4qd4x\">Mod\u00e8le \u00e0 demi-zip<\/p>\n<\/li>\n<li>\n<p class=\"body_default__v2V8e body_style--basic__4qd4x body_style--basic__4qd4x\">Ext\u00e9rieur en 100 % laine m\u00e9rinos<\/p>\n<\/li>\n<li>\n<p class=\"body_default__v2V8e body_style--basic__4qd4x body_style--basic__4qd4x\">Coutures plates pour un confort et une r\u00e9sistance optimaux<\/p>\n<\/li>\n<li>\n<p class=\"body_default__v2V8e body_style--basic__4qd4x body_style--basic__4qd4x\">Tissu non irritant<\/p>\n<\/li>\n<li>\n<p class=\"body_default__v2V8e body_style--basic__4qd4x body_style--basic__4qd4x\">ZQ m\u00e9rinos<\/p>\n<\/li>\n<\/ul>\n<\/div>\n","protected":false},"excerpt":{"rendered":"<p>Nos pantalons LIFA\u00ae Merino Midweight sont parfaits pour toutes vos activit\u00e9s par temps froid et vous permettent de rester dehors<\/p>\n","protected":false},"featured_media":632757,"template":"","meta":{"_seopress_robots_primary_cat":"none","_seopress_titles_title":"","_seopress_titles_desc":"","_seopress_robots_index":""},"product_brand":[3425],"product_cat":[21,189,200],"product_tag":[],"class_list":{"0":"post-632755","1":"product","2":"type-product","3":"status-publish","4":"has-post-thumbnail","6":"product_brand-helly-hansen","7":"product_cat-abbigliamento","8":"product_cat-abbigliamento-per-il-tempo-libero","9":"product_cat-abbigliamento-da-donna","10":"sws-gruppo-abb-libero-fr","11":"sws-conto-ricavi-merci-rivendita-abbigliamento-fr","12":"sws-gruppo-iva-iva81-fr","14":"first","15":"instock","16":"sale","17":"shipping-taxable","18":"purchasable","19":"product-type-variable","20":"has-default-attributes"},"_links":{"self":[{"href":"https:\/\/lucacastelli.com\/fr\/wp-json\/wp\/v2\/product\/632755","targetHints":{"allow":["GET"]}}],"collection":[{"href":"https:\/\/lucacastelli.com\/fr\/wp-json\/wp\/v2\/product"}],"about":[{"href":"https:\/\/lucacastelli.com\/fr\/wp-json\/wp\/v2\/types\/product"}],"wp:featuredmedia":[{"embeddable":true,"href":"https:\/\/lucacastelli.com\/fr\/wp-json\/wp\/v2\/media\/632757"}],"wp:attachment":[{"href":"https:\/\/lucacastelli.com\/fr\/wp-json\/wp\/v2\/media?parent=632755"}],"wp:term":[{"taxonomy":"product_brand","embeddable":true,"href":"https:\/\/lucacastelli.com\/fr\/wp-json\/wp\/v2\/product_brand?post=632755"},{"taxonomy":"product_cat","embeddable":true,"href":"https:\/\/lucacastelli.com\/fr\/wp-json\/wp\/v2\/product_cat?post=632755"},{"taxonomy":"product_tag","embeddable":true,"href":"https:\/\/lucacastelli.com\/fr\/wp-json\/wp\/v2\/product_tag?post=632755"}],"curies":[{"name":"wp","href":"https:\/\/api.w.org\/{rel}","templated":true}]}}