{"id":632729,"date":"2025-09-11T14:29:53","date_gmt":"2025-09-11T12:29:53","guid":{"rendered":"https:\/\/lucacastelli.com\/prodotto\/crazy-bra-lightning\/"},"modified":"2026-04-14T02:51:15","modified_gmt":"2026-04-14T00:51:15","slug":"crazy-bra-lightning","status":"publish","type":"product","link":"https:\/\/lucacastelli.com\/fr\/produit\/crazy-bra-lightning\/","title":{"rendered":"CRAZY BRA LIGHTNING"},"content":{"rendered":"<h3 data-start=\"87\" data-end=\"100\">CONCEPT<\/h3>\n<ul data-start=\"101\" data-end=\"231\">\n<li data-start=\"101\" data-end=\"147\">\n<p data-start=\"103\" data-end=\"147\">Soutien-gorge int\u00e9gr\u00e9 avec bonnets amovibles<\/p>\n<\/li>\n<li data-start=\"148\" data-end=\"186\">\n<p data-start=\"150\" data-end=\"186\">Bande large pour plus de stabilit\u00e9<\/p>\n<\/li>\n<li data-start=\"187\" data-end=\"231\">\n<p data-start=\"189\" data-end=\"231\">Imprim\u00e9s <strong data-start=\"196\" data-end=\"208\">all over<\/strong> au caract\u00e8re vif<\/p>\n<\/li>\n<\/ul>\n<h3 data-start=\"233\" data-end=\"247\">CARACT\u00c9RISTIQUES<\/h3>\n<p data-start=\"248\" data-end=\"416\">La <strong data-start=\"251\" data-end=\"275\">brassi\u00e8re de sport Lightning<\/strong> allie confort et technicit\u00e9 dans un v\u00eatement con\u00e7u pour le <strong data-start=\"329\" data-end=\"346\">trail running<\/strong>, mais id\u00e9al pour toute activit\u00e9 de plein air lors des journ\u00e9es les plus chaudes.<\/p>\n<p data-start=\"418\" data-end=\"716\">Fabriqu\u00e9e en <strong data-start=\"432\" data-end=\"460\">microfibre extensible<\/strong> l\u00e9g\u00e8re, elle offre respirabilit\u00e9, s\u00e9chage rapide et traitement anti-odeur pour un confort prolong\u00e9.<br data-start=\"561\" data-end=\"564\">La <strong data-start=\"567\" data-end=\"582\">bande large<\/strong> garantit une stabilit\u00e9 sans frottement, tandis que les <strong data-start=\"629\" data-end=\"660\">bonnets amovibles et moul\u00e9s<\/strong> assurent un soutien et un ajustement personnalis\u00e9.<\/p>\n<p data-start=\"718\" data-end=\"836\">Les <strong data-start=\"721\" data-end=\"766\">motifs color\u00e9s dans le pur style Crazy<\/strong> rendent cette brassi\u00e8re non seulement fonctionnelle, mais aussi unique en son genre.<\/p>\n","protected":false},"excerpt":{"rendered":"<p>CONCEPT Soutien-gorge int\u00e9gr\u00e9 avec bonnets amovibles Bande large pour plus de stabilit\u00e9 Imprim\u00e9s all over au caract\u00e8re vif CARACT\u00c9RISTIQUES La<\/p>\n","protected":false},"featured_media":632746,"template":"","meta":{"_seopress_robots_primary_cat":"none","_seopress_titles_title":"","_seopress_titles_desc":"","_seopress_robots_index":""},"product_brand":[3616],"product_cat":[81,981,1387],"product_tag":[],"class_list":{"0":"post-632729","1":"product","2":"type-product","3":"status-publish","4":"has-post-thumbnail","6":"product_brand-crazy-fr","7":"product_cat-vetements","8":"product_cat-vetements-de-loisirs","9":"product_cat-vetements-pour-femmes","10":"sws-gruppo-abb-libero-fr","11":"sws-conto-ricavi-merci-rivendita-abbigliamento-fr","12":"sws-gruppo-iva-iva81-fr","14":"first","15":"instock","16":"sale","17":"shipping-taxable","18":"purchasable","19":"product-type-variable","20":"has-default-attributes"},"_links":{"self":[{"href":"https:\/\/lucacastelli.com\/fr\/wp-json\/wp\/v2\/product\/632729","targetHints":{"allow":["GET"]}}],"collection":[{"href":"https:\/\/lucacastelli.com\/fr\/wp-json\/wp\/v2\/product"}],"about":[{"href":"https:\/\/lucacastelli.com\/fr\/wp-json\/wp\/v2\/types\/product"}],"wp:featuredmedia":[{"embeddable":true,"href":"https:\/\/lucacastelli.com\/fr\/wp-json\/wp\/v2\/media\/632746"}],"wp:attachment":[{"href":"https:\/\/lucacastelli.com\/fr\/wp-json\/wp\/v2\/media?parent=632729"}],"wp:term":[{"taxonomy":"product_brand","embeddable":true,"href":"https:\/\/lucacastelli.com\/fr\/wp-json\/wp\/v2\/product_brand?post=632729"},{"taxonomy":"product_cat","embeddable":true,"href":"https:\/\/lucacastelli.com\/fr\/wp-json\/wp\/v2\/product_cat?post=632729"},{"taxonomy":"product_tag","embeddable":true,"href":"https:\/\/lucacastelli.com\/fr\/wp-json\/wp\/v2\/product_tag?post=632729"}],"curies":[{"name":"wp","href":"https:\/\/api.w.org\/{rel}","templated":true}]}}