{"id":632690,"date":"2025-09-11T09:54:26","date_gmt":"2025-09-11T07:54:26","guid":{"rendered":"https:\/\/lucacastelli.com\/prodotto\/helly-hansen-sweat-zippe-lifa-midw\/"},"modified":"2026-04-01T01:51:25","modified_gmt":"2026-03-31T23:51:25","slug":"helly-hansen-sweat-zippe-lifa-midw","status":"publish","type":"product","link":"https:\/\/lucacastelli.com\/fr\/produit\/helly-hansen-sweat-zippe-lifa-midw\/","title":{"rendered":"HELLY HANSEN Sweat \u00e0 fermeture \u00e9clair demi-zip Lifa Midw"},"content":{"rendered":"<h2>Description<\/h2>\n<div class=\"product-desc\">\n<p>Notre collection LIFA\u00ae Merino Midweight est parfaite pour tout type d&#8217;activit\u00e9 par temps froid. Nous avons combin\u00e9 une couche en laine m\u00e9rinos avec notre technologie \u00e9prouv\u00e9e LIFA\u00ae Stay Warm dans une construction \u00e0 2 couches. LIFA\u00ae Merino Midweight offre toute la chaleur respirante des fibres de laine m\u00e9rinos, ainsi que les propri\u00e9t\u00e9s uniques de gestion de l&#8217;humidit\u00e9 des fibres LIFA\u00ae. Les bases ne doivent pas \u00eatre ennuyeuses ; nous avons am\u00e9lior\u00e9 le haut avec des graphismes int\u00e9ressants.   <\/p>\n<h3>Guide des tailles :<\/h3>\n<ul>\n<li>Fittato<\/li>\n<\/ul>\n<h3>Caract\u00e9ristiques :<\/h3>\n<ul>\n<li>Construction \u00e0 2 couches<\/li>\n<li>Ext\u00e9rieur en laine m\u00e9rinos 100%<\/li>\n<li>coutures plates pour un confort et une durabilit\u00e9 optimaux<\/li>\n<li>Un jeu qui ne gratte pas<\/li>\n<\/ul>\n<h3>Composition :<\/h3>\n<ul>\n<li>Tissu ext\u00e9rieur : 57% laine m\u00e9rinos, 43% polypropyl\u00e8ne<\/li>\n<\/ul>\n<h3>Certifications :<\/h3>\n<ul>\n<li>Laine ZQ<\/li>\n<\/ul>\n<h3>Sp\u00e9cifications :<\/h3>\n<ul>\n<li>Hauteur entrejambe arri\u00e8re : 65 cm<\/li>\n<\/ul>\n<h3>Entretien :<\/h3>\n<ul>\n<li>Lavage en machine \u00e0 l&#8217;eau ti\u00e8de &#8211; 40\u00b0C, cycle tr\u00e8s d\u00e9licat, Ne pas utiliser d&#8217;eau de Javel, Ne pas s\u00e9cher au s\u00e8che-linge, Ne pas repasser, Ne pas nettoyer \u00e0 sec<\/li>\n<li>Fermer les fermetures \u00e9clair avant de laver, Utiliser un d\u00e9tergent sp\u00e9cial laine, Ne pas utiliser d&#8217;adoucissant, Laver \u00e0 l&#8217;envers, Ne pas tordre<\/li>\n<\/ul>\n<\/div>\n","protected":false},"excerpt":{"rendered":"<p>Description Notre collection LIFA\u00ae Merino Midweight est parfaite pour tout type d&#8217;activit\u00e9 par temps froid. Nous avons combin\u00e9 une couche<\/p>\n","protected":false},"featured_media":632691,"template":"","meta":{"_seopress_robots_primary_cat":"none","_seopress_titles_title":"","_seopress_titles_desc":"","_seopress_robots_index":""},"product_brand":[3425],"product_cat":[21,189,200],"product_tag":[],"class_list":{"0":"post-632690","1":"product","2":"type-product","3":"status-publish","4":"has-post-thumbnail","6":"product_brand-helly-hansen","7":"product_cat-abbigliamento","8":"product_cat-abbigliamento-per-il-tempo-libero","9":"product_cat-abbigliamento-da-donna","10":"sws-gruppo-abb-libero-fr","11":"sws-conto-ricavi-merci-rivendita-abbigliamento-fr","12":"sws-gruppo-iva-iva81-fr","14":"first","15":"instock","16":"shipping-taxable","17":"purchasable","18":"product-type-variable","19":"has-default-attributes"},"_links":{"self":[{"href":"https:\/\/lucacastelli.com\/fr\/wp-json\/wp\/v2\/product\/632690","targetHints":{"allow":["GET"]}}],"collection":[{"href":"https:\/\/lucacastelli.com\/fr\/wp-json\/wp\/v2\/product"}],"about":[{"href":"https:\/\/lucacastelli.com\/fr\/wp-json\/wp\/v2\/types\/product"}],"wp:featuredmedia":[{"embeddable":true,"href":"https:\/\/lucacastelli.com\/fr\/wp-json\/wp\/v2\/media\/632691"}],"wp:attachment":[{"href":"https:\/\/lucacastelli.com\/fr\/wp-json\/wp\/v2\/media?parent=632690"}],"wp:term":[{"taxonomy":"product_brand","embeddable":true,"href":"https:\/\/lucacastelli.com\/fr\/wp-json\/wp\/v2\/product_brand?post=632690"},{"taxonomy":"product_cat","embeddable":true,"href":"https:\/\/lucacastelli.com\/fr\/wp-json\/wp\/v2\/product_cat?post=632690"},{"taxonomy":"product_tag","embeddable":true,"href":"https:\/\/lucacastelli.com\/fr\/wp-json\/wp\/v2\/product_tag?post=632690"}],"curies":[{"name":"wp","href":"https:\/\/api.w.org\/{rel}","templated":true}]}}