{"id":632680,"date":"2025-09-11T10:57:49","date_gmt":"2025-09-11T08:57:49","guid":{"rendered":"https:\/\/lucacastelli.com\/prodotto\/helly-hansen-bottes-dhiver-isolees-garibaldi-vl-pour-femmes\/"},"modified":"2026-03-02T15:11:03","modified_gmt":"2026-03-02T14:11:03","slug":"helly-hansen-bottes-dhiver-isolees-garibaldi-vl-pour-femmes","status":"publish","type":"product","link":"https:\/\/lucacastelli.com\/fr\/produit\/helly-hansen-bottes-dhiver-isolees-garibaldi-vl-pour-femmes\/","title":{"rendered":"HELLY HANSEN Bottes d&#8217;hiver isol\u00e9es Garibaldi Vl pour femmes"},"content":{"rendered":"<p>La botte de neige Garibaldi pour femmes est le parfait m\u00e9lange d&#8217;\u00e9l\u00e9gance et de fonctionnalit\u00e9, gr\u00e2ce \u00e0 sa bordure protectrice de la pointe au talon, son cuir nubuck imperm\u00e9able exceptionnel et sa doublure chaude en fourrure synth\u00e9tique. Avec des coutures enti\u00e8rement scell\u00e9es, cette botte de neige l\u00e9g\u00e8re et protectrice offre un grand style et une semelle ext\u00e9rieure \u00e0 l&#8217;adh\u00e9rence in\u00e9gal\u00e9e, compl\u00e9t\u00e9e par une semelle int\u00e9rieure confortable Eco Ortholite. <\/p>\n<p>&nbsp;<\/p>\n<p>Composition des fibres :<\/p>\n<div class=\"richtext_wrapper__oFInz blocks_root__vE_15\">Tige (FWR) : 70 % polyur\u00e9thane, 30 % polyester. Tige 2 (FWR) : 100 % cuir. Tige 3 (FWR) : 100 % polyester. Doublure : 90 % polyamide, 10 % polyester. Doublure 2 : 100 % polyester. Doublure 3 (FWR) : 50 % EVA, 50 % polyester. Semelle int\u00e9rieure (FWR) : 100 % EVA &#8211; Semelle ext\u00e9rieure (FWR) : 100 % caoutchouc      <\/div>\n<div><\/div>\n<div><\/div>\n<div>Poids : 510 g<\/div>\n<div><\/div>\n<div><\/div>\n<div>\n<ul>\n<li>\n<p class=\"body_default__v2V8e body_style--basic__4qd4x body_style--basic__4qd4x\">Max-Grip HH\u00ae<\/p>\n<\/li>\n<li>\n<p class=\"body_default__v2V8e body_style--basic__4qd4x body_style--basic__4qd4x\">Surround-Grip HH<\/p>\n<\/li>\n<li>\n<p class=\"body_default__v2V8e body_style--basic__4qd4x body_style--basic__4qd4x\">OrthoLite\u00ae Eco\u2122<\/p>\n<\/li>\n<li>\n<p class=\"body_default__v2V8e body_style--basic__4qd4x body_style--basic__4qd4x\">PrimaLoft\u00ae Eco<\/p>\n<\/li>\n<li>\n<p class=\"body_default__v2V8e body_style--basic__4qd4x body_style--basic__4qd4x\">Cuir imperm\u00e9able de qualit\u00e9 sup\u00e9rieure<\/p>\n<\/li>\n<li>\n<p class=\"body_default__v2V8e body_style--basic__4qd4x body_style--basic__4qd4x\">Doublure 100% recycl\u00e9e<\/p>\n<\/li>\n<li>\n<p class=\"body_default__v2V8e body_style--basic__4qd4x body_style--basic__4qd4x\">Semelle ext\u00e9rieure en caoutchouc vulcanis\u00e9 pour une adh\u00e9rence parfaite et une r\u00e9sistance thermique<\/p>\n<\/li>\n<li>\n<p class=\"body_default__v2V8e body_style--basic__4qd4x body_style--basic__4qd4x\">Fausse fourrure pour une sensation agr\u00e9able et un look raffin\u00e9.<\/p>\n<\/li>\n<li>\n<p class=\"body_default__v2V8e body_style--basic__4qd4x body_style--basic__4qd4x\">Strobel en polyester recycl\u00e9 \u00e0 100<\/p>\n<\/li>\n<li>\n<p class=\"body_default__v2V8e body_style--basic__4qd4x body_style--basic__4qd4x\">Doublure en fausse fourrure pour une sensation agr\u00e9able et un look raffin\u00e9.<\/p>\n<\/li>\n<li>\n<p class=\"body_default__v2V8e body_style--basic__4qd4x body_style--basic__4qd4x\">Doublure rembourr\u00e9e<\/p>\n<\/li>\n<li>\n<p class=\"body_default__v2V8e body_style--basic__4qd4x body_style--basic__4qd4x\">PrimaLoft\u00ae 100 g\/m\u00b2<\/p>\n<\/li>\n<li>\n<p class=\"body_default__v2V8e body_style--basic__4qd4x body_style--basic__4qd4x\">cuir de qualit\u00e9 sup\u00e9rieure<\/p>\n<\/li>\n<li>\n<p class=\"body_default__v2V8e body_style--basic__4qd4x body_style--basic__4qd4x\">Cuir LWG<\/p>\n<\/li>\n<li>\n<p class=\"body_default__v2V8e body_style--basic__4qd4x body_style--basic__4qd4x\">Sans PFC<\/p>\n<\/li>\n<\/ul>\n<\/div>\n","protected":false},"excerpt":{"rendered":"<p>La botte de neige Garibaldi pour femmes est le parfait m\u00e9lange d&#8217;\u00e9l\u00e9gance et de fonctionnalit\u00e9, gr\u00e2ce \u00e0 sa bordure protectrice<\/p>\n","protected":false},"featured_media":632701,"template":"","meta":{"_seopress_robots_primary_cat":"none","_seopress_titles_title":"","_seopress_titles_desc":"","_seopress_robots_index":""},"product_brand":[3646],"product_cat":[173,1420,1429],"product_tag":[],"class_list":{"0":"post-632680","1":"product","2":"type-product","3":"status-publish","4":"has-post-thumbnail","6":"product_brand-helly-hansen-fr","7":"product_cat-chaussures","8":"product_cat-chaussures-de-loisirs","9":"product_cat-chaussures-pour-femmes","10":"sws-gruppo-abb-libero-fr","11":"sws-conto-ricavi-merci-rivendita-abbigliamento-fr","12":"sws-gruppo-iva-iva81-fr","14":"first","15":"instock","16":"shipping-taxable","17":"purchasable","18":"product-type-variable"},"_links":{"self":[{"href":"https:\/\/lucacastelli.com\/fr\/wp-json\/wp\/v2\/product\/632680","targetHints":{"allow":["GET"]}}],"collection":[{"href":"https:\/\/lucacastelli.com\/fr\/wp-json\/wp\/v2\/product"}],"about":[{"href":"https:\/\/lucacastelli.com\/fr\/wp-json\/wp\/v2\/types\/product"}],"wp:featuredmedia":[{"embeddable":true,"href":"https:\/\/lucacastelli.com\/fr\/wp-json\/wp\/v2\/media\/632701"}],"wp:attachment":[{"href":"https:\/\/lucacastelli.com\/fr\/wp-json\/wp\/v2\/media?parent=632680"}],"wp:term":[{"taxonomy":"product_brand","embeddable":true,"href":"https:\/\/lucacastelli.com\/fr\/wp-json\/wp\/v2\/product_brand?post=632680"},{"taxonomy":"product_cat","embeddable":true,"href":"https:\/\/lucacastelli.com\/fr\/wp-json\/wp\/v2\/product_cat?post=632680"},{"taxonomy":"product_tag","embeddable":true,"href":"https:\/\/lucacastelli.com\/fr\/wp-json\/wp\/v2\/product_tag?post=632680"}],"curies":[{"name":"wp","href":"https:\/\/api.w.org\/{rel}","templated":true}]}}