{"id":632659,"date":"2025-09-11T11:39:17","date_gmt":"2025-09-11T09:39:17","guid":{"rendered":"https:\/\/lucacastelli.com\/prodotto\/crazy-top-sirio-4\/"},"modified":"2026-04-14T02:50:41","modified_gmt":"2026-04-14T00:50:41","slug":"crazy-top-sirio-4","status":"publish","type":"product","link":"https:\/\/lucacastelli.com\/fr\/produit\/crazy-top-sirio-4\/","title":{"rendered":"CRAZY TOP SIRIO"},"content":{"rendered":"<h3 data-start=\"149\" data-end=\"162\">CONCEPT<\/h3>\n<p data-start=\"163\" data-end=\"272\">Notre top le plus technique, con\u00e7u pour ceux qui recherchent la performance sans renoncer au style jeune et tendance.<\/p>\n<h3 data-start=\"274\" data-end=\"288\">CARACT\u00c9RISTIQUES<\/h3>\n<ul data-start=\"289\" data-end=\"467\">\n<li data-start=\"289\" data-end=\"344\">\n<p data-start=\"291\" data-end=\"344\">Bretelles larges pour un confort optimal avec le sac \u00e0 dos<\/p>\n<\/li>\n<li data-start=\"345\" data-end=\"385\">\n<p data-start=\"347\" data-end=\"385\">Imprim\u00e9s <strong data-start=\"354\" data-end=\"366\">all over<\/strong> au look moderne<\/p>\n<\/li>\n<li data-start=\"386\" data-end=\"421\">\n<p data-start=\"388\" data-end=\"421\">Bandeau de protection pour le cou<\/p>\n<\/li>\n<li data-start=\"422\" data-end=\"467\">\n<p data-start=\"424\" data-end=\"467\">Logos r\u00e9fl\u00e9chissants pour une meilleure visibilit\u00e9<\/p>\n<\/li>\n<\/ul>\n<h3 data-start=\"469\" data-end=\"486\">DESCRIPTION<\/h3>\n<p data-start=\"487\" data-end=\"914\">Plus qu&#8217;un simple d\u00e9bardeur, <strong data-start=\"517\" data-end=\"530\">Top Sirio<\/strong> est un t-shirt technique sans manches. Les bretelles larges le rendent id\u00e9al en association avec le sac \u00e0 dos, tandis que l&#8217;encolure peu profonde rappelle les v\u00eatements les plus performants.<br data-start=\"695\" data-end=\"698\">L\u00e9ger, frais et \u00e9lastique, il est n\u00e9 de la combinaison de deux tissus de haute qualit\u00e9 : <strong data-start=\"784\" data-end=\"796\">Think 44<\/strong> en r\u00e9sille sur les panneaux imprim\u00e9s et <strong data-start=\"828\" data-end=\"840\">Coolwave<\/strong> sur les panneaux lat\u00e9raux, pour un m\u00e9lange parfait de respirabilit\u00e9 et de confort. <\/p>\n","protected":false},"excerpt":{"rendered":"<p>CONCEPT Notre top le plus technique, con\u00e7u pour ceux qui recherchent la performance sans renoncer au style jeune et tendance.<\/p>\n","protected":false},"featured_media":632662,"template":"","meta":{"_seopress_robots_primary_cat":"none","_seopress_titles_title":"","_seopress_titles_desc":"","_seopress_robots_index":""},"product_brand":[3413],"product_cat":[21,189,200],"product_tag":[],"class_list":{"0":"post-632659","1":"product","2":"type-product","3":"status-publish","4":"has-post-thumbnail","6":"product_brand-crazy","7":"product_cat-abbigliamento","8":"product_cat-abbigliamento-per-il-tempo-libero","9":"product_cat-abbigliamento-da-donna","10":"sws-gruppo-abb-libero-fr","11":"sws-conto-ricavi-merci-rivendita-abbigliamento-fr","12":"sws-gruppo-iva-iva81-fr","14":"first","15":"instock","16":"sale","17":"shipping-taxable","18":"product-type-variable","19":"has-default-attributes"},"_links":{"self":[{"href":"https:\/\/lucacastelli.com\/fr\/wp-json\/wp\/v2\/product\/632659","targetHints":{"allow":["GET"]}}],"collection":[{"href":"https:\/\/lucacastelli.com\/fr\/wp-json\/wp\/v2\/product"}],"about":[{"href":"https:\/\/lucacastelli.com\/fr\/wp-json\/wp\/v2\/types\/product"}],"wp:featuredmedia":[{"embeddable":true,"href":"https:\/\/lucacastelli.com\/fr\/wp-json\/wp\/v2\/media\/632662"}],"wp:attachment":[{"href":"https:\/\/lucacastelli.com\/fr\/wp-json\/wp\/v2\/media?parent=632659"}],"wp:term":[{"taxonomy":"product_brand","embeddable":true,"href":"https:\/\/lucacastelli.com\/fr\/wp-json\/wp\/v2\/product_brand?post=632659"},{"taxonomy":"product_cat","embeddable":true,"href":"https:\/\/lucacastelli.com\/fr\/wp-json\/wp\/v2\/product_cat?post=632659"},{"taxonomy":"product_tag","embeddable":true,"href":"https:\/\/lucacastelli.com\/fr\/wp-json\/wp\/v2\/product_tag?post=632659"}],"curies":[{"name":"wp","href":"https:\/\/api.w.org\/{rel}","templated":true}]}}