{"id":632640,"date":"2025-09-11T11:59:51","date_gmt":"2025-09-11T09:59:51","guid":{"rendered":"https:\/\/lucacastelli.com\/prodotto\/crazy-top-break-3\/"},"modified":"2026-04-14T02:50:26","modified_gmt":"2026-04-14T00:50:26","slug":"crazy-top-break-3","status":"publish","type":"product","link":"https:\/\/lucacastelli.com\/fr\/produit\/crazy-top-break-3\/","title":{"rendered":"CRAZY TOP BREAK"},"content":{"rendered":"<h3 data-start=\"73\" data-end=\"86\">CONCEPT<\/h3>\n<ul data-start=\"87\" data-end=\"152\">\n<li data-start=\"87\" data-end=\"112\">\n<p data-start=\"89\" data-end=\"112\">Soutien-gorge int\u00e9rieur int\u00e9gr\u00e9<\/p>\n<\/li>\n<li data-start=\"113\" data-end=\"152\">\n<p data-start=\"115\" data-end=\"152\">Imprim\u00e9s <strong data-start=\"122\" data-end=\"134\">all over<\/strong> au look dynamique<\/p>\n<\/li>\n<\/ul>\n<h3 data-start=\"154\" data-end=\"168\">CARACT\u00c9RISTIQUES<\/h3>\n<p data-start=\"169\" data-end=\"569\">Le <strong data-start=\"172\" data-end=\"185\">Top Break<\/strong> est le d\u00e9bardeur avec brassi\u00e8re int\u00e9gr\u00e9e con\u00e7u pour les activit\u00e9s de plein air et le trekking.<br data-start=\"271\" data-end=\"274\">Il se distingue par ses imprim\u00e9s \u00e9clatants et ses couleurs vives, alliant style et technicit\u00e9.<br data-start=\"356\" data-end=\"359\">Le tissu int\u00e9rieur en <strong data-start=\"381\" data-end=\"413\">microfibre melange rapid-dry<\/strong> assure confort et gestion de l\u2019humidit\u00e9, tandis que le mesh ext\u00e9rieur en filet respirant avec traitement \u00e0 s\u00e9chage rapide garantit une fra\u00eecheur constante.<\/p>\n<p data-start=\"571\" data-end=\"722\">Les <strong data-start=\"574\" data-end=\"594\">bretelles souples<\/strong>, la <strong data-start=\"599\" data-end=\"628\">fente profonde au dos<\/strong> et la <strong data-start=\"634\" data-end=\"660\">coupe ergonomique<\/strong> compl\u00e8tent le v\u00eatement, le rendant l\u00e9ger, fonctionnel et unique.<\/p>\n","protected":false},"excerpt":{"rendered":"<p>CONCEPT Soutien-gorge int\u00e9rieur int\u00e9gr\u00e9 Imprim\u00e9s all over au look dynamique CARACT\u00c9RISTIQUES Le Top Break est le d\u00e9bardeur avec brassi\u00e8re int\u00e9gr\u00e9e<\/p>\n","protected":false},"featured_media":632642,"template":"","meta":{"_seopress_robots_primary_cat":"none","_seopress_titles_title":"","_seopress_titles_desc":"","_seopress_robots_index":""},"product_brand":[3616],"product_cat":[81,981,1387],"product_tag":[],"class_list":{"0":"post-632640","1":"product","2":"type-product","3":"status-publish","4":"has-post-thumbnail","6":"product_brand-crazy-fr","7":"product_cat-vetements","8":"product_cat-vetements-de-loisirs","9":"product_cat-vetements-pour-femmes","10":"sws-gruppo-abb-libero-fr","11":"sws-conto-ricavi-merci-rivendita-abbigliamento-fr","12":"sws-gruppo-iva-iva81-fr","14":"first","15":"instock","16":"sale","17":"shipping-taxable","18":"purchasable","19":"product-type-variable","20":"has-default-attributes"},"_links":{"self":[{"href":"https:\/\/lucacastelli.com\/fr\/wp-json\/wp\/v2\/product\/632640","targetHints":{"allow":["GET"]}}],"collection":[{"href":"https:\/\/lucacastelli.com\/fr\/wp-json\/wp\/v2\/product"}],"about":[{"href":"https:\/\/lucacastelli.com\/fr\/wp-json\/wp\/v2\/types\/product"}],"wp:featuredmedia":[{"embeddable":true,"href":"https:\/\/lucacastelli.com\/fr\/wp-json\/wp\/v2\/media\/632642"}],"wp:attachment":[{"href":"https:\/\/lucacastelli.com\/fr\/wp-json\/wp\/v2\/media?parent=632640"}],"wp:term":[{"taxonomy":"product_brand","embeddable":true,"href":"https:\/\/lucacastelli.com\/fr\/wp-json\/wp\/v2\/product_brand?post=632640"},{"taxonomy":"product_cat","embeddable":true,"href":"https:\/\/lucacastelli.com\/fr\/wp-json\/wp\/v2\/product_cat?post=632640"},{"taxonomy":"product_tag","embeddable":true,"href":"https:\/\/lucacastelli.com\/fr\/wp-json\/wp\/v2\/product_tag?post=632640"}],"curies":[{"name":"wp","href":"https:\/\/api.w.org\/{rel}","templated":true}]}}