{"id":632505,"date":"2025-09-24T16:45:53","date_gmt":"2025-09-24T14:45:53","guid":{"rendered":"https:\/\/lucacastelli.com\/?post_type=product&#038;p=632505"},"modified":"2026-04-14T02:50:09","modified_gmt":"2026-04-14T00:50:09","slug":"crazy-chaussettes-en-carbone-copia","status":"publish","type":"product","link":"https:\/\/lucacastelli.com\/fr\/produit\/crazy-chaussettes-en-carbone-copia\/","title":{"rendered":"CRAZY CHAUSSETTES EN CARBONE"},"content":{"rendered":"<p>Chaussettes montantes au genou, chaudes et douces, parfaites pour les activit\u00e9s de faible intensit\u00e9 et pour ceux qui souffrent particuli\u00e8rement de pieds froids, adapt\u00e9es pour le trekking, les randonn\u00e9es en raquettes ou le ski-alpinisme.<br \/>\nUn travail de recherche d\u00e9di\u00e9 et un traitement sp\u00e9cifique nous permettent d&#8217;offrir enfin un produit qui met en valeur les propri\u00e9t\u00e9s du fil en polyamide, comme la r\u00e9sistance \u00e0 l&#8217;usure et la douceur au toucher, tout en offrant des performances similaires<br \/>\n\u00e0 celles du polypropyl\u00e8ne, \u00e0 savoir chaleur et s\u00e9chage rapide.<\/p>\n<p>POIDS : 72 g<\/p>\n","protected":false},"excerpt":{"rendered":"<p>Chaussettes montantes au genou, chaudes et douces, parfaites pour les activit\u00e9s de faible intensit\u00e9 et pour ceux qui souffrent particuli\u00e8rement<\/p>\n","protected":false},"featured_media":632518,"template":"","meta":{"_seopress_robots_primary_cat":"none","_seopress_titles_title":"","_seopress_titles_desc":"","_seopress_robots_index":""},"product_brand":[3413],"product_cat":[28,228],"product_tag":[],"class_list":{"0":"post-632505","1":"product","2":"type-product","3":"status-publish","4":"has-post-thumbnail","6":"product_brand-crazy","7":"product_cat-calzature","8":"product_cat-accessori-per-le-calzature","9":"sws-gruppo-abb-libero-fr","10":"sws-conto-ricavi-merci-rivendita-abbigliamento-fr","11":"sws-gruppo-iva-iva81-fr","13":"first","14":"instock","15":"sale","16":"shipping-taxable","17":"product-type-variable","18":"has-default-attributes"},"_links":{"self":[{"href":"https:\/\/lucacastelli.com\/fr\/wp-json\/wp\/v2\/product\/632505","targetHints":{"allow":["GET"]}}],"collection":[{"href":"https:\/\/lucacastelli.com\/fr\/wp-json\/wp\/v2\/product"}],"about":[{"href":"https:\/\/lucacastelli.com\/fr\/wp-json\/wp\/v2\/types\/product"}],"wp:featuredmedia":[{"embeddable":true,"href":"https:\/\/lucacastelli.com\/fr\/wp-json\/wp\/v2\/media\/632518"}],"wp:attachment":[{"href":"https:\/\/lucacastelli.com\/fr\/wp-json\/wp\/v2\/media?parent=632505"}],"wp:term":[{"taxonomy":"product_brand","embeddable":true,"href":"https:\/\/lucacastelli.com\/fr\/wp-json\/wp\/v2\/product_brand?post=632505"},{"taxonomy":"product_cat","embeddable":true,"href":"https:\/\/lucacastelli.com\/fr\/wp-json\/wp\/v2\/product_cat?post=632505"},{"taxonomy":"product_tag","embeddable":true,"href":"https:\/\/lucacastelli.com\/fr\/wp-json\/wp\/v2\/product_tag?post=632505"}],"curies":[{"name":"wp","href":"https:\/\/api.w.org\/{rel}","templated":true}]}}