{"id":632492,"date":"2025-09-24T16:41:03","date_gmt":"2025-09-24T14:41:03","guid":{"rendered":"https:\/\/lucacastelli.com\/?post_type=product&#038;p=632492"},"modified":"2025-12-02T13:07:04","modified_gmt":"2025-12-02T12:07:04","slug":"cache-cou-fou-fleur-de-chute-legere-copia","status":"publish","type":"product","link":"https:\/\/lucacastelli.com\/fr\/produit\/cache-cou-fou-fleur-de-chute-legere-copia\/","title":{"rendered":"CRAZY NECK GAITER LIGHT"},"content":{"rendered":"<p>Cache-cou l\u00e9ger et multifonctionnel en microfibre Primaloft sans couture, fini avec des imprim\u00e9s et des couleurs qui font \u00e9cho au reste de la collection.<br \/>\nIl peut \u00eatre port\u00e9 comme une casquette, un cache-cou, un bandeau anti-transpiration l\u00e9ger et convient tr\u00e8s bien pour \u00eatre utilis\u00e9 sous un casque.<\/p>\n","protected":false},"excerpt":{"rendered":"<p>Cache-cou l\u00e9ger et multifonctionnel en microfibre Primaloft sans couture, fini avec des imprim\u00e9s et des couleurs qui font \u00e9cho au<\/p>\n","protected":false},"featured_media":632499,"template":"","meta":{"_seopress_robots_primary_cat":"none","_seopress_titles_title":"","_seopress_titles_desc":"","_seopress_robots_index":""},"product_brand":[3413],"product_cat":[21,186],"product_tag":[],"class_list":{"0":"post-632492","1":"product","2":"type-product","3":"status-publish","4":"has-post-thumbnail","6":"product_brand-crazy","7":"product_cat-abbigliamento","8":"product_cat-accessori-per-labbigliamento","10":"first","11":"instock","12":"sale","13":"shipping-taxable","14":"product-type-variable"},"_links":{"self":[{"href":"https:\/\/lucacastelli.com\/fr\/wp-json\/wp\/v2\/product\/632492","targetHints":{"allow":["GET"]}}],"collection":[{"href":"https:\/\/lucacastelli.com\/fr\/wp-json\/wp\/v2\/product"}],"about":[{"href":"https:\/\/lucacastelli.com\/fr\/wp-json\/wp\/v2\/types\/product"}],"wp:featuredmedia":[{"embeddable":true,"href":"https:\/\/lucacastelli.com\/fr\/wp-json\/wp\/v2\/media\/632499"}],"wp:attachment":[{"href":"https:\/\/lucacastelli.com\/fr\/wp-json\/wp\/v2\/media?parent=632492"}],"wp:term":[{"taxonomy":"product_brand","embeddable":true,"href":"https:\/\/lucacastelli.com\/fr\/wp-json\/wp\/v2\/product_brand?post=632492"},{"taxonomy":"product_cat","embeddable":true,"href":"https:\/\/lucacastelli.com\/fr\/wp-json\/wp\/v2\/product_cat?post=632492"},{"taxonomy":"product_tag","embeddable":true,"href":"https:\/\/lucacastelli.com\/fr\/wp-json\/wp\/v2\/product_tag?post=632492"}],"curies":[{"name":"wp","href":"https:\/\/api.w.org\/{rel}","templated":true}]}}