{"id":632304,"date":"2025-09-24T15:24:18","date_gmt":"2025-09-24T13:24:18","guid":{"rendered":"https:\/\/lucacastelli.com\/?post_type=product&#038;p=632304"},"modified":"2026-04-01T01:51:36","modified_gmt":"2026-03-31T23:51:36","slug":"crazy-pant-flamme-copia","status":"publish","type":"product","link":"https:\/\/lucacastelli.com\/fr\/produit\/crazy-pant-flamme-copia\/","title":{"rendered":"CRAZY PANT FLAMME"},"content":{"rendered":"<p>Le pantalon technique par excellence, un indispensable dans votre garde-robe ! Con\u00e7u pour le ski-alpinisme et les activit\u00e9s techniques en montagne, le pantalon Flame est aussi incroyablement \u00e9l\u00e9gant et polyvalent. Son nouveau design pour la collection AH25 le rend encore plus agressif et moderne.<br \/>\nLa partie avant est fabriqu\u00e9e avec le tissu Endurance \u00e9prouv\u00e9, bi-\u00e9lastique et protecteur, avec traitement DWR pour une meilleure d\u00e9perlance. Il combine la r\u00e9sistance et la protection de la partie avant avec le confort thermique et la douceur de la partie arri\u00e8re, r\u00e9alis\u00e9e en Vuelta &#8220;Made in Italy&#8221;, qui offre une coupe athl\u00e9tique et une plus grande \u00e9lasticit\u00e9, parfaite pour le ski-alpinisme.<br \/>\nLes genoux sont \u00e9quip\u00e9s de renforts pr\u00e9form\u00e9s qui s&#8217;\u00e9tendent jusqu&#8217;\u00e0 l&#8217;int\u00e9rieur de la jambe, o\u00f9 un tissu \u00e0 double trame r\u00e9sistant et \u00e9lastique est utilis\u00e9 pour une plus grande robustesse.   <\/p>\n<p>&nbsp;<\/p>\n<p>&#8211; Ceinture \u00e9lastique r\u00e9glable avec cordon de serrage<br \/>\n&#8211; Deux poches lat\u00e9rales d\u00e9coup\u00e9es au laser avec fermetures \u00e9clair coll\u00e9es<br \/>\n&#8211; Une poche arri\u00e8re avec fermeture \u00e9clair invisible<br \/>\n&#8211; Rabat avec fermeture \u00e9clair invisible<br \/>\n&#8211; Logos r\u00e9fl\u00e9chissants<br \/>\n&#8211; Poignets r\u00e9glables avec cordon de serrage \u00e9lastique<br \/>\n&#8211; Patchs avec tissu de protection r\u00e9sistant \u00e0 l&#8217;abrasion<br \/>\n&#8211; Coutures de couleur contrast\u00e9e.<\/p>\n<p>&nbsp;<\/p>\n<p>Poids : 396 grammes<\/p>\n","protected":false},"excerpt":{"rendered":"<p>Le pantalon technique par excellence, un indispensable dans votre garde-robe ! Con\u00e7u pour le ski-alpinisme et les activit\u00e9s techniques en<\/p>\n","protected":false},"featured_media":632321,"template":"","meta":{"_seopress_robots_primary_cat":"none","_seopress_titles_title":"","_seopress_titles_desc":"","_seopress_robots_index":""},"product_brand":[3413],"product_cat":[21,189,190],"product_tag":[],"class_list":{"0":"post-632304","1":"product","2":"type-product","3":"status-publish","4":"has-post-thumbnail","6":"product_brand-crazy","7":"product_cat-abbigliamento","8":"product_cat-abbigliamento-per-il-tempo-libero","9":"product_cat-abbigliamento-da-uomo","10":"sws-gruppo-abb-libero-fr","11":"sws-conto-ricavi-merci-rivendita-abbigliamento-fr","12":"sws-gruppo-iva-iva81-fr","14":"first","15":"instock","16":"sale","17":"shipping-taxable","18":"product-type-variable","19":"has-default-attributes"},"_links":{"self":[{"href":"https:\/\/lucacastelli.com\/fr\/wp-json\/wp\/v2\/product\/632304","targetHints":{"allow":["GET"]}}],"collection":[{"href":"https:\/\/lucacastelli.com\/fr\/wp-json\/wp\/v2\/product"}],"about":[{"href":"https:\/\/lucacastelli.com\/fr\/wp-json\/wp\/v2\/types\/product"}],"wp:featuredmedia":[{"embeddable":true,"href":"https:\/\/lucacastelli.com\/fr\/wp-json\/wp\/v2\/media\/632321"}],"wp:attachment":[{"href":"https:\/\/lucacastelli.com\/fr\/wp-json\/wp\/v2\/media?parent=632304"}],"wp:term":[{"taxonomy":"product_brand","embeddable":true,"href":"https:\/\/lucacastelli.com\/fr\/wp-json\/wp\/v2\/product_brand?post=632304"},{"taxonomy":"product_cat","embeddable":true,"href":"https:\/\/lucacastelli.com\/fr\/wp-json\/wp\/v2\/product_cat?post=632304"},{"taxonomy":"product_tag","embeddable":true,"href":"https:\/\/lucacastelli.com\/fr\/wp-json\/wp\/v2\/product_tag?post=632304"}],"curies":[{"name":"wp","href":"https:\/\/api.w.org\/{rel}","templated":true}]}}