{"id":632197,"date":"2025-09-24T13:12:25","date_gmt":"2025-09-24T11:12:25","guid":{"rendered":"https:\/\/lucacastelli.com\/?post_type=product&#038;p=632197"},"modified":"2026-04-01T01:51:36","modified_gmt":"2026-03-31T23:51:36","slug":"crazy-pant-copia","status":"publish","type":"product","link":"https:\/\/lucacastelli.com\/fr\/produit\/crazy-pant-copia\/","title":{"rendered":"CRAZY PANT"},"content":{"rendered":"<p>Oubliez le froid avec notre tout nouveau Pantalon Allure, introduit dans la collection pour rendre vos sorties hivernales encore plus confortables, m\u00eame lors des journ\u00e9es les plus froides !<br \/>\nConfectionn\u00e9 dans un tissu compos\u00e9 de deux fils diff\u00e9rents : laine et polypropyl\u00e8ne.<br \/>\nCette combinaison exploite les propri\u00e9t\u00e9s isolantes et anti-odeurs de la laine, tandis que le polypropyl\u00e8ne garantit une douceur au toucher incomparable.<br \/>\nLes coutures anti-frottement, enrichies d&#8217;un \u00e9l\u00e9gant contraste de couleur, garantissent non seulement un confort optimal, mais ajoutent \u00e9galement une touche de style distinctif.<\/p>\n<p>&#8211; Coutures anti-frottement \u00e0 contraste de couleur<br \/>\n&#8211; M\u00e9lange de laine et polypropyl\u00e8ne<br \/>\n&#8211; Logos r\u00e9fl\u00e9chissants<\/p>\n<p>POIDS&nbsp;: 120 gr<\/p>\n<p>Traduit avec DeepL.com (version gratuite)<\/p>\n","protected":false},"excerpt":{"rendered":"<p>Oubliez le froid avec notre tout nouveau Pantalon Allure, introduit dans la collection pour rendre vos sorties hivernales encore plus<\/p>\n","protected":false},"featured_media":632215,"template":"","meta":{"_seopress_robots_primary_cat":"none","_seopress_titles_title":"","_seopress_titles_desc":"","_seopress_robots_index":""},"product_brand":[3616],"product_cat":[81,981,1387],"product_tag":[],"class_list":{"0":"post-632197","1":"product","2":"type-product","3":"status-publish","4":"has-post-thumbnail","6":"product_brand-crazy-fr","7":"product_cat-vetements","8":"product_cat-vetements-de-loisirs","9":"product_cat-vetements-pour-femmes","10":"sws-gruppo-macchinari-fr","11":"sws-conto-ricavi-merci-rivendita-macchinari-fr","12":"sws-gruppo-iva-iva81-fr","14":"first","15":"instock","16":"sale","17":"shipping-taxable","18":"product-type-variable","19":"has-default-attributes"},"_links":{"self":[{"href":"https:\/\/lucacastelli.com\/fr\/wp-json\/wp\/v2\/product\/632197","targetHints":{"allow":["GET"]}}],"collection":[{"href":"https:\/\/lucacastelli.com\/fr\/wp-json\/wp\/v2\/product"}],"about":[{"href":"https:\/\/lucacastelli.com\/fr\/wp-json\/wp\/v2\/types\/product"}],"wp:featuredmedia":[{"embeddable":true,"href":"https:\/\/lucacastelli.com\/fr\/wp-json\/wp\/v2\/media\/632215"}],"wp:attachment":[{"href":"https:\/\/lucacastelli.com\/fr\/wp-json\/wp\/v2\/media?parent=632197"}],"wp:term":[{"taxonomy":"product_brand","embeddable":true,"href":"https:\/\/lucacastelli.com\/fr\/wp-json\/wp\/v2\/product_brand?post=632197"},{"taxonomy":"product_cat","embeddable":true,"href":"https:\/\/lucacastelli.com\/fr\/wp-json\/wp\/v2\/product_cat?post=632197"},{"taxonomy":"product_tag","embeddable":true,"href":"https:\/\/lucacastelli.com\/fr\/wp-json\/wp\/v2\/product_tag?post=632197"}],"curies":[{"name":"wp","href":"https:\/\/api.w.org\/{rel}","templated":true}]}}