{"id":632037,"date":"2025-09-24T11:48:49","date_gmt":"2025-09-24T09:48:49","guid":{"rendered":"https:\/\/lucacastelli.com\/?post_type=product&#038;p=632037"},"modified":"2026-04-01T01:51:36","modified_gmt":"2026-03-31T23:51:36","slug":"crazy-pant-electra-copia","status":"publish","type":"product","link":"https:\/\/lucacastelli.com\/fr\/produit\/crazy-pant-electra-copia\/","title":{"rendered":"PANTALON FOU ELECTRA"},"content":{"rendered":"<p>Notre pantalon le plus vendu, con\u00e7u pour la montagne et le ski-alpinisme.<br \/>\nIl est fabriqu\u00e9 avec deux mat\u00e9riaux : la partie avant est en Endurance, plus protectrice et d\u00e9perlante gr\u00e2ce au traitement DWR, tout en restant respirante et bi-\u00e9lastique. La partie arri\u00e8re est en Vuelta &#8216;Made in Italy&#8217;, plus l\u00e9g\u00e8re et extr\u00eamement \u00e9lastique pour faciliter les mouvements.<br \/>\nLes genoux sont caract\u00e9ris\u00e9s par des renforts pr\u00e9form\u00e9s avec un design qui couvre \u00e9galement la couture int\u00e9rieure du pantalon, utilisant un tissu \u00e0 double trame r\u00e9sistant et \u00e9lastique. <\/p>\n<p>\u2022 Ceinture avec bouton et zip invisible<br \/>\n\u2022 Poches pour les mains avec zip coll\u00e9 d\u00e9coup\u00e9 au laser<br \/>\n\u2022 Bas de jambes avec soufflet \u00e0 la cheville, \u00e9lastique en silicone et zip<br \/>\n\u2022 Logos r\u00e9fl\u00e9chissants<br \/>\n\u2022 Coutures plates contrast\u00e9es<\/p>\n<p>POIDS&nbsp;: 336 gr<\/p>\n","protected":false},"excerpt":{"rendered":"<p>Notre pantalon le plus vendu, con\u00e7u pour la montagne et le ski-alpinisme. Il est fabriqu\u00e9 avec deux mat\u00e9riaux : la<\/p>\n","protected":false},"featured_media":632060,"template":"","meta":{"_seopress_robots_primary_cat":"none","_seopress_titles_title":"","_seopress_titles_desc":"","_seopress_robots_index":""},"product_brand":[3413],"product_cat":[21,189,200],"product_tag":[],"class_list":{"0":"post-632037","1":"product","2":"type-product","3":"status-publish","4":"has-post-thumbnail","6":"product_brand-crazy","7":"product_cat-abbigliamento","8":"product_cat-abbigliamento-per-il-tempo-libero","9":"product_cat-abbigliamento-da-donna","10":"sws-gruppo-abb-libero-fr","11":"sws-conto-ricavi-merci-rivendita-abbigliamento-fr","12":"sws-gruppo-iva-iva81-fr","14":"first","15":"instock","16":"sale","17":"shipping-taxable","18":"product-type-variable","19":"has-default-attributes"},"_links":{"self":[{"href":"https:\/\/lucacastelli.com\/fr\/wp-json\/wp\/v2\/product\/632037","targetHints":{"allow":["GET"]}}],"collection":[{"href":"https:\/\/lucacastelli.com\/fr\/wp-json\/wp\/v2\/product"}],"about":[{"href":"https:\/\/lucacastelli.com\/fr\/wp-json\/wp\/v2\/types\/product"}],"wp:featuredmedia":[{"embeddable":true,"href":"https:\/\/lucacastelli.com\/fr\/wp-json\/wp\/v2\/media\/632060"}],"wp:attachment":[{"href":"https:\/\/lucacastelli.com\/fr\/wp-json\/wp\/v2\/media?parent=632037"}],"wp:term":[{"taxonomy":"product_brand","embeddable":true,"href":"https:\/\/lucacastelli.com\/fr\/wp-json\/wp\/v2\/product_brand?post=632037"},{"taxonomy":"product_cat","embeddable":true,"href":"https:\/\/lucacastelli.com\/fr\/wp-json\/wp\/v2\/product_cat?post=632037"},{"taxonomy":"product_tag","embeddable":true,"href":"https:\/\/lucacastelli.com\/fr\/wp-json\/wp\/v2\/product_tag?post=632037"}],"curies":[{"name":"wp","href":"https:\/\/api.w.org\/{rel}","templated":true}]}}