{"id":631444,"date":"2025-09-11T08:21:36","date_gmt":"2025-09-11T06:21:36","guid":{"rendered":"https:\/\/lucacastelli.com\/prodotto\/pull-over-tricote-helly-hansen-apres\/"},"modified":"2026-04-01T01:51:26","modified_gmt":"2026-03-31T23:51:26","slug":"pull-over-tricote-helly-hansen-apres","status":"publish","type":"product","link":"https:\/\/lucacastelli.com\/fr\/produit\/pull-over-tricote-helly-hansen-apres\/","title":{"rendered":"PULL-OVER TRICOT\u00c9 HELLY HANSEN APRES"},"content":{"rendered":"<p>Avec sa coupe d\u00e9contract\u00e9e et son design r\u00e9tro, ce pull style ann\u00e9es 90 est un choix pratique et original pour vos journ\u00e9es \u00e0 la neige, que vous soyez sur les pistes ou en train de profiter d&#8217;un apr\u00e8s-ski bien m\u00e9rit\u00e9. Le pull Apr\u00e8s Knitted Sweater pour homme est confectionn\u00e9 en laine m\u00e9rinos de poids moyen. <\/p>\n<p>&nbsp;<\/p>\n<p>Composition des fibres :<\/p>\n<div class=\"richtext_wrapper__oFInz blocks_root__vE_15\">65 % Laine, 35 % Polyamide<\/div>\n<div class=\"productDetails_productDetailsCols__K1qqI\">\n<div class=\"productDetails_productDetailsRow__bHp5_\">\n<div class=\"blocks_mobileInlineWrapper__N_Soc\"><\/div>\n<\/div>\n<\/div>\n<div><\/div>\n<div><\/div>\n<div>\n<ul>\n<li>\n<p class=\"body_default__v2V8e body_style--basic__4qd4x body_style--basic__4qd4x\">HH\u00ae MERINO MID<\/p>\n<\/li>\n<li>\n<p class=\"body_default__v2V8e body_style--basic__4qd4x body_style--basic__4qd4x\">YKK VISLON\u00ae<\/p>\n<\/li>\n<li>\n<p class=\"body_default__v2V8e body_style--basic__4qd4x body_style--basic__4qd4x\">Couture avec des fils AMANN<\/p>\n<\/li>\n<li>\n<p class=\"body_default__v2V8e body_style--basic__4qd4x body_style--basic__4qd4x\">Fermeture \u00e0 glissi\u00e8re YKK<\/p>\n<\/li>\n<li>\n<p class=\"body_default__v2V8e body_style--basic__4qd4x body_style--basic__4qd4x\">Certification Responsible Wool Standard<\/p>\n<\/li>\n<\/ul>\n<\/div>\n<p>&nbsp;<\/p>\n","protected":false},"excerpt":{"rendered":"<p>Avec sa coupe d\u00e9contract\u00e9e et son design r\u00e9tro, ce pull style ann\u00e9es 90 est un choix pratique et original pour<\/p>\n","protected":false},"featured_media":631446,"template":"","meta":{"_seopress_robots_primary_cat":"none","_seopress_titles_title":"","_seopress_titles_desc":"","_seopress_robots_index":""},"product_brand":[3425],"product_cat":[21,189,190],"product_tag":[],"class_list":{"0":"post-631444","1":"product","2":"type-product","3":"status-publish","4":"has-post-thumbnail","6":"product_brand-helly-hansen","7":"product_cat-abbigliamento","8":"product_cat-abbigliamento-per-il-tempo-libero","9":"product_cat-abbigliamento-da-uomo","10":"sws-gruppo-abb-libero-fr","11":"sws-conto-ricavi-merci-rivendita-abbigliamento-fr","12":"sws-gruppo-iva-iva81-fr","14":"first","15":"instock","16":"shipping-taxable","17":"purchasable","18":"product-type-variable"},"_links":{"self":[{"href":"https:\/\/lucacastelli.com\/fr\/wp-json\/wp\/v2\/product\/631444","targetHints":{"allow":["GET"]}}],"collection":[{"href":"https:\/\/lucacastelli.com\/fr\/wp-json\/wp\/v2\/product"}],"about":[{"href":"https:\/\/lucacastelli.com\/fr\/wp-json\/wp\/v2\/types\/product"}],"wp:featuredmedia":[{"embeddable":true,"href":"https:\/\/lucacastelli.com\/fr\/wp-json\/wp\/v2\/media\/631446"}],"wp:attachment":[{"href":"https:\/\/lucacastelli.com\/fr\/wp-json\/wp\/v2\/media?parent=631444"}],"wp:term":[{"taxonomy":"product_brand","embeddable":true,"href":"https:\/\/lucacastelli.com\/fr\/wp-json\/wp\/v2\/product_brand?post=631444"},{"taxonomy":"product_cat","embeddable":true,"href":"https:\/\/lucacastelli.com\/fr\/wp-json\/wp\/v2\/product_cat?post=631444"},{"taxonomy":"product_tag","embeddable":true,"href":"https:\/\/lucacastelli.com\/fr\/wp-json\/wp\/v2\/product_tag?post=631444"}],"curies":[{"name":"wp","href":"https:\/\/api.w.org\/{rel}","templated":true}]}}