{"id":631419,"date":"2025-09-09T14:45:33","date_gmt":"2025-09-09T12:45:33","guid":{"rendered":"https:\/\/lucacastelli.com\/prodotto\/stihl-ts-700i-350-mm\/"},"modified":"2026-03-09T00:37:07","modified_gmt":"2026-03-08T23:37:07","slug":"stihl-ts-700i-350-mm","status":"publish","type":"product","link":"https:\/\/lucacastelli.com\/fr\/produit\/stihl-ts-700i-350-mm\/","title":{"rendered":"STIHL TS 710i (350 mm) tron\u00e7onneuse \u00e0 disque"},"content":{"rendered":"<p>Tron\u00e7onneuse \u00e0 disque TS 710i : forte puissance de traction et performances maximales gr\u00e2ce \u00e0 STIHL Injection<br \/>\nPour effectuer de mani\u00e8re pr\u00e9cise et ergonomique les op\u00e9rations de coupe exigeantes dans les mat\u00e9riaux de construction min\u00e9raux ou m\u00e9talliques, la tron\u00e7onneuse \u00e0 disque TS 710i est id\u00e9ale. Avec une puissance de 5,2 kW, cette tron\u00e7onneuse \u00e0 disque d&#8217;usage universel est \u00e9quip\u00e9e de la technologie d&#8217;injection STIHL. <\/p>\n<p>L&#8217;injection \u00e0 contr\u00f4le \u00e9lectronique garantit un fonctionnement impeccable et un couple moteur \u00e9lev\u00e9. De plus, gr\u00e2ce \u00e0 la combinaison innovante de la technologie d&#8217;injection STIHL avec un syst\u00e8me moderne de lavage stratifi\u00e9 dans le moteur, la nouvelle g\u00e9n\u00e9ration de tron\u00e7onneuse \u00e0 disque se distingue par sa grande efficacit\u00e9 et ses \u00e9missions r\u00e9duites. En m\u00eame temps, le dosage de carburant command\u00e9 par capteur, combin\u00e9 avec la soupape de d\u00e9compression et STIHL ElastoStart, fait en sorte que le d\u00e9marrage de la tron\u00e7onneuse \u00e0 disque soit particuli\u00e8rement simple, tandis que pour l&#8217;arr\u00eat il suffit d&#8217;appuyer sur la touche d&#8217;arr\u00eat.  <\/p>\n<table data-test-id=\"pdp-spec-tech-table\">\n<tbody>\n<tr>\n<td>Cylindr\u00e9e<\/td>\n<td>92 cm\u00b3<\/td>\n<\/tr>\n<tr>\n<td>Puissance<\/td>\n<td>5,2\/7,1 kW\/PS<\/td>\n<\/tr>\n<tr>\n<td>Puissance<\/td>\n<td>7 bhp<\/td>\n<\/tr>\n<tr>\n<td>Poids<\/td>\n<td>12,3 kg<\/td>\n<\/tr>\n<tr>\n<td>Niveau de pression acoustique<\/td>\n<td>105 dB(A) <sup>1<!-- -->)<\/sup><\/td>\n<\/tr>\n<tr>\n<td>Niveau de puissance acoustique<\/td>\n<td>117 dB(A) <sup>1)<\/sup><\/td>\n<\/tr>\n<tr>\n<td>Valeur vibratoire gauche\/droite<\/td>\n<td>4,4\/3,9 m\/s\u00b2 <sup>2)<\/sup><\/td>\n<\/tr>\n<tr>\n<td>Longueur totale<\/td>\n<td>82 cm<\/td>\n<\/tr>\n<tr>\n<td>Diam\u00e8tre du disque de coupe<\/td>\n<td>350 mm<\/td>\n<\/tr>\n<tr>\n<td>Profondeur de coupe max<\/td>\n<td>125 mm<\/td>\n<\/tr>\n<tr>\n<td>Premier \u00e9quipement<\/td>\n<td>Kunstharz Stein<\/td>\n<\/tr>\n<tr>\n<td>CO2<\/td>\n<td>682 g\/kWh<\/td>\n<\/tr>\n<\/tbody>\n<\/table>\n","protected":false},"excerpt":{"rendered":"<p>Tron\u00e7onneuse \u00e0 disque TS 710i : forte puissance de traction et performances maximales gr\u00e2ce \u00e0 STIHL Injection Pour effectuer de<\/p>\n","protected":false},"featured_media":635612,"template":"","meta":{"_seopress_robots_primary_cat":"none","_seopress_titles_title":"","_seopress_titles_desc":"","_seopress_robots_index":""},"product_brand":[],"product_cat":[29,495,496],"product_tag":[],"class_list":{"0":"post-631419","1":"product","2":"type-product","3":"status-publish","4":"has-post-thumbnail","6":"product_cat-macchinari","7":"product_cat-troncatrici-e-mototroncatrici","8":"product_cat-troncatrici","10":"first","11":"instock","12":"shipping-taxable","13":"purchasable","14":"product-type-simple"},"_links":{"self":[{"href":"https:\/\/lucacastelli.com\/fr\/wp-json\/wp\/v2\/product\/631419","targetHints":{"allow":["GET"]}}],"collection":[{"href":"https:\/\/lucacastelli.com\/fr\/wp-json\/wp\/v2\/product"}],"about":[{"href":"https:\/\/lucacastelli.com\/fr\/wp-json\/wp\/v2\/types\/product"}],"wp:featuredmedia":[{"embeddable":true,"href":"https:\/\/lucacastelli.com\/fr\/wp-json\/wp\/v2\/media\/635612"}],"wp:attachment":[{"href":"https:\/\/lucacastelli.com\/fr\/wp-json\/wp\/v2\/media?parent=631419"}],"wp:term":[{"taxonomy":"product_brand","embeddable":true,"href":"https:\/\/lucacastelli.com\/fr\/wp-json\/wp\/v2\/product_brand?post=631419"},{"taxonomy":"product_cat","embeddable":true,"href":"https:\/\/lucacastelli.com\/fr\/wp-json\/wp\/v2\/product_cat?post=631419"},{"taxonomy":"product_tag","embeddable":true,"href":"https:\/\/lucacastelli.com\/fr\/wp-json\/wp\/v2\/product_tag?post=631419"}],"curies":[{"name":"wp","href":"https:\/\/api.w.org\/{rel}","templated":true}]}}