{"id":631418,"date":"2025-09-11T09:43:42","date_gmt":"2025-09-11T07:43:42","guid":{"rendered":"https:\/\/lucacastelli.com\/prodotto\/helly-hansen-pull-tricote-apres-pour-femmes\/"},"modified":"2026-04-01T01:51:25","modified_gmt":"2026-03-31T23:51:25","slug":"helly-hansen-pull-tricote-apres-pour-femmes","status":"publish","type":"product","link":"https:\/\/lucacastelli.com\/fr\/produit\/helly-hansen-pull-tricote-apres-pour-femmes\/","title":{"rendered":"HELLY HANSEN Pull tricot\u00e9 Apr\u00e8s pour femmes"},"content":{"rendered":"<div class=\"productDetailsSection_productDescriptionSection__FDg0y\">\n<div class=\"productDescription_productDescription__sJIE6\" data-mt-type=\"product-description\">\n<div class=\"richtext_wrapper__oFInz productDescription_productDescriptionContent__0A3VB\">Avec ce pull Apr\u00e8s Knitte Sweater pour femmes, vous pourrez ressentir l&#8217;excitation du ski tout en arborant un look original inspir\u00e9 des ann\u00e9es 90. Fabriqu\u00e9 en laine m\u00e9rinos de poids moyen, ce pull est un excellent choix pour les pistes par temps clair \u00e0 l\u00e9g\u00e8rement neigeux ou pour se d\u00e9tendre \u00e0 l&#8217;h\u00f4tel. <\/div>\n<div><\/div>\n<div class=\"richtext_wrapper__oFInz productDescription_productDescriptionContent__0A3VB\">Composition : Coque : 65 % Laine, 35 % Polyamide<\/div>\n<div><\/div>\n<div class=\"richtext_wrapper__oFInz productDescription_productDescriptionContent__0A3VB\">\n<div class=\"productDetails_productDetailsCols__K1qqI\">\n<div class=\"productDetails_productDetailsRow__bHp5_\">\n<div class=\"blocks_mobileInlineWrapper__N_Soc\">Poids:480g<\/div>\n<\/div>\n<\/div>\n<\/div>\n<\/div>\n<\/div>\n<p>&nbsp;<\/p>\n<div class=\"productDetailsSection_productUseForSection__jiMZL\">\n<div class=\"Collapsible accordion_accordionContainerOpen__ttzJB accordion_accordionContainer__DMuue\">\n<p>&nbsp;<\/p>\n<div id=\"collapsible-content-:r2a:\" class=\"Collapsible__contentOuter\" role=\"region\" aria-labelledby=\"collapsible-trigger-:r2a:\">\n<div class=\"Collapsible__contentInner\">\n<div class=\"accordion_content__C4OTf\"><\/div>\n<\/div>\n<\/div>\n<\/div>\n<\/div>\n<ul>\n<li>\n<p class=\"body_default__v2V8e body_style--basic__4qd4x body_style--basic__4qd4x\">HH\u00ae MERINO MID<\/p>\n<\/li>\n<li>\n<p class=\"body_default__v2V8e body_style--basic__4qd4x body_style--basic__4qd4x\">YKK VISLON\u00ae<\/p>\n<\/li>\n<li>\n<p class=\"body_default__v2V8e body_style--basic__4qd4x body_style--basic__4qd4x\">Couture avec des fils AMANN<\/p>\n<\/li>\n<li>\n<p class=\"body_default__v2V8e body_style--basic__4qd4x body_style--basic__4qd4x\">Fermeture \u00e0 glissi\u00e8re YKK<\/p>\n<\/li>\n<li>\n<p class=\"body_default__v2V8e body_style--basic__4qd4x body_style--basic__4qd4x\">Certification Responsible Wool Standard<\/p>\n<\/li>\n<\/ul>\n","protected":false},"excerpt":{"rendered":"<p>Avec ce pull Apr\u00e8s Knitte Sweater pour femmes, vous pourrez ressentir l&#8217;excitation du ski tout en arborant un look original<\/p>\n","protected":false},"featured_media":631421,"template":"","meta":{"_seopress_robots_primary_cat":"none","_seopress_titles_title":"","_seopress_titles_desc":"","_seopress_robots_index":""},"product_brand":[3646],"product_cat":[81,981,1387],"product_tag":[],"class_list":{"0":"post-631418","1":"product","2":"type-product","3":"status-publish","4":"has-post-thumbnail","6":"product_brand-helly-hansen-fr","7":"product_cat-vetements","8":"product_cat-vetements-de-loisirs","9":"product_cat-vetements-pour-femmes","10":"sws-gruppo-abb-libero-fr","11":"sws-conto-ricavi-merci-rivendita-abbigliamento-fr","12":"sws-gruppo-iva-iva81-fr","14":"first","15":"instock","16":"shipping-taxable","17":"purchasable","18":"product-type-variable","19":"has-default-attributes"},"_links":{"self":[{"href":"https:\/\/lucacastelli.com\/fr\/wp-json\/wp\/v2\/product\/631418","targetHints":{"allow":["GET"]}}],"collection":[{"href":"https:\/\/lucacastelli.com\/fr\/wp-json\/wp\/v2\/product"}],"about":[{"href":"https:\/\/lucacastelli.com\/fr\/wp-json\/wp\/v2\/types\/product"}],"wp:featuredmedia":[{"embeddable":true,"href":"https:\/\/lucacastelli.com\/fr\/wp-json\/wp\/v2\/media\/631421"}],"wp:attachment":[{"href":"https:\/\/lucacastelli.com\/fr\/wp-json\/wp\/v2\/media?parent=631418"}],"wp:term":[{"taxonomy":"product_brand","embeddable":true,"href":"https:\/\/lucacastelli.com\/fr\/wp-json\/wp\/v2\/product_brand?post=631418"},{"taxonomy":"product_cat","embeddable":true,"href":"https:\/\/lucacastelli.com\/fr\/wp-json\/wp\/v2\/product_cat?post=631418"},{"taxonomy":"product_tag","embeddable":true,"href":"https:\/\/lucacastelli.com\/fr\/wp-json\/wp\/v2\/product_tag?post=631418"}],"curies":[{"name":"wp","href":"https:\/\/api.w.org\/{rel}","templated":true}]}}