{"id":630841,"date":"2026-04-11T13:43:26","date_gmt":"2026-04-11T11:43:26","guid":{"rendered":"https:\/\/lucacastelli.com\/prodotto\/la-sportiva-trango-tech-leather-femme-gtx-2\/"},"modified":"2026-04-11T19:33:04","modified_gmt":"2026-04-11T17:33:04","slug":"la-sportiva-trango-tech-leather-femme-gtx-2","status":"publish","type":"product","link":"https:\/\/lucacastelli.com\/fr\/produit\/la-sportiva-trango-tech-leather-femme-gtx-2\/","title":{"rendered":"LA SPORTIVA Trango Tech Leather Woman GTX"},"content":{"rendered":"<p>Chaussure de montagne en cuir respirant et imperm\u00e9able pour randonn\u00e9es alpines : particuli\u00e8rement l\u00e9g\u00e8re, confortable et r\u00e9sistante gr\u00e2ce \u00e0 la tige en nubuck. Id\u00e9ale pour ascensions techniques et missions de travail de guides de montagne et secouristes alpins. <\/p>\n<p>La Trango Tech Leather GTX est une chaussure d&#8217;alpinisme r\u00e9alis\u00e9e en cuir respirant et imperm\u00e9able pour les randonn\u00e9es alpines : particuli\u00e8rement l\u00e9g\u00e8re, confortable et r\u00e9sistante gr\u00e2ce \u00e0 la tige en nubuck. Id\u00e9ale pour ascensions techniques et missions de travail de guides de montagne et secouristes alpins. Les coutures de la tige, au design sobre et moderne, ont \u00e9t\u00e9 r\u00e9duites au minimum pour augmenter l&#8217;imperm\u00e9abilit\u00e9 globale. Cette chaussure est tr\u00e8s r\u00e9sistante gr\u00e2ce \u00e0 l&#8217;utilisation de cuir de haute qualit\u00e9 et aux inserts protecteurs en microfibre sur la tige. L&#8217;intercalaire en polyur\u00e9thane anti-choc \u00e0 faible densit\u00e9 r\u00e9duit l&#8217;impact au sol et permet une utilisation prolong\u00e9e de la chaussure, tandis que la couche de caoutchouc anti-choc sur la pointe et le talon prot\u00e8ge activement des impacts de pierres et racines. Comme chaque produit de La Sportiva, la s\u00e9rie Trango dispose du syst\u00e8me de mouvement 3D Flex, qui favorise la mobilit\u00e9 de la cheville et un aspect dynamique. La languette de la chaussure int\u00e9gr\u00e9e dans la tige est r\u00e9alis\u00e9e en mat\u00e9riau souple et \u00e9lastique pour offrir un confort maximal, renforc\u00e9 \u00e9galement par la forme ergonomique et l&#8217;ajustement pr\u00e8s du pied.      <\/p>\n<p>Tige : nubuck + inserts en microfibre<\/p>\n<p>Doublure : Gore-Tex\u00ae Performance Comfort Semelle<\/p>\n<p>PPE \u00e9pais 4 mm et renfort en fibre de verre<\/p>\n<p>Intercalaire : polyur\u00e9thane \u00e0 faible densit\u00e9 + cuir protecteur en PU et insert arri\u00e8re en TPU pour accrochage crampon<\/p>\n<p>Poids : 520 g (demi-paire)<\/p>\n","protected":false},"excerpt":{"rendered":"<p>Chaussure de montagne en cuir respirant et imperm\u00e9able pour randonn\u00e9es alpines : particuli\u00e8rement l\u00e9g\u00e8re, confortable et r\u00e9sistante gr\u00e2ce \u00e0 la<\/p>\n","protected":false},"featured_media":828104,"template":"","meta":{"_seopress_robots_primary_cat":"none","_seopress_titles_title":"","_seopress_titles_desc":"","_seopress_robots_index":""},"product_brand":[3419],"product_cat":[28,568,575],"product_tag":[],"class_list":{"0":"post-630841","1":"product","2":"type-product","3":"status-publish","4":"has-post-thumbnail","6":"product_brand-la-sportiva","7":"product_cat-calzature","8":"product_cat-calzature-per-il-tempo-libero","9":"product_cat-calzature-da-donna","11":"first","12":"instock","13":"sale","14":"shipping-taxable","15":"purchasable","16":"product-type-variable","17":"has-default-attributes"},"_links":{"self":[{"href":"https:\/\/lucacastelli.com\/fr\/wp-json\/wp\/v2\/product\/630841","targetHints":{"allow":["GET"]}}],"collection":[{"href":"https:\/\/lucacastelli.com\/fr\/wp-json\/wp\/v2\/product"}],"about":[{"href":"https:\/\/lucacastelli.com\/fr\/wp-json\/wp\/v2\/types\/product"}],"wp:featuredmedia":[{"embeddable":true,"href":"https:\/\/lucacastelli.com\/fr\/wp-json\/wp\/v2\/media\/828104"}],"wp:attachment":[{"href":"https:\/\/lucacastelli.com\/fr\/wp-json\/wp\/v2\/media?parent=630841"}],"wp:term":[{"taxonomy":"product_brand","embeddable":true,"href":"https:\/\/lucacastelli.com\/fr\/wp-json\/wp\/v2\/product_brand?post=630841"},{"taxonomy":"product_cat","embeddable":true,"href":"https:\/\/lucacastelli.com\/fr\/wp-json\/wp\/v2\/product_cat?post=630841"},{"taxonomy":"product_tag","embeddable":true,"href":"https:\/\/lucacastelli.com\/fr\/wp-json\/wp\/v2\/product_tag?post=630841"}],"curies":[{"name":"wp","href":"https:\/\/api.w.org\/{rel}","templated":true}]}}