{"id":630731,"date":"2026-03-10T10:49:18","date_gmt":"2026-03-10T09:49:18","guid":{"rendered":"https:\/\/lucacastelli.com\/prodotto\/la-sportiva-spire-gtx-2\/"},"modified":"2026-03-10T16:42:32","modified_gmt":"2026-03-10T15:42:32","slug":"la-sportiva-spire-gtx-2","status":"publish","type":"product","link":"https:\/\/lucacastelli.com\/fr\/produit\/la-sportiva-spire-gtx-2\/","title":{"rendered":"La Sportiva Spire GTX"},"content":{"rendered":"<p>Chaussure low-cut de nouvelle g\u00e9n\u00e9ration pour la randonn\u00e9e rapide. Elle adopte des solutions issues de l\u2019ADN montagne de La Sportiva, combin\u00e9es \u00e0 des technologies et concepts d\u00e9riv\u00e9s du Mountain Running pour un produit polyvalent, imperm\u00e9able et ultra-respirant gr\u00e2ce \u00e0 la nouvelle technologie GORE-TEX SURROUND\u00ae. <\/p>\n<p>&nbsp;<\/p>\n<p>Spire est la chaussure de fast hiking de nouvelle g\u00e9n\u00e9ration pour la randonn\u00e9e rapide. Elle adopte des solutions issues de l\u2019ADN montagne de La Sportiva, combin\u00e9es \u00e0 des technologies et concepts d\u00e9riv\u00e9s du Mountain Running pour un produit polyvalent, imperm\u00e9able et ultra-respirant gr\u00e2ce \u00e0 la nouvelle technologie GORE-TEX SURROUND\u00ae : une technologie exclusive permettant une respirabilit\u00e9 totale gr\u00e2ce \u00e0 une surface d\u2019a\u00e9ration accrue comprenant la tige, la semelle int\u00e9rieure et la semelle interm\u00e9diaire en EVA et TPU perfor\u00e9e lat\u00e9ralement. Les canaux d\u2019a\u00e9ration visibles le long du profil de la semelle interm\u00e9diaire sont prot\u00e9g\u00e9s par un filet en nylon monofilament tr\u00e8s r\u00e9sistant pour \u00e9viter l\u2019entr\u00e9e de cailloux et d\u2019impuret\u00e9s. La tige low-cut est r\u00e9alis\u00e9e avec la structure Nano-Cells 2.0\u2122 compos\u00e9e de cellules ultra-respirantes travaillant en synergie avec la membrane GORE-TEX SURROUND\u00ae pour une respirabilit\u00e9 accrue sans pr\u00e9c\u00e9dent. La partie inf\u00e9rieure de la chaussure int\u00e8gre le Stability control System\u2122, un syst\u00e8me de stabilisation anti-torsion qui int\u00e8gre les trous d\u2019a\u00e9ration de la technologie GORE-TEX SURROUND\u00ae. La semelle ext\u00e9rieure est en compos\u00e9 Vibram XS Trek pour une excellente accroche sur terrains durs, meubles et boueux. Respirabilit\u00e9 et confort \u00e0 360 degr\u00e9s.      <\/p>\n<p>&nbsp;<\/p>\n<h3>Informations techniques<\/h3>\n<p><b>Membrane imperm\u00e9able : <\/b>GORE-TEX Surround\u00ae<\/p>\n<p><b>Semelle interm\u00e9diaire : <\/b>EVA compress\u00e9<\/p>\n<p><b>Semelle : <\/b>Vibram XS Trek<\/p>\n<p><b>Hauteur semelle (mm) &#8211; Talon : <\/b>32<\/p>\n<p><b>Hauteur semelle (mm) &#8211; Avant-pied : <\/b>26<\/p>\n<p><b>Drop (mm) : <\/b>6<\/p>\n<p><b>Hauteur crampons (mm) : <\/b>5<\/p>\n<p><b>Chaussant large : <\/b>Non<\/p>\n<p><b>Semelle int\u00e9rieure : <\/b>H001 Ortholite\u00ae Hybrid Mountain Hiking 5 mm<\/p>\n<p><b>Doublure : <\/b>GORE-TEX Surround\u00ae.<\/p>\n<p><b>Semelle interm\u00e9diaire : <\/b>EVA compress\u00e9 amortissant avec c\u00f4t\u00e9s en TPU et canaux d\u2019a\u00e9ration en GORE-TEX Surround\u00ae<\/p>\n<p><b>Semelle : <\/b>Vibram\u00ae XS Trek avec IBS<\/p>\n<p><b>Tige : <\/b>Mesh respirant hautement r\u00e9sistant \u00e0 l\u2019abrasion avec structure Nano Cell 2.0\u2122 et pointe et talon en PU-Tech Lite\u2122<\/p>\n","protected":false},"excerpt":{"rendered":"<p>Chaussure low-cut de nouvelle g\u00e9n\u00e9ration pour la randonn\u00e9e rapide. Elle adopte des solutions issues de l\u2019ADN montagne de La Sportiva,<\/p>\n","protected":false},"featured_media":630732,"template":"","meta":{"_seopress_robots_primary_cat":"none","_seopress_titles_title":"","_seopress_titles_desc":"","_seopress_robots_index":""},"product_brand":[3648],"product_cat":[173,1420,1432],"product_tag":[],"class_list":{"0":"post-630731","1":"product","2":"type-product","3":"status-publish","4":"has-post-thumbnail","6":"product_brand-la-sportiva-fr","7":"product_cat-chaussures","8":"product_cat-chaussures-de-loisirs","9":"product_cat-chaussures-pour-hommes","10":"sws-gruppo-abb-libero-fr","11":"sws-conto-ricavi-merci-rivendita-abbigliamento-fr","12":"sws-gruppo-iva-iva81-fr","14":"first","15":"instock","16":"shipping-taxable","17":"purchasable","18":"product-type-variable","19":"has-default-attributes"},"_links":{"self":[{"href":"https:\/\/lucacastelli.com\/fr\/wp-json\/wp\/v2\/product\/630731","targetHints":{"allow":["GET"]}}],"collection":[{"href":"https:\/\/lucacastelli.com\/fr\/wp-json\/wp\/v2\/product"}],"about":[{"href":"https:\/\/lucacastelli.com\/fr\/wp-json\/wp\/v2\/types\/product"}],"wp:featuredmedia":[{"embeddable":true,"href":"https:\/\/lucacastelli.com\/fr\/wp-json\/wp\/v2\/media\/630732"}],"wp:attachment":[{"href":"https:\/\/lucacastelli.com\/fr\/wp-json\/wp\/v2\/media?parent=630731"}],"wp:term":[{"taxonomy":"product_brand","embeddable":true,"href":"https:\/\/lucacastelli.com\/fr\/wp-json\/wp\/v2\/product_brand?post=630731"},{"taxonomy":"product_cat","embeddable":true,"href":"https:\/\/lucacastelli.com\/fr\/wp-json\/wp\/v2\/product_cat?post=630731"},{"taxonomy":"product_tag","embeddable":true,"href":"https:\/\/lucacastelli.com\/fr\/wp-json\/wp\/v2\/product_tag?post=630731"}],"curies":[{"name":"wp","href":"https:\/\/api.w.org\/{rel}","templated":true}]}}