{"id":630637,"date":"2025-09-08T11:32:48","date_gmt":"2025-09-08T09:32:48","guid":{"rendered":"https:\/\/lucacastelli.com\/prodotto\/la-sportiva-tx4-evo-gtx-2\/"},"modified":"2025-09-08T11:32:48","modified_gmt":"2025-09-08T09:32:48","slug":"la-sportiva-tx4-evo-gtx-2","status":"publish","type":"product","link":"https:\/\/lucacastelli.com\/fr\/produit\/la-sportiva-tx4-evo-gtx-2\/","title":{"rendered":"La Sportiva TX4 EVO GTX"},"content":{"rendered":"<p>TX4 Evo GTX est la chaussure en cuir dot\u00e9e d&#8217;une membrane GORE-TEX imperm\u00e9able, d\u00e9velopp\u00e9e pour garantir une stabilit\u00e9 et une adh\u00e9rence maximales, m\u00eame sur les terrains les plus accident\u00e9s. Id\u00e9ale pour les approches techniques et les passages d&#8217;escalade faciles, elle offre un confort in\u00e9gal\u00e9 gr\u00e2ce aux mat\u00e9riaux qui composent la tige et aux grands volumes internes. La membrane GORE-TEX Extended Comfort rend la chaussure imperm\u00e9able et respirante m\u00eame en cas d&#8217;utilisation prolong\u00e9e. La bande de roulement avec le compos\u00e9 Vibram\u00ae MegaGrip et la structure brevet\u00e9e Impact Brake System\u2122 des crampons permet une stabilit\u00e9 maximale \u00e0 tout moment en descente et un contr\u00f4le parfait de la traction en mont\u00e9e. La large Climbing Zone au niveau des orteils garantit une pr\u00e9cision et une grande adh\u00e9rence en mont\u00e9e et lors des passages les plus d\u00e9licats. La semelle interm\u00e9diaire sp\u00e9ciale avec l&#8217;insert brevet\u00e9 Resole Platform\u2122 permet de ressemeler la TX4 Evo GTX sans affecter ses caract\u00e9ristiques techniques et son confort. Resolier tes chaussures, c&#8217;est prolonger leur cycle de vie et ainsi \u00e9viter les d\u00e9chets.      <\/p>\n<p>&nbsp;<\/p>\n<p>&nbsp;<\/p>\n<p>&nbsp;<\/p>\n","protected":false},"excerpt":{"rendered":"<p>TX4 Evo GTX est la chaussure en cuir dot\u00e9e d&#8217;une membrane GORE-TEX imperm\u00e9able, d\u00e9velopp\u00e9e pour garantir une stabilit\u00e9 et une<\/p>\n","protected":false},"featured_media":630096,"template":"","meta":{"_seopress_robots_primary_cat":"none","_seopress_titles_title":"","_seopress_titles_desc":"","_seopress_robots_index":""},"product_brand":[3419],"product_cat":[28,568,569],"product_tag":[],"class_list":{"0":"post-630637","1":"product","2":"type-product","3":"status-publish","4":"has-post-thumbnail","6":"product_brand-la-sportiva","7":"product_cat-calzature","8":"product_cat-calzature-per-il-tempo-libero","9":"product_cat-calzature-da-uomo","10":"sws-gruppo-abb-libero-fr","11":"sws-conto-ricavi-merci-rivendita-abbigliamento-fr","12":"sws-gruppo-iva-iva81-fr","14":"first","15":"instock","16":"shipping-taxable","17":"purchasable","18":"product-type-variable","19":"has-default-attributes"},"_links":{"self":[{"href":"https:\/\/lucacastelli.com\/fr\/wp-json\/wp\/v2\/product\/630637","targetHints":{"allow":["GET"]}}],"collection":[{"href":"https:\/\/lucacastelli.com\/fr\/wp-json\/wp\/v2\/product"}],"about":[{"href":"https:\/\/lucacastelli.com\/fr\/wp-json\/wp\/v2\/types\/product"}],"wp:featuredmedia":[{"embeddable":true,"href":"https:\/\/lucacastelli.com\/fr\/wp-json\/wp\/v2\/media\/630096"}],"wp:attachment":[{"href":"https:\/\/lucacastelli.com\/fr\/wp-json\/wp\/v2\/media?parent=630637"}],"wp:term":[{"taxonomy":"product_brand","embeddable":true,"href":"https:\/\/lucacastelli.com\/fr\/wp-json\/wp\/v2\/product_brand?post=630637"},{"taxonomy":"product_cat","embeddable":true,"href":"https:\/\/lucacastelli.com\/fr\/wp-json\/wp\/v2\/product_cat?post=630637"},{"taxonomy":"product_tag","embeddable":true,"href":"https:\/\/lucacastelli.com\/fr\/wp-json\/wp\/v2\/product_tag?post=630637"}],"curies":[{"name":"wp","href":"https:\/\/api.w.org\/{rel}","templated":true}]}}