{"id":629091,"date":"2025-09-04T19:55:45","date_gmt":"2025-09-04T17:55:45","guid":{"rendered":"https:\/\/lucacastelli.com\/prodotto\/tete-de-coupe-stihl-polycut-12-2\/"},"modified":"2025-10-27T07:41:56","modified_gmt":"2025-10-27T06:41:56","slug":"tete-de-coupe-stihl-polycut-12-2","status":"publish","type":"product","link":"https:\/\/lucacastelli.com\/fr\/produit\/tete-de-coupe-stihl-polycut-12-2\/","title":{"rendered":"STIHL PolyCut 12-2 T\u00eate de coupe"},"content":{"rendered":"<h2 class=\"product-details__title\">Avec le syst\u00e8me Rapid Click pour plus de confort et d&#8217;efficacit\u00e9 lors du remplacement de la t\u00eate de coupe et du changement des lames<\/h2>\n<div class=\"product-details__description richtexteditor\">\n<p>La t\u00eate STIHL PolyCut 12-2 est adapt\u00e9e aux d\u00e9broussailleuses \u00e0 batterie STIHL FSA 70 R et STIHL FSA 110 R, \u00e9quip\u00e9es du syst\u00e8me STIHL Rapid Click.<\/p>\n<p>Gr\u00e2ce au syst\u00e8me Rapid Click, vous pouvez retirer facilement et rapidement la t\u00eate sans outils, en appuyant sur un bouton \u2013 par exemple, pour changer les 2 lames en plastique PolyCut ou pour monter un autre outil de coupe avec syst\u00e8me de changement rapide sur votre tron\u00e7onneuse. Gr\u00e2ce \u00e0 la construction intelligente, les 2 lames en plastique PolyCut peuvent \u00eatre remplac\u00e9es facilement sans outils, sans devoir ouvrir ou retirer compl\u00e8tement la t\u00eate. \u00c0 cet effet, 6 lames en plastique sont d\u00e9j\u00e0 incluses dans l&#8217;emballage.  <\/p>\n<p>Gr\u00e2ce au grand cercle de coupe de 330 mm du STIHL PolyCut 12-2, vous pouvez couper l&#8217;herbe de hauteur moyenne et entretenir les bordures de pelouse de mani\u00e8re rapide et efficace. Pour une coupe nette de l&#8217;herbe dense, des lames en plastique vertes avec un cercle de coupe de 300 mm sont \u00e9galement disponibles. Un avantage suppl\u00e9mentaire du PolyCut 12-2 est la consommation \u00e9nerg\u00e9tique r\u00e9duite de la tron\u00e7onneuse par rapport \u00e0 une t\u00eate \u00e0 fil, ce qui peut augmenter consid\u00e9rablement le temps de coupe par charge de batterie. <\/p>\n<\/div>\n<p>Nombre de lames incluses : 6<\/p>\n","protected":false},"excerpt":{"rendered":"<p>Avec le syst\u00e8me Rapid Click pour plus de confort et d&#8217;efficacit\u00e9 lors du remplacement de la t\u00eate de coupe et<\/p>\n","protected":false},"featured_media":629070,"template":"","meta":{"_seopress_robots_primary_cat":"","_seopress_titles_title":"","_seopress_titles_desc":"","_seopress_robots_index":""},"product_brand":[3555],"product_cat":[1587,1586,1601,167],"product_tag":[],"class_list":{"0":"post-629091","1":"product","2":"type-product","3":"status-publish","4":"has-post-thumbnail","6":"product_brand-stihl-fr","7":"product_cat-accessoires-et-consommables-fr-3","8":"product_cat-debroussailleuses-et-coupe-bordures","9":"product_cat-debroussailleuses-et-coupe-herbes-a-batterie","10":"product_cat-machines","11":"sws-gruppo-macchinari-fr","12":"sws-conto-ricavi-merci-rivendita-macchinari-fr","13":"sws-gruppo-iva-iva81-fr","15":"first","16":"instock","17":"shipping-taxable","18":"purchasable","19":"product-type-simple"},"_links":{"self":[{"href":"https:\/\/lucacastelli.com\/fr\/wp-json\/wp\/v2\/product\/629091","targetHints":{"allow":["GET"]}}],"collection":[{"href":"https:\/\/lucacastelli.com\/fr\/wp-json\/wp\/v2\/product"}],"about":[{"href":"https:\/\/lucacastelli.com\/fr\/wp-json\/wp\/v2\/types\/product"}],"wp:featuredmedia":[{"embeddable":true,"href":"https:\/\/lucacastelli.com\/fr\/wp-json\/wp\/v2\/media\/629070"}],"wp:attachment":[{"href":"https:\/\/lucacastelli.com\/fr\/wp-json\/wp\/v2\/media?parent=629091"}],"wp:term":[{"taxonomy":"product_brand","embeddable":true,"href":"https:\/\/lucacastelli.com\/fr\/wp-json\/wp\/v2\/product_brand?post=629091"},{"taxonomy":"product_cat","embeddable":true,"href":"https:\/\/lucacastelli.com\/fr\/wp-json\/wp\/v2\/product_cat?post=629091"},{"taxonomy":"product_tag","embeddable":true,"href":"https:\/\/lucacastelli.com\/fr\/wp-json\/wp\/v2\/product_tag?post=629091"}],"curies":[{"name":"wp","href":"https:\/\/api.w.org\/{rel}","templated":true}]}}