{"id":629081,"date":"2025-09-04T19:57:23","date_gmt":"2025-09-04T17:57:23","guid":{"rendered":"https:\/\/lucacastelli.com\/prodotto\/stihl-autocut-c-12-2-tete-de-coupe\/"},"modified":"2025-10-27T07:41:59","modified_gmt":"2025-10-27T06:41:59","slug":"stihl-autocut-c-12-2-tete-de-coupe","status":"publish","type":"product","link":"https:\/\/lucacastelli.com\/fr\/produit\/stihl-autocut-c-12-2-tete-de-coupe\/","title":{"rendered":"STIHL AutoCut C 12-2 T\u00eate faucheuse"},"content":{"rendered":"<h2>T\u00eate de coupe AutoCut C 12-2 : remplacement et remplissage de la t\u00eate de coupe particuli\u00e8rement pratiques et efficaces gr\u00e2ce au syst\u00e8me Rapid Click et Advanced EasySpool<\/h2>\n<p>La t\u00eate de coupe STIHL AutoCut C 12-2 est adapt\u00e9e aux d\u00e9broussailleuses \u00e0 batterie <b>STIHL FSA 70 R<\/b> et <b>STIHL FSA 110 R<\/b>, \u00e9quip\u00e9es du <b>syst\u00e8me STIHL Rapid Click<\/b>. Gr\u00e2ce \u00e0 ce syst\u00e8me de remplacement rapide, il est possible de <b>retirer la t\u00eate de coupe sans outils, simplement en appuyant sur un bouton<\/b>. <\/p>\n<p>De plus, AutoCut C 12-2 est \u00e9quip\u00e9e du <b>STIHL Advanced EasySpool<\/b>. Cela permet d&#8217;<b>enrouler le fil dans la t\u00eate de coupe de mani\u00e8re pratique, simple et sans outils<\/b>. <\/p>\n<p>Le grand disque rotatif pour enrouler le fil est particuli\u00e8rement facile \u00e0 utiliser et se trouve sur la partie sup\u00e9rieure de la t\u00eate de coupe, prot\u00e9g\u00e9 de l&#8217;usure. L&#8217;enroulement avec STIHL Advanced EasySpool est beaucoup plus pratique m\u00eame si vous ne retirez pas la t\u00eate de coupe de la d\u00e9broussailleuse. <\/p>\n<p>Il est possible de remplir la t\u00eate de coupe AutoCut C 12-2 avec <b>diff\u00e9rents fils de coupe<\/b> (diam\u00e8tre 2,0<b> <\/b>mm et 2,4 mm ; notre recommandation : <a href=\"https:\/\/www.stihl.de\/de\/ap\/maehfaden-rund-%C3%B8-2-4-mm-205681\"><b>fil de coupe rond d&#8217;un diam\u00e8tre de 2,4 mm<\/b><\/a>)<b> <\/b>. Ainsi, il est possible de <b>couper l&#8217;herbe de hauteur moyenne et de finir les arbres, les murs, les haies, les escaliers ou les bordures de pelouse<\/b> de mani\u00e8re flexible et efficace. Le r\u00e9glage facile du fil de coupe gr\u00e2ce \u00e0 la t\u00eate semi-automatique permet une utilisation rapide et efficace. <\/p>\n<p><b>Remarque<\/b> : les t\u00eates de coupe ne peuvent \u00eatre utilis\u00e9es qu&#8217;avec une protection sp\u00e9ciale ou une protection STIHL compatible pour outils de coupe.<\/p>\n<p>&nbsp;<\/p>\n<p>&nbsp;<\/p>\n<table data-test-id=\"pdp-spec-tech-table\">\n<tbody>\n<tr>\n<td>Diam\u00e8tre du fil<\/td>\n<td>\u00d8 2,4 mm<\/td>\n<\/tr>\n<tr>\n<td>Diam\u00e8tre du fil<\/td>\n<td>0.095 &#8220;<\/td>\n<\/tr>\n<tr>\n<td>Longueur du fil<\/td>\n<td>3,8 m<\/td>\n<\/tr>\n<\/tbody>\n<\/table>\n","protected":false},"excerpt":{"rendered":"<p>T\u00eate de coupe AutoCut C 12-2 : remplacement et remplissage de la t\u00eate de coupe particuli\u00e8rement pratiques et efficaces gr\u00e2ce<\/p>\n","protected":false},"featured_media":629074,"template":"","meta":{"_seopress_robots_primary_cat":"none","_seopress_titles_title":"","_seopress_titles_desc":"","_seopress_robots_index":""},"product_brand":[3366],"product_cat":[29,270,271,281],"product_tag":[],"class_list":{"0":"post-629081","1":"product","2":"type-product","3":"status-publish","4":"has-post-thumbnail","6":"product_brand-stihl","7":"product_cat-macchinari","8":"product_cat-decespugliatori-e-tagliabordi","9":"product_cat-accessori-e-materiale-di-consumo-decespugliatori-e-tagliabordi","10":"product_cat-decespugliatori-e-tagliabordi-a-batteria","11":"sws-gruppo-macchinari-fr","12":"sws-conto-ricavi-merci-rivendita-macchinari-fr","13":"sws-gruppo-iva-iva81-fr","15":"first","16":"instock","17":"shipping-taxable","18":"purchasable","19":"product-type-simple"},"_links":{"self":[{"href":"https:\/\/lucacastelli.com\/fr\/wp-json\/wp\/v2\/product\/629081","targetHints":{"allow":["GET"]}}],"collection":[{"href":"https:\/\/lucacastelli.com\/fr\/wp-json\/wp\/v2\/product"}],"about":[{"href":"https:\/\/lucacastelli.com\/fr\/wp-json\/wp\/v2\/types\/product"}],"wp:featuredmedia":[{"embeddable":true,"href":"https:\/\/lucacastelli.com\/fr\/wp-json\/wp\/v2\/media\/629074"}],"wp:attachment":[{"href":"https:\/\/lucacastelli.com\/fr\/wp-json\/wp\/v2\/media?parent=629081"}],"wp:term":[{"taxonomy":"product_brand","embeddable":true,"href":"https:\/\/lucacastelli.com\/fr\/wp-json\/wp\/v2\/product_brand?post=629081"},{"taxonomy":"product_cat","embeddable":true,"href":"https:\/\/lucacastelli.com\/fr\/wp-json\/wp\/v2\/product_cat?post=629081"},{"taxonomy":"product_tag","embeddable":true,"href":"https:\/\/lucacastelli.com\/fr\/wp-json\/wp\/v2\/product_tag?post=629081"}],"curies":[{"name":"wp","href":"https:\/\/api.w.org\/{rel}","templated":true}]}}