{"id":629054,"date":"2025-09-04T19:49:54","date_gmt":"2025-09-04T17:49:54","guid":{"rendered":"https:\/\/lucacastelli.com\/prodotto\/stihl-buse-reglable-pour-souffleurs\/"},"modified":"2025-09-04T19:49:54","modified_gmt":"2025-09-04T17:49:54","slug":"stihl-buse-reglable-pour-souffleurs","status":"publish","type":"product","link":"https:\/\/lucacastelli.com\/fr\/produit\/stihl-buse-reglable-pour-souffleurs\/","title":{"rendered":"STIHL Buse r\u00e9glable pour souffleurs"},"content":{"rendered":"<h2>Buse ronde r\u00e9glable : commute entre le d\u00e9bit maximal et la vitesse maximale.<\/h2>\n<p>La buse circulaire r\u00e9glable aide les <b>professionnels \u00e0 \u00e9liminer de mani\u00e8re cibl\u00e9e les feuilles, l&#8217;herbe coup\u00e9e, les r\u00e9sidus d&#8217;\u00e9lagage ou les d\u00e9bris<\/b>. Le d\u00e9bit d&#8217;air peut \u00eatre modifi\u00e9 rapidement et facilement pendant le travail. Dans la <b>premi\u00e8re position<\/b>, la buse est ouverte et le <b>volume d&#8217;air maximal<\/b> est donc disponible. Dans la<b> deuxi\u00e8me position<\/b>, le flux d&#8217;air est r\u00e9duit et tu peux travailler avec une <b>vitesse d&#8217;air maximale<\/b>. Les feuilles mouill\u00e9es ou les salet\u00e9s humides peuvent \u00eatre <b>\u00e9limin\u00e9es efficacement<\/b> gr\u00e2ce au flux d&#8217;air cibl\u00e9 et plus puissant. Tu peux donc t&#8217;adapter rapidement \u00e0 de nouvelles conditions de travail sans avoir \u00e0 changer de buse. La buse circulaire STIHL droite et r\u00e9glable se monte en une seule op\u00e9ration sur le tuyau de soufflage du souffleur STIHL.      <\/p>\n<p>La buse circulaire r\u00e9glable convient aux souffleurs STIHL suivants :<\/p>\n<ul>\n<li><a href=\"https:\/\/www.stihl.de\/de\/p\/laubblaeser-blasgeraete-saughaecksler-benzin-laubblaeser-br-700-63529\"><b>STIHL BR 700<\/b><\/a><\/li>\n<li><a href=\"https:\/\/www.stihl.de\/de\/p\/laubblaeser-blasgeraete-saughaecksler-benzin-laubblaeser-br-800-95832\"><b>STIHL BR 800<\/b><\/a><\/li>\n<li><a href=\"https:\/\/www.stihl.de\/de\/p\/laubblaeser-blasgeraete-saughaecksler-akku-laubblaeser-bga-300-ap-system-174240\"><b>STIHL BGA 300<\/b><\/a><\/li>\n<li><a href=\"https:\/\/www.stihl.de\/de\/p\/laubblaeser-blasgeraete-saughaecksler-akku-laubblaeser-bra-500-ap-system-209397#bra-500-ohne-akku-und-ladegeraet-209397\"><b>STIHL BRA 500<\/b><\/a><\/li>\n<li><a href=\"https:\/\/www.stihl.de\/de\/p\/laubblaeser-blasgeraete-saughaecksler-akku-laubblaeser-bra-600-ap-system-209410#bra-600-ohne-akku-und-ladegeraet-209410\"><b>STIHL BRA 600<\/b><\/a><\/li>\n<\/ul>\n","protected":false},"excerpt":{"rendered":"<p>Buse ronde r\u00e9glable : commute entre le d\u00e9bit maximal et la vitesse maximale. La buse circulaire r\u00e9glable aide les professionnels<\/p>\n","protected":false},"featured_media":629030,"template":"","meta":{"_seopress_robots_primary_cat":"","_seopress_titles_title":"","_seopress_titles_desc":"","_seopress_robots_index":""},"product_brand":[3555],"product_cat":[167,1643,1651,1652],"product_tag":[],"class_list":{"0":"post-629054","1":"product","2":"type-product","3":"status-publish","4":"has-post-thumbnail","6":"product_brand-stihl-fr","7":"product_cat-machines","8":"product_cat-souffleurs-et-aspirateurs","9":"product_cat-souffleurs-a-batterie","10":"product_cat-souffleurs-a-moteur","11":"sws-gruppo-macchinari-fr","12":"sws-conto-ricavi-merci-rivendita-macchinari-fr","13":"sws-gruppo-iva-iva81-fr","15":"first","16":"instock","17":"shipping-taxable","18":"purchasable","19":"product-type-simple"},"_links":{"self":[{"href":"https:\/\/lucacastelli.com\/fr\/wp-json\/wp\/v2\/product\/629054","targetHints":{"allow":["GET"]}}],"collection":[{"href":"https:\/\/lucacastelli.com\/fr\/wp-json\/wp\/v2\/product"}],"about":[{"href":"https:\/\/lucacastelli.com\/fr\/wp-json\/wp\/v2\/types\/product"}],"wp:featuredmedia":[{"embeddable":true,"href":"https:\/\/lucacastelli.com\/fr\/wp-json\/wp\/v2\/media\/629030"}],"wp:attachment":[{"href":"https:\/\/lucacastelli.com\/fr\/wp-json\/wp\/v2\/media?parent=629054"}],"wp:term":[{"taxonomy":"product_brand","embeddable":true,"href":"https:\/\/lucacastelli.com\/fr\/wp-json\/wp\/v2\/product_brand?post=629054"},{"taxonomy":"product_cat","embeddable":true,"href":"https:\/\/lucacastelli.com\/fr\/wp-json\/wp\/v2\/product_cat?post=629054"},{"taxonomy":"product_tag","embeddable":true,"href":"https:\/\/lucacastelli.com\/fr\/wp-json\/wp\/v2\/product_tag?post=629054"}],"curies":[{"name":"wp","href":"https:\/\/api.w.org\/{rel}","templated":true}]}}