{"id":629031,"date":"2025-08-28T10:14:54","date_gmt":"2025-08-28T08:14:54","guid":{"rendered":"https:\/\/lucacastelli.com\/prodotto\/helly-hansen-lifa-merino-midweight-crew-2\/"},"modified":"2026-03-02T15:10:26","modified_gmt":"2026-03-02T14:10:26","slug":"helly-hansen-lifa-merino-midweight-crew-2","status":"publish","type":"product","link":"https:\/\/lucacastelli.com\/fr\/produit\/helly-hansen-lifa-merino-midweight-crew-2\/","title":{"rendered":"HELLY HANSEN LIFA MERINO MIDWEIGHT CREW"},"content":{"rendered":"<div class=\"productDetailsSection_productDescriptionSection__FDg0y\">\n<div class=\"productDescription_productDescription__sJIE6\" data-mt-type=\"product-description\">\n<div class=\"richtext_wrapper__Apw4P productDescription_productDescriptionContent__0A3VB\">Le maillot col rond de base LIFA\u00ae Merino Midweight polyvalent s&#8217;adapte \u00e0 tous les climats froids. Nous avons combin\u00e9 une couche en 100 % laine m\u00e9rinos avec notre technologie \u00e9prouv\u00e9e LIFA\u00ae Stay Warm dans une structure \u00e0 2 couches. Le maillot de corps col rond LIFA\u00ae Merino Midweight offre toute la chaleur et la respirabilit\u00e9 des fibres de laine m\u00e9rinos, ainsi que les propri\u00e9t\u00e9s exclusives de gestion de l&#8217;humidit\u00e9 des fibres LIFA\u00ae.  <\/div>\n<\/div>\n<\/div>\n<div class=\"productCollapseSection_productCollapseSection__6fb5x\">\n<div class=\"productCollapseSection_productCollapseSectionTitle__1Vh_4\">\n<h2 class=\"heading_default__uXoxn heading_style--h3__iT44T\">D\u00e9tails<\/h2>\n<\/div>\n<div class=\"productCollapseSection_productCollapseSectionContent__VJCb7\">\n<div class=\"productDetails_productDetails__g_C4N\">\n<p>Composition des fibres :<\/p>\n<div class=\"richtext_wrapper__Apw4P blocks_root__vE_15\">Ext\u00e9rieur : 57 % laine m\u00e9rinos, 43 % polypropyl\u00e8ne<\/div>\n<p>Instructions d&#8217;entretien :<\/p>\n<div class=\"richtext_wrapper__Apw4P blocks_root__vE_15\">Ne pas utiliser d&#8217;adoucissant. Ne pas tordre. Utilise une lessive pour laine. Lave \u00e0 l&#8217;envers.  <\/div>\n<div class=\"productDetails_productDetailsCols__K1qqI\">\n<div class=\"productDetails_productDetailsRow__bHp5_\">\n<div class=\"blocks_mobileInlineWrapper__N_Soc\">Poids:350g<\/div>\n<\/div>\n<\/div>\n<\/div>\n<\/div>\n<\/div>\n<div class=\"productCollapseSection_productCollapseSection__6fb5x productFeatures_root__BqPE9\">\n<div class=\"productCollapseSection_productCollapseSectionTitle__1Vh_4\">\n<h2 class=\"heading_default__uXoxn heading_style--h3__iT44T\">Fonctionnalit\u00e9s<\/h2>\n<\/div>\n<div class=\"productCollapseSection_productCollapseSectionContent__VJCb7\">\n<ul>\n<li>LIFA\u00ae MERINO<\/li>\n<li>Construction \u00e0 deux couches<\/li>\n<li>Ext\u00e9rieur en 100 % laine m\u00e9rinos<\/li>\n<li>Coutures plates pour un confort et une r\u00e9sistance optimaux<\/li>\n<li>Tissu non irritant<\/li>\n<li>ZQ m\u00e9rinos<\/li>\n<\/ul>\n<\/div>\n<\/div>\n","protected":false},"excerpt":{"rendered":"<p>Le maillot col rond de base LIFA\u00ae Merino Midweight polyvalent s&#8217;adapte \u00e0 tous les climats froids. Nous avons combin\u00e9 une<\/p>\n","protected":false},"featured_media":626576,"template":"","meta":{"_seopress_robots_primary_cat":"none","_seopress_titles_title":"","_seopress_titles_desc":"","_seopress_robots_index":""},"product_brand":[3425],"product_cat":[21,189,190],"product_tag":[],"class_list":{"0":"post-629031","1":"product","2":"type-product","3":"status-publish","4":"has-post-thumbnail","6":"product_brand-helly-hansen","7":"product_cat-abbigliamento","8":"product_cat-abbigliamento-per-il-tempo-libero","9":"product_cat-abbigliamento-da-uomo","10":"sws-gruppo-abb-libero-fr","11":"sws-conto-ricavi-merci-rivendita-abbigliamento-fr","12":"sws-gruppo-iva-iva81-fr","14":"first","15":"instock","16":"sale","17":"shipping-taxable","18":"purchasable","19":"product-type-variable","20":"has-default-attributes"},"_links":{"self":[{"href":"https:\/\/lucacastelli.com\/fr\/wp-json\/wp\/v2\/product\/629031","targetHints":{"allow":["GET"]}}],"collection":[{"href":"https:\/\/lucacastelli.com\/fr\/wp-json\/wp\/v2\/product"}],"about":[{"href":"https:\/\/lucacastelli.com\/fr\/wp-json\/wp\/v2\/types\/product"}],"wp:featuredmedia":[{"embeddable":true,"href":"https:\/\/lucacastelli.com\/fr\/wp-json\/wp\/v2\/media\/626576"}],"wp:attachment":[{"href":"https:\/\/lucacastelli.com\/fr\/wp-json\/wp\/v2\/media?parent=629031"}],"wp:term":[{"taxonomy":"product_brand","embeddable":true,"href":"https:\/\/lucacastelli.com\/fr\/wp-json\/wp\/v2\/product_brand?post=629031"},{"taxonomy":"product_cat","embeddable":true,"href":"https:\/\/lucacastelli.com\/fr\/wp-json\/wp\/v2\/product_cat?post=629031"},{"taxonomy":"product_tag","embeddable":true,"href":"https:\/\/lucacastelli.com\/fr\/wp-json\/wp\/v2\/product_tag?post=629031"}],"curies":[{"name":"wp","href":"https:\/\/api.w.org\/{rel}","templated":true}]}}