{"id":628972,"date":"2025-08-28T10:22:57","date_gmt":"2025-08-28T08:22:57","guid":{"rendered":"https:\/\/lucacastelli.com\/prodotto\/helly-hansen-hommes-lifa-merino-midweight-logo\/"},"modified":"2026-04-01T01:51:27","modified_gmt":"2026-03-31T23:51:27","slug":"helly-hansen-hommes-lifa-merino-midweight-logo","status":"publish","type":"product","link":"https:\/\/lucacastelli.com\/fr\/produit\/helly-hansen-hommes-lifa-merino-midweight-logo\/","title":{"rendered":"HELLY HANSEN Hommes LIFA\u00ae Merino Midweight Logo"},"content":{"rendered":"<div class=\"productDetailsSection_productDescriptionSection__FDg0y\">\n<div class=\"productDescription_productDescription__sJIE6\" data-mt-type=\"product-description\">\n<div class=\"richtext_wrapper__Apw4P productDescription_productDescriptionContent__0A3VB\">Isolez-vous du froid avec notre LIFA\u00ae Merino Midweight Logo pour homme, con\u00e7u pour le ski, la randonn\u00e9e et un usage quotidien dans la neige et pendant les mois froids. Cette couche de base \u00e0 manches longues combine notre technologie LIFA\u00ae Merino, qui exploite les propri\u00e9t\u00e9s de la laine m\u00e9rinos, avec notre couche de base LIFA\u00ae, pour vous offrir un v\u00eatement technique d&#8217;excellence. La couche int\u00e9rieure \u00e9vacue la transpiration, tandis que la couche ext\u00e9rieure en laine m\u00e9rinos assure chaleur, confort et contr\u00f4le des odeurs. Gr\u00e2ce aux coutures plates et \u00e0 sa structure en 2 couches, vous b\u00e9n\u00e9ficiez d&#8217;un v\u00eatement qui garantit un confort maximal sans d\u00e9mangeaisons.   <\/div>\n<\/div>\n<\/div>\n<div class=\"productCollapseSection_productCollapseSection__6fb5x\">\n<div class=\"productCollapseSection_productCollapseSectionTitle__1Vh_4\">\n<h2 class=\"heading_default__uXoxn heading_style--h3__iT44T\">D\u00e9tails<\/h2>\n<\/div>\n<div class=\"productCollapseSection_productCollapseSectionContent__VJCb7\">\n<div class=\"productDetails_productDetails__g_C4N\">\n<p>Composition des fibres :<\/p>\n<div class=\"richtext_wrapper__Apw4P blocks_root__vE_15\">Coquille : 57% laine m\u00e9rinos, 43% polypropyl\u00e8ne<\/div>\n<p>Instructions d&#8217;entretien :<\/p>\n<div class=\"richtext_wrapper__Apw4P blocks_root__vE_15\">Utilisez une lessive pour laine. Ne pas utiliser d&#8217;assouplissant. Lavez sur l\u2019envers. Ne pas essorer. <\/div>\n<div class=\"productDetails_productDetailsCols__K1qqI\">\n<div class=\"productDetails_productDetailsRow__bHp5_\">\n<div class=\"blocks_mobileInlineWrapper__N_Soc\">Poids : 300g<\/div>\n<\/div>\n<\/div>\n<\/div>\n<\/div>\n<\/div>\n<div class=\"productCollapseSection_productCollapseSection__6fb5x productFeatures_root__BqPE9 productFeatures_twoColumnsList__vArq2\">\n<div class=\"productCollapseSection_productCollapseSectionTitle__1Vh_4\">\n<h2 class=\"heading_default__uXoxn heading_style--h3__iT44T\">Fonctionnalit\u00e9s<\/h2>\n<\/div>\n<div class=\"productCollapseSection_productCollapseSectionContent__VJCb7\">\n<ul>\n<li>LIFA\u00ae MERINO<\/li>\n<li>Coutures plates avec couleur contrast\u00e9e<\/li>\n<li>Logo HH\u00ae imprim\u00e9<\/li>\n<li>Bandes HH Performance<\/li>\n<li>Construction \u00e0 2 couches<\/li>\n<li>Tissu anti-d\u00e9mangeaison<\/li>\n<li>\u00c9tiquette discr\u00e8te en tissu avec le logo HH<\/li>\n<li>Laine certifi\u00e9e ZQ<\/li>\n<\/ul>\n<\/div>\n<\/div>\n","protected":false},"excerpt":{"rendered":"<p>Isolez-vous du froid avec notre LIFA\u00ae Merino Midweight Logo pour homme, con\u00e7u pour le ski, la randonn\u00e9e et un usage<\/p>\n","protected":false},"featured_media":626590,"template":"","meta":{"_seopress_robots_primary_cat":"none","_seopress_titles_title":"","_seopress_titles_desc":"","_seopress_robots_index":""},"product_brand":[3646],"product_cat":[81,981,982],"product_tag":[],"class_list":{"0":"post-628972","1":"product","2":"type-product","3":"status-publish","4":"has-post-thumbnail","6":"product_brand-helly-hansen-fr","7":"product_cat-vetements","8":"product_cat-vetements-de-loisirs","9":"product_cat-vetements-pour-hommes","10":"sws-gruppo-abb-libero-fr","11":"sws-conto-ricavi-merci-rivendita-abbigliamento-fr","12":"sws-gruppo-iva-iva81-fr","14":"first","15":"instock","16":"shipping-taxable","17":"purchasable","18":"product-type-variable","19":"has-default-attributes"},"_links":{"self":[{"href":"https:\/\/lucacastelli.com\/fr\/wp-json\/wp\/v2\/product\/628972","targetHints":{"allow":["GET"]}}],"collection":[{"href":"https:\/\/lucacastelli.com\/fr\/wp-json\/wp\/v2\/product"}],"about":[{"href":"https:\/\/lucacastelli.com\/fr\/wp-json\/wp\/v2\/types\/product"}],"wp:featuredmedia":[{"embeddable":true,"href":"https:\/\/lucacastelli.com\/fr\/wp-json\/wp\/v2\/media\/626590"}],"wp:attachment":[{"href":"https:\/\/lucacastelli.com\/fr\/wp-json\/wp\/v2\/media?parent=628972"}],"wp:term":[{"taxonomy":"product_brand","embeddable":true,"href":"https:\/\/lucacastelli.com\/fr\/wp-json\/wp\/v2\/product_brand?post=628972"},{"taxonomy":"product_cat","embeddable":true,"href":"https:\/\/lucacastelli.com\/fr\/wp-json\/wp\/v2\/product_cat?post=628972"},{"taxonomy":"product_tag","embeddable":true,"href":"https:\/\/lucacastelli.com\/fr\/wp-json\/wp\/v2\/product_tag?post=628972"}],"curies":[{"name":"wp","href":"https:\/\/api.w.org\/{rel}","templated":true}]}}