{"id":628967,"date":"2025-09-01T15:20:14","date_gmt":"2025-09-01T13:20:14","guid":{"rendered":"https:\/\/lucacastelli.com\/prodotto\/la-sportiva-trango-trk-cuir-gtx-2\/"},"modified":"2025-09-01T15:20:14","modified_gmt":"2025-09-01T13:20:14","slug":"la-sportiva-trango-trk-cuir-gtx-2","status":"publish","type":"product","link":"https:\/\/lucacastelli.com\/fr\/produit\/la-sportiva-trango-trk-cuir-gtx-2\/","title":{"rendered":"LA SPORTIVA Trango Trk Cuir GTX"},"content":{"rendered":"<div class=\"product-add-form\">\n<form id=\"product_addtocart_form\" action=\"https:\/\/www.lasportiva.com\/it\/checkout\/cart\/add\/uenc\/aHR0cHM6Ly93d3cubGFzcG9ydGl2YS5jb20vaXQvc2NhcnBvbmktYWxwaW5pc21vLXRyYW5nby10cmstbGVhdGhlci1ndHgtdW9tby16Zm1zMDQ3\/product\/457768\/\" method=\"POST\" novalidate=\"novalidate\" data-product-sku=\"ZFMS047\">\n<div class=\"product-options-bottom\">\n<div class=\"product-messages\">\n<div class=\"shipping-message\">\n<p>Chaussure de trekking et de randonn\u00e9e avec un look et une technologie d\u00e9riv\u00e9s de la famille Trango, id\u00e9ale pour les itin\u00e9raires sur les chemins de terre, les promenades dans les bois et les excursions avec un sac \u00e0 dos enti\u00e8rement charg\u00e9.<\/p>\n<\/div>\n<\/div>\n<p>La pr\u00e9sence de la membrane GORE-TEX Performance Comfort garantit la respirabilit\u00e9 et l&#8217;imperm\u00e9abilit\u00e9, l&#8217;articulation 3D Flex appliqu\u00e9e \u00e0 la cheville apporte un soutien et permet un contr\u00f4le maximal lorsque tu te tiens sur un terrain accident\u00e9. Le syst\u00e8me de la\u00e7age diff\u00e9renci\u00e9 permet d&#8217;ajuster parfaitement le volume tandis que la semelle Vibram avec Climbing zone au niveau des orteils permet une utilisation sur les voies de ferrata. Le look Trango et la technologie La Sportiva pour le confort, la protection et la s\u00e9curit\u00e9 en montagne.  <\/p>\n<\/div>\n<p>&nbsp;<\/p>\n<p><b>Dessus :<\/b><br \/>\nCuir Hydro-Perwanger 1.6mm + insert microfibre<br \/>\n<b>Doublure :<\/b><br \/>\nGORE-TEX Performance Comfort<br \/>\n<b>Semelle interm\u00e9diaire :<\/b><br \/>\nPolyur\u00e9thane avec insert EVA \u00e0 l&#8217;arri\u00e8re<br \/>\n<b>Semelle ext\u00e9rieure :<\/b><br \/>\nVibram avec zone d&#8217;escalade au niveau des orteils<br \/>\n<b>Tailles :<\/b><br \/>\n38 &#8211; 48 y compris les demi-tailles<br \/>\n<b>Brevets :<\/b><br \/>\nmod\u00e8le enregistr\u00e9<br \/>\n<b>Poids :<\/b><br \/>\n690 g<br \/>\n<b>Semelle int\u00e9rieure :<\/b><br \/>\nPPE 5mm avec une \u00e9paisseur accrue dans la zone anti-torsion arri\u00e8re.<\/p>\n<p>&nbsp;<\/p>\n<p><span style=\"color: #1b1919; font-size: 22px;\">plus<\/span><\/p>\n<div class=\"data item content\" aria-labelledby=\"tab-label-plus\" data-role=\"content\" aria-hidden=\"false\">\n<div class=\"plus-container\">+ Tige en cuir hydrofuge et anti-abrasion<br \/>\n+ Respirabilit\u00e9 et imperm\u00e9abilit\u00e9 garanties gr\u00e2ce \u00e0 la membrane GORE-TEX Performance Comfort<br \/>\n+ Articulation de la cheville 3D Flex System qui apporte un soutien et permet un contr\u00f4le maximal lors de l&#8217;appui sur diff\u00e9rents types de terrain.<\/div>\n<\/div>\n<\/form>\n<\/div>\n","protected":false},"excerpt":{"rendered":"<p>Chaussure de trekking et de randonn\u00e9e avec un look et une technologie d\u00e9riv\u00e9s de la famille Trango, id\u00e9ale pour les<\/p>\n","protected":false},"featured_media":627571,"template":"","meta":{"_seopress_robots_primary_cat":"none","_seopress_titles_title":"","_seopress_titles_desc":"","_seopress_robots_index":""},"product_brand":[3648],"product_cat":[173,1420,1432],"product_tag":[],"class_list":{"0":"post-628967","1":"product","2":"type-product","3":"status-publish","4":"has-post-thumbnail","6":"product_brand-la-sportiva-fr","7":"product_cat-chaussures","8":"product_cat-chaussures-de-loisirs","9":"product_cat-chaussures-pour-hommes","10":"sws-gruppo-abb-libero-fr","11":"sws-conto-ricavi-merci-rivendita-abbigliamento-fr","12":"sws-gruppo-iva-iva81-fr","14":"first","15":"instock","16":"shipping-taxable","17":"purchasable","18":"product-type-variable","19":"has-default-attributes"},"_links":{"self":[{"href":"https:\/\/lucacastelli.com\/fr\/wp-json\/wp\/v2\/product\/628967","targetHints":{"allow":["GET"]}}],"collection":[{"href":"https:\/\/lucacastelli.com\/fr\/wp-json\/wp\/v2\/product"}],"about":[{"href":"https:\/\/lucacastelli.com\/fr\/wp-json\/wp\/v2\/types\/product"}],"wp:featuredmedia":[{"embeddable":true,"href":"https:\/\/lucacastelli.com\/fr\/wp-json\/wp\/v2\/media\/627571"}],"wp:attachment":[{"href":"https:\/\/lucacastelli.com\/fr\/wp-json\/wp\/v2\/media?parent=628967"}],"wp:term":[{"taxonomy":"product_brand","embeddable":true,"href":"https:\/\/lucacastelli.com\/fr\/wp-json\/wp\/v2\/product_brand?post=628967"},{"taxonomy":"product_cat","embeddable":true,"href":"https:\/\/lucacastelli.com\/fr\/wp-json\/wp\/v2\/product_cat?post=628967"},{"taxonomy":"product_tag","embeddable":true,"href":"https:\/\/lucacastelli.com\/fr\/wp-json\/wp\/v2\/product_tag?post=628967"}],"curies":[{"name":"wp","href":"https:\/\/api.w.org\/{rel}","templated":true}]}}