{"id":628962,"date":"2025-09-04T19:41:16","date_gmt":"2025-09-04T17:41:16","guid":{"rendered":"https:\/\/lucacastelli.com\/prodotto\/souffleur-sans-fil-stihl-bra-500-machine-seulement\/"},"modified":"2025-09-04T19:41:16","modified_gmt":"2025-09-04T17:41:16","slug":"souffleur-sans-fil-stihl-bra-500-machine-seulement","status":"publish","type":"product","link":"https:\/\/lucacastelli.com\/fr\/produit\/souffleur-sans-fil-stihl-bra-500-machine-seulement\/","title":{"rendered":"Souffleur sans fil STIHL BRA 500 (machine seulement)"},"content":{"rendered":"<h2 class=\"product-details__title\">Nettoyage efficace de grandes surfaces avec une grande puissance de soufflage.<\/h2>\n<div class=\"product-details__description richtexteditor\">\n<p>Le <strong>puissant souffleur \u00e0 batterie \u00e0 conducteur marchant STIHL BRA 500<\/strong> est particuli\u00e8rement adapt\u00e9 aux professionnels de l&#8217;entretien des espaces verts, aux paysagistes et aux pouvoirs publics pour le nettoyage efficace de grandes surfaces dans les parcs, les pelouses, les chemins et les routes. Gr\u00e2ce \u00e0 sa <strong>puissance de soufflage extr\u00eamement \u00e9lev\u00e9e allant jusqu&#8217;\u00e0 32 N<\/strong>, il peut \u00e9galement \u00e9liminer rapidement les feuilles humides et lourdes, les tontes de gazon, les tailles de haies ou les d\u00e9chets. De plus, la puissance de soufflage du BRA 500 <strong>reste constante pendant toute la dur\u00e9e de vie de la batterie<\/strong>, sans aucune baisse de performance pendant l&#8217;utilisation.  <\/p>\n<p>Gr\u00e2ce au <strong>syst\u00e8me de r\u00e9duction du bruit STIHL<\/strong>, la BRA 500 fonctionne de mani\u00e8re particuli\u00e8rement silencieuse, ce qui la rend id\u00e9ale pour une utilisation dans des <strong>environnements sensibles au bruit<\/strong>. La r\u00e9duction des hautes fr\u00e9quences contribue \u00e9galement \u00e0 un son plus agr\u00e9able. <\/p>\n<p>Le <strong>moteur EC haute performance<\/strong> quasiment inusable garantit un fonctionnement en douceur et peu de vibrations. L&#8217;\u00e9nergie n\u00e9cessaire \u00e0 sa grande puissance est fournie par <strong>2 batteries STIHL AP.<\/strong> Pour une gestion optimale de l&#8217;\u00e9nergie, tu peux r\u00e9gler la puissance via la<strong>commande num\u00e9rique<\/strong> situ\u00e9e sur la poign\u00e9e multifonctionnelle \u00e0 une main, en choisissant parmi <strong>4<\/strong> niveaux <strong>pr\u00e9d\u00e9finis<\/strong> (niveaux 1 \u00e0 3 et mode boost continu). L&#8217;\u00e9cran affiche \u00e9galement des informations utiles telles que l&#8217;\u00e9tat de charge de la batterie.   <\/p>\n<p>La BRA 500 est \u00e9quip\u00e9e de s\u00e9rie du syst\u00e8me <a href=\"https:\/\/www.stihl.it\/it\/professionisti\/soluzioni-digitali\/connected\"><strong>STIHL connected<\/strong><\/a>system, qui permet par exemple d&#8217;activer le mode \u00e9conomie d&#8217;\u00e9nergie via l&#8217;appli pour un travail moins p\u00e9nible, et d&#8217;augmenter ainsi consid\u00e9rablement l&#8217;autonomie.<\/p>\n<p>Le <strong>tube de soufflage rapidement r\u00e9glable<\/strong> peut \u00eatre raccourci en quelques secondes pour travailler dans des espaces restreints, puis rallong\u00e9 tout aussi facilement. Le poids du souffleur professionnel est r\u00e9parti uniform\u00e9ment et confortablement sur le dos gr\u00e2ce au <strong>syst\u00e8me de portage ergonomique<\/strong> avec bretelles en S et Ceinture. <\/p>\n<p>Pour une performance maximale avec la BRA 500, nous recommandons l&#8217;utilisation de <strong>2 batteries STIHL AP 500 S<\/strong>. Pour les travaux moins exigeants, tu peux \u00e9galement utiliser <strong>2 batteries STIHL AP 200 \/ AP 200 S<\/strong> ou <strong>2 batteries STIHL AP 300 \/ AP 300 S.<\/strong> <\/p>\n<p>Dans notre <a href=\"https:\/\/www.stihl.it\/it\/tecnologia-stihl\/carica-batteria-stihl\/durata-batterie-stihl\"><strong>p<\/strong><strong>aper\u00e7u des dur\u00e9es d&#8217;utilisation<\/strong> <\/a>et les temps de recharge des batteries STIHL, tu peux voir combien <strong>de temps tu peux travailler avec ton souffleur sans fil STIHL BRA 500<\/strong> et <strong>combien de temps les batteries mettent \u00e0 se recharger<\/strong>.<\/p>\n<p>Tous les appareils \u00e0 piles du syst\u00e8me <a href=\"https:\/\/www.stihl.it\/it\/tecnologia-stihl\/carica-batteria-stihl\/stihl-sistema-ap\"><strong>syst\u00e8me STIHL AP<\/strong><\/a> sont con\u00e7us pour une utilisation professionnelle r\u00e9guli\u00e8re, m\u00eame dans des conditions m\u00e9t\u00e9orologiques difficiles. C&#8217;est pourquoi ils sont \u00e9quip\u00e9s d&#8217;une <strong>protection contre les projections d&#8217;eau<\/strong>, test\u00e9e selon des normes internes strictes. Le test de r\u00e9sistance aux \u00e9claboussures est notamment bas\u00e9 sur la <strong>norme IPX4<\/strong>. Pour le BRA 500, cette protection a \u00e9t\u00e9 <strong>officiellement certifi\u00e9e IPX4<\/strong>.   <\/p>\n<p>&nbsp;<\/p>\n<\/div>\n<table data-test-id=\"pdp-spec-tech-table\">\n<tbody>\n<tr>\n<td>Tension nominale<\/td>\n<td>72 V<\/td>\n<\/tr>\n<tr>\nSyst\u00e8me <\/p>\n<td>de batterie<\/td>\n<td>AP<\/td>\n<\/tr>\n<tr>\n<td>Batterie recommand\u00e9e<\/td>\n<td>AP 500 S<\/td>\n<\/tr>\n<tr>\n<td>Puissance de soufflage avec buse ronde<\/td>\n<td>32 N <sup>1<!-- --><\/sup> )<\/td>\n<\/tr>\n<tr>\n<td>Poids de l\u2019appareil sans batterie<\/td>\n<td>10,5 kg<\/td>\n<\/tr>\n<tr>\n<td>Indice IP<\/td>\n<td>Norme IPX4<\/td>\n<\/tr>\n<tr>\n<td>Vitesse maximale de l&#8217;air avec une buse ronde<\/td>\n<td>109 m\/s<\/td>\n<\/tr>\n<tr>\n<td>Vitesse maximale de l&#8217;air avec une buse ronde<\/td>\n<td>244 mph<\/td>\n<\/tr>\n<tr>\n<td>D\u00e9bit d&#8217;air avec buse ronde<\/td>\n<td>1440 m\u00b3\/h<\/td>\n<\/tr>\n<tr>\n<td>D\u00e9bit d&#8217;air avec buse ronde<\/td>\n<td>848 pcm\/min<\/td>\n<\/tr>\n<tr>\n<td>Dur\u00e9e de fonctionnement de la batterie AP 200<\/td>\n<td>12 min <sup>2)<\/sup><\/td>\n<\/tr>\n<tr>\n<td>Dur\u00e9e maximale d&#8217;utilisation de la batterie AP 200<\/td>\n<td>21 min <sup>2)<\/sup><\/td>\n<\/tr>\n<tr>\n<td>Dur\u00e9e minimale d&#8217;utilisation de la batterie de l&#8217;AP 200 S.<\/td>\n<td>13 min <sup>2)<\/sup><\/td>\n<\/tr>\n<tr>\n<td>Dur\u00e9e maximale d&#8217;utilisation de la batterie de l&#8217;AP 200 S<\/td>\n<td>22 min <sup>2)<\/sup><\/td>\n<\/tr>\n<tr>\n<td>Dur\u00e9e minimale d&#8217;utilisation de la batterie AP 300<\/td>\n<td>13 min <sup>2)<\/sup><\/td>\n<\/tr>\n<tr>\n<td>Dur\u00e9e maximale d&#8217;utilisation de la batterie AP 300<\/td>\n<td>26 min <sup>2)<\/sup><\/td>\n<\/tr>\n<tr>\n<td>Dur\u00e9e minimale de fonctionnement de la batterie de l&#8217;AP 300 S.<\/td>\n<td>16 min <sup>2)<\/sup><\/td>\n<\/tr>\n<tr>\n<td>Dur\u00e9e maximale de fonctionnement de la batterie de l&#8217;AP 300 S.<\/td>\n<td>32 min <sup>2)<\/sup><\/td>\n<\/tr>\n<tr>\n<td>Dur\u00e9e minimale d&#8217;utilisation de la batterie de l&#8217;AP 500 S.<\/td>\n<td>20 min <sup>2)<\/sup><\/td>\n<\/tr>\n<tr>\n<td>Dur\u00e9e maximale d&#8217;utilisation de la batterie de l&#8217;AP 500 S<\/td>\n<td>39 min <sup>2)<\/sup><\/td>\n<\/tr>\n<tr>\n<td>Niveau de pression acoustique<\/td>\n<td>84 dB(A) <sup>3)<\/sup><\/td>\n<\/tr>\n<tr>\n<td>Niveau de pression sonore \u00e0 15 m de distance<\/td>\n<td>64 dB(A) <sup>4)<\/sup><\/td>\n<\/tr>\n<tr>\n<td>Niveau de puissance sonore<\/td>\n<td>94 dB(A) <sup>3)<\/sup><\/td>\n<\/tr>\n<tr>\n<td>Valeur de vibration \u00e0 droite<\/td>\n<td>0,2 m\/s\u00b2 <sup>5)<\/sup><\/td>\n<\/tr>\n<\/tbody>\n<\/table>\n","protected":false},"excerpt":{"rendered":"<p>Nettoyage efficace de grandes surfaces avec une grande puissance de soufflage. Le puissant souffleur \u00e0 batterie \u00e0 conducteur marchant STIHL<\/p>\n","protected":false},"featured_media":628820,"template":"","meta":{"_seopress_robots_primary_cat":"none","_seopress_titles_title":"","_seopress_titles_desc":"","_seopress_robots_index":""},"product_brand":[3366],"product_cat":[29,485,489],"product_tag":[],"class_list":{"0":"post-628962","1":"product","2":"type-product","3":"status-publish","4":"has-post-thumbnail","6":"product_brand-stihl","7":"product_cat-macchinari","8":"product_cat-soffiatori-e-aspiratori","9":"product_cat-soffiatori-a-batteria","10":"sws-gruppo-macchinari-fr","11":"sws-conto-ricavi-merci-rivendita-macchinari-fr","12":"sws-gruppo-iva-iva81-fr","14":"first","15":"instock","16":"shipping-taxable","17":"purchasable","18":"product-type-simple"},"_links":{"self":[{"href":"https:\/\/lucacastelli.com\/fr\/wp-json\/wp\/v2\/product\/628962","targetHints":{"allow":["GET"]}}],"collection":[{"href":"https:\/\/lucacastelli.com\/fr\/wp-json\/wp\/v2\/product"}],"about":[{"href":"https:\/\/lucacastelli.com\/fr\/wp-json\/wp\/v2\/types\/product"}],"wp:featuredmedia":[{"embeddable":true,"href":"https:\/\/lucacastelli.com\/fr\/wp-json\/wp\/v2\/media\/628820"}],"wp:attachment":[{"href":"https:\/\/lucacastelli.com\/fr\/wp-json\/wp\/v2\/media?parent=628962"}],"wp:term":[{"taxonomy":"product_brand","embeddable":true,"href":"https:\/\/lucacastelli.com\/fr\/wp-json\/wp\/v2\/product_brand?post=628962"},{"taxonomy":"product_cat","embeddable":true,"href":"https:\/\/lucacastelli.com\/fr\/wp-json\/wp\/v2\/product_cat?post=628962"},{"taxonomy":"product_tag","embeddable":true,"href":"https:\/\/lucacastelli.com\/fr\/wp-json\/wp\/v2\/product_tag?post=628962"}],"curies":[{"name":"wp","href":"https:\/\/api.w.org\/{rel}","templated":true}]}}