{"id":628950,"date":"2025-09-04T19:35:55","date_gmt":"2025-09-04T17:35:55","guid":{"rendered":"https:\/\/lucacastelli.com\/prodotto\/stihl-fsa-110-r-debroussailleuse-sans-fil-machine-seulement\/"},"modified":"2025-09-04T19:35:55","modified_gmt":"2025-09-04T17:35:55","slug":"stihl-fsa-110-r-debroussailleuse-sans-fil-machine-seulement","status":"publish","type":"product","link":"https:\/\/lucacastelli.com\/fr\/produit\/stihl-fsa-110-r-debroussailleuse-sans-fil-machine-seulement\/","title":{"rendered":"STIHL FSA 110 R D\u00e9broussailleuse sans fil (machine seulement)"},"content":{"rendered":"<p>La puissante d\u00e9broussailleuse sans fil STIHL FSA 110 R du <a href=\"https:\/\/www.stihl.it\/it\/tecnologia-stihl\/carica-batteria-stihl\/stihl-sistema-ap\"><strong>syst\u00e8me STIHL AP<\/strong><\/a> convient aux travaux de tonte professionnels dans les petites entreprises, par exemple dans la gestion des b\u00e2timents, et aux travaux exigeants dans le secteur priv\u00e9. Elle convainc par la combinaison d&#8217;une bonne performance de coupe et d&#8217;un faible poids, par exemple pour <a href=\"https:\/\/www.stihl.it\/it\/diy-stihl\/giardino-fai-da-te\/cura-del-prato\/sfalciare-erba\"><strong>tondre l&#8217;herbe <\/strong><\/a>pour tondre l&#8217;herbe \u00e0 hauteur moyenne, tailler les zones difficiles d&#8217;acc\u00e8s et tondre les bordures de pelouse. La STIHL FSA 110 R offre un confort particulier gr\u00e2ce \u00e0 son syst\u00e8me Rapid Click, qui te permet de retirer rapidement et facilement la t\u00eate de coupe en appuyant sur un bouton. Gr\u00e2ce au syst\u00e8me Advanced EasySpool, tu peux enrouler confortablement le fil dans la t\u00eate de coupe \u00e0 la main.   <\/p>\n<p>Le moteur EC sans balais peut \u00eatre contr\u00f4l\u00e9 directement depuis la poign\u00e9e gr\u00e2ce \u00e0 un variateur de vitesse \u00e0 2 niveaux de vitesse. Pour les t\u00e2ches plus simples, comme tailler les bordures de pelouse, choisis une vitesse plus faible en mode ECO (niveau 1). Cela permettra de r\u00e9duire la consommation d&#8217;\u00e9nergie et de prolonger la dur\u00e9e de vie de la batterie. Pour les t\u00e2ches plus exigeantes, comme la tonte d&#8217;une herbe dense, tu peux utiliser la vitesse maximale en passant simplement au niveau 2 gr\u00e2ce \u00e0 l&#8217;interrupteur \u00e0 glissi\u00e8re. La vitesse s&#8217;adapte automatiquement \u00e0 l&#8217;accessoire de coupe mont\u00e9 et peut \u00eatre r\u00e9gl\u00e9e en continu. De plus, l&#8217;\u00e9lectronique intelligente permet \u00e0 la FSA 110 R de fonctionner en permanence \u00e0 un niveau de performance \u00e9lev\u00e9, quel que soit l&#8217;\u00e9tat de charge de la batterie.     <\/p>\n<p>Compacte et bien \u00e9quilibr\u00e9e, la STIHL FSA 110 R permet un travail flexible avec une grande libert\u00e9 de mouvement gr\u00e2ce \u00e0 sa poign\u00e9e ronde \u00e0 composante souple. Cela est particuli\u00e8rement appr\u00e9ciable pour tailler dans des espaces restreints, pour tondre entre les arbres et les buissons ou dans d&#8217;autres endroits confin\u00e9s. De plus, la poign\u00e9e circulaire r\u00e9glable sans outil permet de s&#8217;adapter facilement \u00e0 ta taille, ce qui garantit une position de travail ergonomique \u00e0 tout moment.  <\/p>\n<p>La d\u00e9broussailleuse sans fil FSA 110 R est si silencieuse qu&#8217;elle peut \u00eatre utilis\u00e9e sans protection auditive et m\u00eame dans les zones sensibles au bruit telles que les \u00e9coles, les h\u00f4pitaux ou les parcs urbains.<\/p>\n<p>Pour les travaux de fauchage, il est recommand\u00e9 d&#8217;utiliser un fil de coupe rond d&#8217;un diam\u00e8tre de 2,4 mm. La t\u00eate de coupe STIHL PolyCut 12-2 avec lames en plastique est \u00e9galement disponible en option et peut \u00eatre remplac\u00e9e sans outil. Gr\u00e2ce \u00e0 la boucle de suspension pratique, tu peux accrocher la STIHL FSA 110 R au mur. <\/p>\n<p>Dans notre <a href=\"https:\/\/www.stihl.it\/it\/tecnologia-stihl\/carica-batteria-stihl\/durata-batterie-stihl\"><strong>aper\u00e7u des temps de fonctionnement et de charge de la batterie<\/strong><\/a>tu peux voir combien de temps tu peux travailler avec ta d\u00e9broussailleuse sans fil STIHL FSA 110 R et combien de temps il faut pour recharger la batterie.<\/p>\n<p>Tous les appareils sans fil STIHL AP sont con\u00e7us pour une utilisation professionnelle r\u00e9guli\u00e8re, m\u00eame dans des conditions m\u00e9t\u00e9orologiques d\u00e9favorables. Ils sont donc \u00e9quip\u00e9s d&#8217;une protection test\u00e9e contre les projections d&#8217;eau. Leur efficacit\u00e9 est prouv\u00e9e par des tests internes rigoureux. Le test de protection contre les projections d&#8217;eau est notamment bas\u00e9 sur la norme IPX4. La d\u00e9broussailleuse sans fil FSA 110 R est \u00e9galement adapt\u00e9e aux travaux sous la pluie.    <\/p>\n<p>Pour une utilisation optimale, veuillez vous r\u00e9f\u00e9rer \u00e0 notre aper\u00e7u de <a href=\"https:\/\/www.stihl.it\/it\/tecnologia-stihl\/carica-batteria-stihl\/compatibilita-batterie\">la compatibilit\u00e9 des batteries<\/a>.<\/p>\n<p>&nbsp;<\/p>\n<p>&nbsp;<\/p>\n<p>&nbsp;<\/p>\n<table data-test-id=\"pdp-spec-tech-table\">\n<tbody>\n<tr>\n<td>Tension nominale<\/td>\n<td>36 V<\/td>\n<\/tr>\n<tr>\n<td>Consommation \u00e9lectrique<\/td>\n<td>1 kW<\/td>\n<\/tr>\n<tr>\n<td>Puissance<\/td>\n<td>0,80 kW <sup>1<!-- --><\/sup> )<\/td>\n<\/tr>\n<tr>\nSyst\u00e8me <\/p>\n<td>de batterie<\/td>\n<td>AP<\/td>\n<\/tr>\n<tr>\n<td>Batterie recommand\u00e9e<\/td>\n<td>AP 200 S<\/td>\n<\/tr>\n<tr>\n<td>Poids de l&#8217;appareil sans batterie<\/td>\n<td>3,2 kg <sup>2)<\/sup><\/td>\n<\/tr>\n<tr>\n<td>Diam\u00e8tre de la circonf\u00e9rence de coupe<\/td>\n<td>380 mm<\/td>\n<\/tr>\n<tr>\n<td>Indice IP<\/td>\n<td>Norme IPX4<\/td>\n<\/tr>\n<tr>\n<td>Autonomie minimale de la batterie AP 100 avec t\u00eate de coupe affleurante<\/td>\n<td>20 min <sup>3)<\/sup><\/td>\n<\/tr>\n<tr>\n<td>Autonomie maximale de la batterie AP 100 avec t\u00eate de coupe affleurante<\/td>\n<td>30 min <sup>3)<\/sup><\/td>\n<\/tr>\n<tr>\n<td>Autonomie minimale AP 200 avec t\u00eate de coupe affleurante<\/td>\n<td>30 min <sup>3)<\/sup><\/td>\n<\/tr>\n<tr>\n<td>Autonomie maximale de l&#8217;AP 200 avec t\u00eate de coupe affleurante<\/td>\n<td>60 min <sup>3)<\/sup><\/td>\n<\/tr>\n<tr>\n<td>Autonomie minimale AP 200 S avec t\u00eate de coupe affleurante<\/td>\n<td>30 min <sup>3)<\/sup><\/td>\n<\/tr>\n<tr>\n<td>Autonomie maximale de l&#8217;AP 200 S avec t\u00eate de coupe affleurante<\/td>\n<td>60 min <sup>3)<\/sup><\/td>\n<\/tr>\n<tr>\n<td>Autonomie minimale de l&#8217;AP 300 avec t\u00eate de coupe affleurante<\/td>\n<td>40 min <sup>3)<\/sup><\/td>\n<\/tr>\n<tr>\n<td>Autonomie maximale de la batterie AP 300 avec t\u00eate de coupe affleurante.<\/td>\n<td>80 min <sup>3)<\/sup><\/td>\n<\/tr>\n<tr>\n<td>Autonomie minimale de l&#8217;AP 300 S avec t\u00eate de coupe affleurante<\/td>\n<td>50 min <sup>3)<\/sup><\/td>\n<\/tr>\n<tr>\n<td>Autonomie maximale de l&#8217;AP 300 S avec t\u00eate de coupe affleurante<\/td>\n<td>100 min <sup>3)<\/sup><\/td>\n<\/tr>\n<tr>\n<td>Autonomie minimale AP 500 S avec t\u00eate de coupe affleurante<\/td>\n<td>60 min <sup>3)<\/sup><\/td>\n<\/tr>\n<tr>\n<td>Autonomie maximale de l&#8217;AP 500 S avec t\u00eate de coupe affleurante<\/td>\n<td>120 min <sup>3)<\/sup><\/td>\n<\/tr>\n<tr>\n<td>Autonomie minimale AR 2000 L avec t\u00eate de coupe affleurante<\/td>\n<td>210 min <sup>3)<\/sup><\/td>\n<\/tr>\n<tr>\n<td>Autonomie maximale de la batterie AR 2000 L avec t\u00eate de coupe affleurante.<\/td>\n<td>400 min <sup>3)<\/sup><\/td>\n<\/tr>\n<tr>\n<td>Autonomie minimale de l&#8217;AR 3000 L avec t\u00eate de coupe affleurante<\/td>\n<td>290 min <sup>3)<\/sup><\/td>\n<\/tr>\n<tr>\n<td>Autonomie maximale de l&#8217;AR 3000 L avec t\u00eate de coupe affleurante<\/td>\n<td>570 min <sup>3)<\/sup><\/td>\n<\/tr>\n<tr>\n<td>Longueur de l&#8217;appareil sans outil de coupe<\/td>\n<td>171 cm<\/td>\n<\/tr>\n<tr>\n<td>Niveau de pression acoustique<\/td>\n<td>76 dB(A) <sup>4)<\/sup><\/td>\n<\/tr>\n<tr>\n<td>Niveau de puissance sonore<\/td>\n<td>91 dB(A) <sup>4)<\/sup><\/td>\n<\/tr>\n<tr>\n<td>Valeur de vibration de la main gauche avec la main droite<\/td>\n<td>4,9 m\/s\u00b2 <sup>5)<\/sup><\/td>\n<\/tr>\n<tr>\n<td>Valeur de vibration de la main gauche avec la main droite<\/td>\n<td>3,8 m\/s\u00b2 <sup>5)<\/sup><\/td>\n<\/tr>\n<tr>\n<td>Valeur de vibration \u00e0 droite<\/td>\n<td>2 m\/s\u00b2 <sup>5)<\/sup><\/td>\n<\/tr>\n<tr>\n<td>Valeur de vibration \u00e0 droite<\/td>\n<td>2 m\/s\u00b2 <sup>5)<\/sup><\/td>\n<\/tr>\n<\/tbody>\n<\/table>\n","protected":false},"excerpt":{"rendered":"<p>La puissante d\u00e9broussailleuse sans fil STIHL FSA 110 R du syst\u00e8me STIHL AP convient aux travaux de tonte professionnels dans<\/p>\n","protected":false},"featured_media":628809,"template":"","meta":{"_seopress_robots_primary_cat":"","_seopress_titles_title":"","_seopress_titles_desc":"","_seopress_robots_index":""},"product_brand":[3366],"product_cat":[29,281],"product_tag":[],"class_list":{"0":"post-628950","1":"product","2":"type-product","3":"status-publish","4":"has-post-thumbnail","6":"product_brand-stihl","7":"product_cat-macchinari","8":"product_cat-decespugliatori-e-tagliabordi-a-batteria","9":"sws-gruppo-macchinari-fr","10":"sws-conto-ricavi-merci-rivendita-macchinari-fr","11":"sws-gruppo-iva-iva81-fr","13":"first","14":"instock","15":"shipping-taxable","16":"purchasable","17":"product-type-simple"},"_links":{"self":[{"href":"https:\/\/lucacastelli.com\/fr\/wp-json\/wp\/v2\/product\/628950","targetHints":{"allow":["GET"]}}],"collection":[{"href":"https:\/\/lucacastelli.com\/fr\/wp-json\/wp\/v2\/product"}],"about":[{"href":"https:\/\/lucacastelli.com\/fr\/wp-json\/wp\/v2\/types\/product"}],"wp:featuredmedia":[{"embeddable":true,"href":"https:\/\/lucacastelli.com\/fr\/wp-json\/wp\/v2\/media\/628809"}],"wp:attachment":[{"href":"https:\/\/lucacastelli.com\/fr\/wp-json\/wp\/v2\/media?parent=628950"}],"wp:term":[{"taxonomy":"product_brand","embeddable":true,"href":"https:\/\/lucacastelli.com\/fr\/wp-json\/wp\/v2\/product_brand?post=628950"},{"taxonomy":"product_cat","embeddable":true,"href":"https:\/\/lucacastelli.com\/fr\/wp-json\/wp\/v2\/product_cat?post=628950"},{"taxonomy":"product_tag","embeddable":true,"href":"https:\/\/lucacastelli.com\/fr\/wp-json\/wp\/v2\/product_tag?post=628950"}],"curies":[{"name":"wp","href":"https:\/\/api.w.org\/{rel}","templated":true}]}}