{"id":628892,"date":"2025-09-01T16:16:06","date_gmt":"2025-09-01T14:16:06","guid":{"rendered":"https:\/\/lucacastelli.com\/prodotto\/la-sportiva-bushido-iii-gtx-2\/"},"modified":"2025-09-01T16:16:06","modified_gmt":"2025-09-01T14:16:06","slug":"la-sportiva-bushido-iii-gtx-2","status":"publish","type":"product","link":"https:\/\/lucacastelli.com\/fr\/produit\/la-sportiva-bushido-iii-gtx-2\/","title":{"rendered":"La Sportiva Bushido III GTX"},"content":{"rendered":"<p>Bushido III Gore-Tex, une chaussure d\u00e9di\u00e9e au monde du skyrace, stable et adh\u00e9rente, d\u00e9sormais \u00e9galement dot\u00e9e d&#8217;une membrane GORE-TEX Invisible Fit pour garantir protection et flexibilit\u00e9 dans toutes les conditions. Double option d&#8217;ajustement, la forme Bushido classique, enveloppante et pr\u00e9cise, et, une deuxi\u00e8me version WIDE : m\u00eame sensation de confort mais avec des volumes l\u00e9g\u00e8rement plus grands. <\/p>\n<p>&nbsp;<\/p>\n<div class=\"data item title\" tabindex=\"0\" data-role=\"title\" aria-expanded=\"true\" aria-selected=\"true\">\n<h3 id=\"tab-label-techinfo\" class=\"switch-title\">Infos techniques<\/h3>\n<\/div>\n<div class=\"data item content\" aria-labelledby=\"tab-label-techinfo\" data-role=\"content\" aria-hidden=\"false\">\n<div class=\"techinfo-container\">\n<div class=\"techinfo-description\"><b>Poids :<\/b><br \/>\n310 1\/2 PAIRE<br \/>\n<b>Semelle int\u00e9rieure :<\/b><br \/>\nOrtholite\u00ae Hybrid Mountain Running\u00ae Ergonomic 4 mm<br \/>\n<b>Semelle ext\u00e9rieure :<\/b><br \/>\nBi-compound FriXion\u00ae Red avec Impact Brake System Blocs lat\u00e9raux Mountain Running<br \/>\n<b>Semelle interm\u00e9diaire :<\/b><br \/>\nEVA compression + Stability Control Insert et rock guard insert<br \/>\n<b>Doublure :<\/b><br \/>\nGORE-TEX Invisible Fit<br \/>\n<b>Dessus :<\/b><br \/>\nAir mesh respirant + renforts TPU thermo-adh\u00e9sifs + panneaux lat\u00e9raux en nylon mono-bava<\/div>\n<\/div>\n<\/div>\n<div><\/div>\n<div><\/div>\n<div><\/div>\n<div>\n<div class=\"data item title\" tabindex=\"0\" data-role=\"title\" aria-expanded=\"true\" aria-selected=\"true\">\n<h3 id=\"tab-label-plus\" class=\"switch-title\">plus<\/h3>\n<\/div>\n<div class=\"data item content\" aria-labelledby=\"tab-label-plus\" data-role=\"content\" aria-hidden=\"false\">\n<div class=\"plus-container\">+ Nouvelle option de coupe large<br \/>\n+ Panneaux lat\u00e9raux pour une meilleure respirabilit\u00e9<br \/>\n+ Construction de la tige \u00e0 enfiler :<br \/>\n le pied comme une chaussette sans le comprimer<br \/>\nni exercer de points de pression<br \/>\n+ Sensation au sol assur\u00e9e en m\u00eame temps que stabilit\u00e9 et pr\u00e9cision<br \/>\n+ Membrane GORE-TEX Invisible Fit ePE, sans PFC<br \/>\n+ La semelle FriXion\u00ae Red bi-compound pr\u00e9sente<br \/>\ndes surfaces de contact diff\u00e9renci\u00e9es garantissant<br \/>\nune adh\u00e9rence maximale sur tous les types de terrain.<\/div>\n<\/div>\n<\/div>\n<div><\/div>\n","protected":false},"excerpt":{"rendered":"<p>Bushido III Gore-Tex, une chaussure d\u00e9di\u00e9e au monde du skyrace, stable et adh\u00e9rente, d\u00e9sormais \u00e9galement dot\u00e9e d&#8217;une membrane GORE-TEX Invisible<\/p>\n","protected":false},"featured_media":627620,"template":"","meta":{"_seopress_robots_primary_cat":"none","_seopress_titles_title":"","_seopress_titles_desc":"","_seopress_robots_index":""},"product_brand":[3648],"product_cat":[173,1420,1432],"product_tag":[],"class_list":{"0":"post-628892","1":"product","2":"type-product","3":"status-publish","4":"has-post-thumbnail","6":"product_brand-la-sportiva-fr","7":"product_cat-chaussures","8":"product_cat-chaussures-de-loisirs","9":"product_cat-chaussures-pour-hommes","10":"sws-gruppo-abb-libero-fr","11":"sws-conto-ricavi-merci-rivendita-abbigliamento-fr","12":"sws-gruppo-iva-iva81-fr","14":"first","15":"instock","16":"shipping-taxable","17":"purchasable","18":"product-type-variable","19":"has-default-attributes"},"_links":{"self":[{"href":"https:\/\/lucacastelli.com\/fr\/wp-json\/wp\/v2\/product\/628892","targetHints":{"allow":["GET"]}}],"collection":[{"href":"https:\/\/lucacastelli.com\/fr\/wp-json\/wp\/v2\/product"}],"about":[{"href":"https:\/\/lucacastelli.com\/fr\/wp-json\/wp\/v2\/types\/product"}],"wp:featuredmedia":[{"embeddable":true,"href":"https:\/\/lucacastelli.com\/fr\/wp-json\/wp\/v2\/media\/627620"}],"wp:attachment":[{"href":"https:\/\/lucacastelli.com\/fr\/wp-json\/wp\/v2\/media?parent=628892"}],"wp:term":[{"taxonomy":"product_brand","embeddable":true,"href":"https:\/\/lucacastelli.com\/fr\/wp-json\/wp\/v2\/product_brand?post=628892"},{"taxonomy":"product_cat","embeddable":true,"href":"https:\/\/lucacastelli.com\/fr\/wp-json\/wp\/v2\/product_cat?post=628892"},{"taxonomy":"product_tag","embeddable":true,"href":"https:\/\/lucacastelli.com\/fr\/wp-json\/wp\/v2\/product_tag?post=628892"}],"curies":[{"name":"wp","href":"https:\/\/api.w.org\/{rel}","templated":true}]}}