{"id":628873,"date":"2025-09-02T11:51:06","date_gmt":"2025-09-02T09:51:06","guid":{"rendered":"https:\/\/lucacastelli.com\/prodotto\/petzl-avao-fast-version-europeenne-3\/"},"modified":"2025-09-02T11:51:06","modified_gmt":"2025-09-02T09:51:06","slug":"petzl-avao-fast-version-europeenne-3","status":"publish","type":"product","link":"https:\/\/lucacastelli.com\/fr\/produit\/petzl-avao-fast-version-europeenne-3\/","title":{"rendered":"PETZL AVAO\u00ae FAST Version europ\u00e9enne"},"content":{"rendered":"<p class=\"productSubtitle\">Harnais confortable et polyvalent pour le travail en hauteur<\/p>\n<div class=\"productCaracteristiquesPosition inlineblock\">\n<p class=\"productCaracteristiques inlineblock\">Le harnais AVAO FAST est sp\u00e9cialement con\u00e7u pour les travailleurs en hauteur. Sa conception est adapt\u00e9e aux exigences sp\u00e9cifiques du positionnement de travail et de la descente de c\u00e2ble. Le rembourrage pr\u00e9form\u00e9 et la structure semi-rigide de la ceinture et des tours de cuisse garantissent un confort d\u2019utilisation. La ceinture, avec les points d\u2019attache lat\u00e9raux m\u00e9talliques, les boucles d\u2019\u00e9quipement et les boucles d\u2019outils, permet d\u2019organiser tout le mat\u00e9riel n\u00e9cessaire \u00e0 une journ\u00e9e de travail. Le r\u00e9glage est \u00e9galement rapide et facile, gr\u00e2ce aux boucles autobloquantes DOUBLEBACK et aux boucles ouvrantes FAST.    <\/p>\n<\/div>\n<p>&nbsp;<\/p>\n<h3>Description d\u00e9taill\u00e9e<\/h3>\n<div class=\"list\">\n<ul>\n<li>Construction confortable :<br \/>\n&#8211; les bretelles s\u00e9par\u00e9es du cou limitent les frottements,<br \/>\n&#8211; les bretelles fines et coulissantes permettent une plus grande libert\u00e9 et facilit\u00e9 de mouvement,<br \/>\n&#8211; toutes les zones de contact, bretelles, ceinture et tours de cuisse, avec rembourrage pr\u00e9form\u00e9 et recouvert d\u2019un tissu respirant, permettent \u00e0 l\u2019utilisateur de bouger et de travailler confortablement,<br \/>\n&#8211; la ceinture et les tours de cuisse semi-rigides garantissent un ajustement parfait et l\u2019\u00e9tanch\u00e9it\u00e9 du harnais au corps de l\u2019utilisateur,<br \/>\n&#8211; Les points d\u2019attache lat\u00e9raux en m\u00e9tal sont pliables pour \u00e9viter qu\u2019ils ne soient fix\u00e9s par inadvertance lorsqu\u2019ils ne sont pas utilis\u00e9s.<br \/>\n&#8211; L\u2019arri\u00e8re des tours de cuisse est \u00e9quip\u00e9 de sangles \u00e9lastiques (rempla\u00e7ables &#8211; disponibles en tant qu\u2019accessoire) pour maintenir le bon ajustement \u00e0 la fois lors de la conduite et lorsqu\u2019il est suspendu.<\/li>\n<li>R\u00e9glage confortable et rapide :<br \/>\n&#8211; le r\u00e9glage est pratique, simple et rapide, gr\u00e2ce aux boucles autobloquantes DOUBLEBACK des bretelles et de la ceinture et aux boucles ouvrantes FAST des tours de cuisse,<br \/>\n &#8211; les \u00e9l\u00e9ments antid\u00e9rapants, install\u00e9s sur les boucles DOUBLEBACK, vous permettent de maintenir le r\u00e9glage correct pendant toutes les phases de travail.<\/li>\n<li>Conception qui facilite le transport et l\u2019organisation du mat\u00e9riel :<br \/>\n&#8211; Ventral en m\u00e9tal \u00e9quip\u00e9 de points de connexion pour l\u2019installation d\u2019un si\u00e8ge PODIUM ou LITEPOD,<br \/>\n&#8211; Point de connexion ventral \u00e9quip\u00e9 d\u2019une boucle textile d\u00e9di\u00e9e, qui permet l\u2019installation d\u2019une longe au moyen d\u2019un anneau de connexion RING OPEN,<br \/>\n&#8211; deux points d\u2019attache lat\u00e9raux en m\u00e9tal pour la connexion d\u2019une longe de positionnement double,<br \/>\n&#8211; cinq boucles d\u2019\u00e9quipement pr\u00e9form\u00e9es avec gaine de protection,<br \/>\n &#8211; deux boucles pour les boucles d\u2019\u00e9quipement CARITOOL ou l\u2019\u00e9l\u00e9ment de liaison INTERFAST.<\/li>\n<\/ul>\n<\/div>\n<p>&nbsp;<\/p>\n<h3>Caract\u00e9ristiques<\/h3>\n<div class=\"list\">\n<ul>\n<li>Point d&#8217;attache ventral : connexion d&#8217;un descendeur, d&#8217;une longe de positionnement utilis\u00e9e s\u00e9par\u00e9ment, d&#8217;un si\u00e8ge sur le D ventral et d&#8217;une longe via un ANNEAU OUVERT reli\u00e9 au point d&#8217;attache textile.<\/li>\n<li>Points d\u2019attache lat\u00e9raux : connexion d\u2019une longe de positionnement utilis\u00e9e en double.<\/li>\n<li>Point d\u2019attache sternal : connexion d\u2019un syst\u00e8me antichute.<\/li>\n<li>Point d\u2019attache dorsal : connexion d\u2019un syst\u00e8me antichute.<\/li>\n<li>Point d\u2019attache \u00e0 l\u2019arri\u00e8re de la ceinture : connexion d\u2019une longe de retenue.<\/li>\n<li>Certification(s) : CE EN 361, EN 813, EN 358<\/li>\n<li>Mat\u00e9riaux : polyamide, polyester, aluminium, acier<\/li>\n<\/ul>\n<\/div>\n<p>&nbsp;<\/p>\n<p>&nbsp;<\/p>\n<p>&nbsp;<\/p>\n<table>\n<tbody>\n<tr>\n<th class=\"rowTitle\">Num\u00e9ros d\u2019article<\/th>\n<th>C071BB00<\/th>\n<th>C071BB01<\/th>\n<th>C071BB02<\/th>\n<th>C071BB03<\/th>\n<th>C071BB04<\/th>\n<th>C071BB05<\/th>\n<\/tr>\n<tr>\n<td class=\"rowTitle\">Couleur(s)<\/td>\n<td>Noir, Jaune<\/td>\n<td>Noir, Jaune<\/td>\n<td>Noir, Jaune<\/td>\n<td>noir<\/td>\n<td>noir<\/td>\n<td>noir<\/td>\n<\/tr>\n<tr>\n<td class=\"rowTitle\">Taille<\/td>\n<td>0<\/td>\n<td>1<\/td>\n<td>2<\/td>\n<td>0<\/td>\n<td>1<\/td>\n<td>2<\/td>\n<\/tr>\n<tr>\n<td class=\"rowTitle\">Taille<\/td>\n<td>65 \u00e0 80 cm<\/td>\n<td>70 \u00e0 93 cm<\/td>\n<td>83 \u00e0 120 cm<\/td>\n<td>65 \u00e0 80 cm<\/td>\n<td>70 \u00e0 93 cm<\/td>\n<td>83 \u00e0 120 cm<\/td>\n<\/tr>\n<tr>\n<td class=\"rowTitle\">Ceinture de cuisse<\/td>\n<td>44 \u00e0 59 cm<\/td>\n<td>47 \u00e0 62 cm<\/td>\n<td>50 \u00e0 65 cm<\/td>\n<td>44 \u00e0 59 cm<\/td>\n<td>47 \u00e0 62 cm<\/td>\n<td>50 \u00e0 65 cm<\/td>\n<\/tr>\n<tr>\n<td class=\"rowTitle\">Stature<\/td>\n<td>160 \u00e0 180 cm<\/td>\n<td>165 \u00e0 185 cm<\/td>\n<td>175 \u00e0 200 cm<\/td>\n<td>160 \u00e0 180 cm<\/td>\n<td>165 \u00e0 185 cm<\/td>\n<td>175 \u00e0 200 cm<\/td>\n<\/tr>\n<tr>\n<td class=\"rowTitle\">Poids<\/td>\n<td>1695 grammes<\/td>\n<td>1735 grammes<\/td>\n<td>1835 grammes<\/td>\n<td>1695 grammes<\/td>\n<td>1735 grammes<\/td>\n<td>1835 grammes<\/td>\n<\/tr>\n<tr>\n<td class=\"rowTitle\">Garantie<\/td>\n<td>3 ans<\/td>\n<td>3 ans<\/td>\n<td>3 ans<\/td>\n<td>3 ans<\/td>\n<td>3 ans<\/td>\n<td>3 ans<\/td>\n<\/tr>\n<tr>\n<td class=\"rowTitle\">Emballage<\/td>\n<td>1<\/td>\n<td>1<\/td>\n<td>1<\/td>\n<td>1<\/td>\n<td>1<\/td>\n<td>1<\/td>\n<\/tr>\n<\/tbody>\n<\/table>\n","protected":false},"excerpt":{"rendered":"<p>Harnais confortable et polyvalent pour le travail en hauteur Le harnais AVAO FAST est sp\u00e9cialement con\u00e7u pour les travailleurs en<\/p>\n","protected":false},"featured_media":627830,"template":"","meta":{"_seopress_robots_primary_cat":"none","_seopress_titles_title":"","_seopress_titles_desc":"","_seopress_robots_index":""},"product_brand":[3446],"product_cat":[33,537,814],"product_tag":[],"class_list":{"0":"post-628873","1":"product","2":"type-product","3":"status-publish","4":"has-post-thumbnail","6":"product_brand-petzl","7":"product_cat-attrezzature","8":"product_cat-attrezzatura-da-lavoro","9":"product_cat-imbraghi-e-materiale-di-sicurezza","10":"sws-gruppo-attrezz-fr","11":"sws-conto-ricavi-merci-rivendita-abbigliamento-fr","12":"sws-gruppo-iva-iva81-fr","14":"first","15":"instock","16":"shipping-taxable","17":"purchasable","18":"product-type-variable","19":"has-default-attributes"},"_links":{"self":[{"href":"https:\/\/lucacastelli.com\/fr\/wp-json\/wp\/v2\/product\/628873","targetHints":{"allow":["GET"]}}],"collection":[{"href":"https:\/\/lucacastelli.com\/fr\/wp-json\/wp\/v2\/product"}],"about":[{"href":"https:\/\/lucacastelli.com\/fr\/wp-json\/wp\/v2\/types\/product"}],"wp:featuredmedia":[{"embeddable":true,"href":"https:\/\/lucacastelli.com\/fr\/wp-json\/wp\/v2\/media\/627830"}],"wp:attachment":[{"href":"https:\/\/lucacastelli.com\/fr\/wp-json\/wp\/v2\/media?parent=628873"}],"wp:term":[{"taxonomy":"product_brand","embeddable":true,"href":"https:\/\/lucacastelli.com\/fr\/wp-json\/wp\/v2\/product_brand?post=628873"},{"taxonomy":"product_cat","embeddable":true,"href":"https:\/\/lucacastelli.com\/fr\/wp-json\/wp\/v2\/product_cat?post=628873"},{"taxonomy":"product_tag","embeddable":true,"href":"https:\/\/lucacastelli.com\/fr\/wp-json\/wp\/v2\/product_tag?post=628873"}],"curies":[{"name":"wp","href":"https:\/\/api.w.org\/{rel}","templated":true}]}}