{"id":628754,"date":"2025-08-07T20:27:07","date_gmt":"2025-08-07T18:27:07","guid":{"rendered":"https:\/\/lucacastelli.com\/prodotto\/cles-a-cliquet-combinees-milwaukee-max-bite-32\/"},"modified":"2025-08-07T20:27:07","modified_gmt":"2025-08-07T18:27:07","slug":"cles-a-cliquet-combinees-milwaukee-max-bite-32","status":"publish","type":"product","link":"https:\/\/lucacastelli.com\/fr\/produit\/cles-a-cliquet-combinees-milwaukee-max-bite-32\/","title":{"rendered":"Cl\u00e9s \u00e0 cliquet combin\u00e9es Milwaukee MAX BITE\u2122"},"content":{"rendered":"<p>CL\u00c9 \u00c0 CLIQUET COMBI. SNOD 21mm &#8211; Maxbite<br \/>\nLa t\u00eate articul\u00e9e pivote jusqu&#8217;\u00e0 180\u00b0 pour un acc\u00e8s maximal aux espaces restreints;L&#8217;ouverture MAX BITE\u2122 r\u00e9duit la flexion et l&#8217;\u00e9caillage;144 dents de cliquet avec 2,5\u00b0 d&#8217;inclinaison pour travailler dans les espaces les plus restreints;Double cliquet pour un m\u00e9canisme durable et p\u00e9renne;Poign\u00e9e arrondie en I pour une prise en main confortable;S\u00e9rigraphie laser \u00e0 l&#8217;encre pour une meilleure visibilit\u00e9;Finition chrom\u00e9e. <\/p>\n<p>4932480194<br \/>\n4058546404796<\/p>\n","protected":false},"excerpt":{"rendered":"<p>CL\u00c9 \u00c0 MOLETTE COMBI JACK. SNOD 21mm &#8211; Maxbite <\/p>\n","protected":false},"featured_media":541097,"template":"","meta":{"_seopress_robots_primary_cat":"","_seopress_titles_title":"","_seopress_titles_desc":"","_seopress_robots_index":""},"product_brand":[3407],"product_cat":[5416,33],"product_tag":[3270],"class_list":{"0":"post-628754","1":"product","2":"type-product","3":"status-publish","4":"has-post-thumbnail","6":"product_brand-milwaukee","7":"product_cat-utensili-per-officina","8":"product_cat-attrezzature","9":"product_tag-import-milwau","10":"sws-conto-ricavi-merci-rivendita-macchinari-fr","11":"sws-gruppo-iva-iva81-fr","13":"first","14":"onbackorder","15":"sale","16":"shipping-taxable","17":"purchasable","18":"product-type-simple"},"_links":{"self":[{"href":"https:\/\/lucacastelli.com\/fr\/wp-json\/wp\/v2\/product\/628754","targetHints":{"allow":["GET"]}}],"collection":[{"href":"https:\/\/lucacastelli.com\/fr\/wp-json\/wp\/v2\/product"}],"about":[{"href":"https:\/\/lucacastelli.com\/fr\/wp-json\/wp\/v2\/types\/product"}],"wp:featuredmedia":[{"embeddable":true,"href":"https:\/\/lucacastelli.com\/fr\/wp-json\/wp\/v2\/media\/541097"}],"wp:attachment":[{"href":"https:\/\/lucacastelli.com\/fr\/wp-json\/wp\/v2\/media?parent=628754"}],"wp:term":[{"taxonomy":"product_brand","embeddable":true,"href":"https:\/\/lucacastelli.com\/fr\/wp-json\/wp\/v2\/product_brand?post=628754"},{"taxonomy":"product_cat","embeddable":true,"href":"https:\/\/lucacastelli.com\/fr\/wp-json\/wp\/v2\/product_cat?post=628754"},{"taxonomy":"product_tag","embeddable":true,"href":"https:\/\/lucacastelli.com\/fr\/wp-json\/wp\/v2\/product_tag?post=628754"}],"curies":[{"name":"wp","href":"https:\/\/api.w.org\/{rel}","templated":true}]}}