{"id":628706,"date":"2025-08-07T20:15:25","date_gmt":"2025-08-07T18:15:25","guid":{"rendered":"https:\/\/lucacastelli.com\/prodotto\/milwaukee-ciseaux-a-double-levier-lames-longues-et-angulaires-droit\/"},"modified":"2025-08-07T20:15:25","modified_gmt":"2025-08-07T18:15:25","slug":"milwaukee-ciseaux-a-double-levier-lames-longues-et-angulaires-droit","status":"publish","type":"product","link":"https:\/\/lucacastelli.com\/fr\/produit\/milwaukee-ciseaux-a-double-levier-lames-longues-et-angulaires-droit\/","title":{"rendered":"Milwaukee Ciseaux \u00e0 double levier Lames longues et angulaires &#8211; DROIT"},"content":{"rendered":"<p>CISEAUX \u00c0 DOUBLE LEVIER ET \u00c0 LONGUE LAME OBLIQUE &#8211; DROITE<br \/>\nCISEAUX \u00c0 DOUBLE LEVIER ET \u00c0 LONGUE LAME OBLIQUE<\/p>\n<p>4932499021<br \/>\n4058546528904<\/p>\n","protected":false},"excerpt":{"rendered":"<p>CISAILLE \u00c0 DOUBLE LEVIER LONGUES LAMES DROITES<\/p>\n","protected":false},"featured_media":592327,"template":"","meta":{"_seopress_robots_primary_cat":"","_seopress_titles_title":"","_seopress_titles_desc":"","_seopress_robots_index":""},"product_brand":[3407],"product_cat":[5416,33],"product_tag":[3270],"class_list":{"0":"post-628706","1":"product","2":"type-product","3":"status-publish","4":"has-post-thumbnail","6":"product_brand-milwaukee","7":"product_cat-utensili-per-officina","8":"product_cat-attrezzature","9":"product_tag-import-milwau","10":"sws-conto-ricavi-merci-rivendita-macchinari-fr","11":"sws-gruppo-iva-iva81-fr","13":"first","14":"onbackorder","15":"sale","16":"shipping-taxable","17":"purchasable","18":"product-type-simple"},"_links":{"self":[{"href":"https:\/\/lucacastelli.com\/fr\/wp-json\/wp\/v2\/product\/628706","targetHints":{"allow":["GET"]}}],"collection":[{"href":"https:\/\/lucacastelli.com\/fr\/wp-json\/wp\/v2\/product"}],"about":[{"href":"https:\/\/lucacastelli.com\/fr\/wp-json\/wp\/v2\/types\/product"}],"wp:featuredmedia":[{"embeddable":true,"href":"https:\/\/lucacastelli.com\/fr\/wp-json\/wp\/v2\/media\/592327"}],"wp:attachment":[{"href":"https:\/\/lucacastelli.com\/fr\/wp-json\/wp\/v2\/media?parent=628706"}],"wp:term":[{"taxonomy":"product_brand","embeddable":true,"href":"https:\/\/lucacastelli.com\/fr\/wp-json\/wp\/v2\/product_brand?post=628706"},{"taxonomy":"product_cat","embeddable":true,"href":"https:\/\/lucacastelli.com\/fr\/wp-json\/wp\/v2\/product_cat?post=628706"},{"taxonomy":"product_tag","embeddable":true,"href":"https:\/\/lucacastelli.com\/fr\/wp-json\/wp\/v2\/product_tag?post=628706"}],"curies":[{"name":"wp","href":"https:\/\/api.w.org\/{rel}","templated":true}]}}