{"id":628690,"date":"2025-08-07T20:15:22","date_gmt":"2025-08-07T18:15:22","guid":{"rendered":"https:\/\/lucacastelli.com\/prodotto\/milwaukee-ciseaux-a-double-levier-lames-courbes-sx\/"},"modified":"2025-08-07T20:15:22","modified_gmt":"2025-08-07T18:15:22","slug":"milwaukee-ciseaux-a-double-levier-lames-courbes-sx","status":"publish","type":"product","link":"https:\/\/lucacastelli.com\/fr\/produit\/milwaukee-ciseaux-a-double-levier-lames-courbes-sx\/","title":{"rendered":"Milwaukee Ciseaux \u00e0 double levier Lames courbes &#8211; SX"},"content":{"rendered":"<p>Ciseaux \u00e0 double levier lames courbes &#8211; SX<br \/>\nCISEAUX \u00c0 DOUBLE LEVIER LAME COURBE &#8211; SX<br \/>\nCiseaux pour coupes droites et coupes d&#8217;onglets;Extra tranchant, pour un glissement facile de la lame sur le mat\u00e9riau sans bavures;Conception de l&#8217;outil \u00e0 levier pour r\u00e9duire la fatigue de la main pendant l&#8217;application, m\u00eame sur les mat\u00e9riaux \u00e9pais;Lames m\u00e9talliques extra r\u00e9sistantes 65 HRC;M\u00e9canisme de d\u00e9verrouillage \u00e0 une main;Conception compacte;Pour les coupes courtes, droites et d&#8217;onglets. Id\u00e9al pour les coupes \u00e0 rayon \u00e9troit;Lames longues pour les coupes profondes et continues;Identification facile du sens de coupe sur la t\u00eate et la poign\u00e9e et code couleur. <\/p>\n<p>4932499011<br \/>\n4058546528805<\/p>\n","protected":false},"excerpt":{"rendered":"<p>CISAILLE \u00c0 DOUBLE LEVIER LAMES COURBES &#8211; GAUCHE<\/p>\n","protected":false},"featured_media":592257,"template":"","meta":{"_seopress_robots_primary_cat":"","_seopress_titles_title":"","_seopress_titles_desc":"","_seopress_robots_index":""},"product_brand":[3407],"product_cat":[5416,33],"product_tag":[3270],"class_list":{"0":"post-628690","1":"product","2":"type-product","3":"status-publish","4":"has-post-thumbnail","6":"product_brand-milwaukee","7":"product_cat-utensili-per-officina","8":"product_cat-attrezzature","9":"product_tag-import-milwau","10":"sws-conto-ricavi-merci-rivendita-macchinari-fr","11":"sws-gruppo-iva-iva81-fr","13":"first","14":"onbackorder","15":"sale","16":"shipping-taxable","17":"purchasable","18":"product-type-simple"},"_links":{"self":[{"href":"https:\/\/lucacastelli.com\/fr\/wp-json\/wp\/v2\/product\/628690","targetHints":{"allow":["GET"]}}],"collection":[{"href":"https:\/\/lucacastelli.com\/fr\/wp-json\/wp\/v2\/product"}],"about":[{"href":"https:\/\/lucacastelli.com\/fr\/wp-json\/wp\/v2\/types\/product"}],"wp:featuredmedia":[{"embeddable":true,"href":"https:\/\/lucacastelli.com\/fr\/wp-json\/wp\/v2\/media\/592257"}],"wp:attachment":[{"href":"https:\/\/lucacastelli.com\/fr\/wp-json\/wp\/v2\/media?parent=628690"}],"wp:term":[{"taxonomy":"product_brand","embeddable":true,"href":"https:\/\/lucacastelli.com\/fr\/wp-json\/wp\/v2\/product_brand?post=628690"},{"taxonomy":"product_cat","embeddable":true,"href":"https:\/\/lucacastelli.com\/fr\/wp-json\/wp\/v2\/product_cat?post=628690"},{"taxonomy":"product_tag","embeddable":true,"href":"https:\/\/lucacastelli.com\/fr\/wp-json\/wp\/v2\/product_tag?post=628690"}],"curies":[{"name":"wp","href":"https:\/\/api.w.org\/{rel}","templated":true}]}}